{"id":7879,"date":"2019-02-06T06:43:33","date_gmt":"2019-02-06T05:43:33","guid":{"rendered":"https:\/\/www.faserbeton.net\/produkte\/abstandhalter-aus-extrudiertem-faserbeton\/quadrato-concavo\/"},"modified":"2025-03-28T17:21:50","modified_gmt":"2025-03-28T16:21:50","slug":"vierkant-konkav","status":"publish","type":"page","link":"https:\/\/www.faserbeton.net\/de\/produkte\/abstandhalter-aus-extrudiertem-faserbeton\/vierkant-konkav\/","title":{"rendered":"Vierkant konkav"},"content":{"rendered":"\t\t<div data-elementor-type=\"wp-post\" data-elementor-id=\"7879\" class=\"elementor elementor-7879 elementor-4227\" data-elementor-settings=\"[]\">\n\t\t\t\t\t\t\t<div class=\"elementor-section-wrap\">\n\t\t\t\t\t\t\t<section class=\"elementor-section elementor-top-section elementor-element elementor-element-a5bfe26 elementor-section-height-min-height elementor-section-boxed elementor-section-height-default elementor-section-items-middle\" data-id=\"a5bfe26\" data-element_type=\"section\" data-settings=\"{&quot;background_background&quot;:&quot;classic&quot;}\">\n\t\t\t\t\t\t\t<div class=\"elementor-background-overlay\"><\/div>\n\t\t\t\t\t\t\t<div class=\"elementor-container elementor-column-gap-default\">\n\t\t\t\t\t<div class=\"elementor-column elementor-col-100 elementor-top-column elementor-element elementor-element-6faf726\" data-id=\"6faf726\" data-element_type=\"column\">\n\t\t\t<div class=\"elementor-widget-wrap\">\n\t\t\t\t\t\t\t\t\t<\/div>\n\t\t<\/div>\n\t\t\t\t\t\t\t<\/div>\n\t\t<\/section>\n\t\t\t\t<section class=\"elementor-section elementor-top-section elementor-element elementor-element-4b0b97e elementor-section-boxed elementor-section-height-default elementor-section-height-default\" data-id=\"4b0b97e\" data-element_type=\"section\" data-settings=\"{&quot;background_background&quot;:&quot;classic&quot;}\">\n\t\t\t\t\t\t<div class=\"elementor-container elementor-column-gap-default\">\n\t\t\t\t\t<div class=\"elementor-column elementor-col-100 elementor-top-column elementor-element elementor-element-e9907ba\" data-id=\"e9907ba\" data-element_type=\"column\">\n\t\t\t<div class=\"elementor-widget-wrap elementor-element-populated\">\n\t\t\t\t\t\t\t\t<div class=\"elementor-element elementor-element-570ca24 elementor-align-left elementor-widget elementor-widget-raven-breadcrumbs\" data-id=\"570ca24\" data-element_type=\"widget\" data-widget_type=\"raven-breadcrumbs.default\">\n\t\t\t\t<div class=\"elementor-widget-container\">\n\t\t\t<div class=\"raven-breadcrumbs raven-breadcrumbs-default\"><ol class=\"breadcrumb\">\t\t\t\t<li class=\"breadcrumb-item active\" aria-current=\"page\"><span>Home<\/span><\/li>\n\n\t\t\t\t<\/ol><\/div>\t\t<\/div>\n\t\t\t\t<\/div>\n\t\t\t\t\t<\/div>\n\t\t<\/div>\n\t\t\t\t\t\t\t<\/div>\n\t\t<\/section>\n\t\t\t\t<section class=\"elementor-section elementor-top-section elementor-element elementor-element-43be633 elementor-section-content-middle elementor-section-boxed elementor-section-height-default elementor-section-height-default\" data-id=\"43be633\" data-element_type=\"section\">\n\t\t\t\t\t\t<div class=\"elementor-container elementor-column-gap-default\">\n\t\t\t\t\t<div class=\"elementor-column elementor-col-50 elementor-top-column elementor-element elementor-element-7a2b945\" data-id=\"7a2b945\" data-element_type=\"column\">\n\t\t\t<div class=\"elementor-widget-wrap elementor-element-populated\">\n\t\t\t\t\t\t\t\t<section class=\"elementor-section elementor-inner-section elementor-element elementor-element-34085e1 elementor-section-content-middle elementor-section-boxed elementor-section-height-default elementor-section-height-default\" data-id=\"34085e1\" data-element_type=\"section\">\n\t\t\t\t\t\t<div class=\"elementor-container elementor-column-gap-default\">\n\t\t\t\t\t<div class=\"elementor-column elementor-col-50 elementor-inner-column elementor-element elementor-element-ed86714\" data-id=\"ed86714\" data-element_type=\"column\">\n\t\t\t<div class=\"elementor-widget-wrap elementor-element-populated\">\n\t\t\t\t\t\t\t\t<div class=\"elementor-element elementor-element-c5f68c3 elementor-widget-divider--view-line elementor-widget elementor-widget-divider\" data-id=\"c5f68c3\" data-element_type=\"widget\" data-widget_type=\"divider.default\">\n\t\t\t\t<div class=\"elementor-widget-container\">\n\t\t\t\t\t<div class=\"elementor-divider\">\n\t\t\t<span class=\"elementor-divider-separator\">\n\t\t\t\t\t\t<\/span>\n\t\t<\/div>\n\t\t\t\t<\/div>\n\t\t\t\t<\/div>\n\t\t\t\t\t<\/div>\n\t\t<\/div>\n\t\t\t\t<div class=\"elementor-column elementor-col-50 elementor-inner-column elementor-element elementor-element-45d0f6d\" data-id=\"45d0f6d\" data-element_type=\"column\">\n\t\t\t<div class=\"elementor-widget-wrap elementor-element-populated\">\n\t\t\t\t\t\t\t\t<div class=\"elementor-element elementor-element-bcfacc7 elementor-widget elementor-widget-text-editor\" data-id=\"bcfacc7\" data-element_type=\"widget\" data-widget_type=\"text-editor.default\">\n\t\t\t\t<div class=\"elementor-widget-container\">\n\t\t\t\t\t\t\t\t<p class=\"p1\">PRODUKTE<\/p>\t\t\t\t\t\t<\/div>\n\t\t\t\t<\/div>\n\t\t\t\t\t<\/div>\n\t\t<\/div>\n\t\t\t\t\t\t\t<\/div>\n\t\t<\/section>\n\t\t\t\t<div class=\"elementor-element elementor-element-b487309 elementor-align-left elementor-widget elementor-widget-raven-heading\" data-id=\"b487309\" data-element_type=\"widget\" data-widget_type=\"raven-heading.default\">\n\t\t\t\t<div class=\"elementor-widget-container\">\n\t\t\t\t\t<div class=\"raven-widget-wrapper\"><h2 class=\"raven-heading raven-heading-h2\"><span class=\"raven-heading-title\">Vierkant konkav<\/span><\/h2><\/div>\n\t\t\t\t<\/div>\n\t\t\t\t<\/div>\n\t\t\t\t<div class=\"elementor-element elementor-element-536e62b elementor-widget elementor-widget-text-editor\" data-id=\"536e62b\" data-element_type=\"widget\" data-widget_type=\"text-editor.default\">\n\t\t\t\t<div class=\"elementor-widget-container\">\n\t\t\t\t\t\t\t\t<p class=\"p1\">Abstandhalter aus extrudiertem Faserbeton als Konkavvierkant<\/p>\t\t\t\t\t\t<\/div>\n\t\t\t\t<\/div>\n\t\t\t\t\t<\/div>\n\t\t<\/div>\n\t\t\t\t<div class=\"elementor-column elementor-col-50 elementor-top-column elementor-element elementor-element-1a7c314\" data-id=\"1a7c314\" data-element_type=\"column\">\n\t\t\t<div class=\"elementor-widget-wrap\">\n\t\t\t\t\t\t\t\t\t<\/div>\n\t\t<\/div>\n\t\t\t\t\t\t\t<\/div>\n\t\t<\/section>\n\t\t\t\t<section class=\"elementor-section elementor-top-section elementor-element elementor-element-1555ece elementor-section-boxed elementor-section-height-default elementor-section-height-default\" data-id=\"1555ece\" data-element_type=\"section\">\n\t\t\t\t\t\t<div class=\"elementor-container elementor-column-gap-default\">\n\t\t\t\t\t<div class=\"elementor-column elementor-col-33 elementor-top-column elementor-element elementor-element-d919480\" data-id=\"d919480\" data-element_type=\"column\">\n\t\t\t<div class=\"elementor-widget-wrap elementor-element-populated\">\n\t\t\t\t\t\t\t\t<div class=\"elementor-element elementor-element-a8bc0bb elementor-widget elementor-widget-image\" data-id=\"a8bc0bb\" data-element_type=\"widget\" data-widget_type=\"image.default\">\n\t\t\t\t<div class=\"elementor-widget-container\">\n\t\t\t\t\t\t\t\t\t\t\t\t\t\t\t<img loading=\"lazy\" decoding=\"async\" width=\"1000\" height=\"750\" src=\"https:\/\/www.faserbeton.net\/wp-content\/uploads\/2021\/07\/FASERBETON_prodotti_quadrato-concavo.jpg\" class=\"attachment-full size-full\" alt=\"\" srcset=\"https:\/\/www.faserbeton.net\/wp-content\/uploads\/2021\/07\/FASERBETON_prodotti_quadrato-concavo.jpg 1000w, https:\/\/www.faserbeton.net\/wp-content\/uploads\/2021\/07\/FASERBETON_prodotti_quadrato-concavo-300x225.jpg 300w, https:\/\/www.faserbeton.net\/wp-content\/uploads\/2021\/07\/FASERBETON_prodotti_quadrato-concavo-768x576.jpg 768w\" sizes=\"(max-width: 1000px) 100vw, 1000px\" \/>\t\t\t\t\t\t\t\t\t\t\t\t\t\t\t<\/div>\n\t\t\t\t<\/div>\n\t\t\t\t\t<\/div>\n\t\t<\/div>\n\t\t\t\t<div class=\"elementor-column elementor-col-33 elementor-top-column elementor-element elementor-element-d28280f\" data-id=\"d28280f\" data-element_type=\"column\">\n\t\t\t<div class=\"elementor-widget-wrap\">\n\t\t\t\t\t\t\t\t\t<\/div>\n\t\t<\/div>\n\t\t\t\t<div class=\"elementor-column elementor-col-33 elementor-top-column elementor-element elementor-element-3ad2bd9\" data-id=\"3ad2bd9\" data-element_type=\"column\">\n\t\t\t<div class=\"elementor-widget-wrap elementor-element-populated\">\n\t\t\t\t\t\t\t\t<div class=\"elementor-element elementor-element-34b627f elementor-widget elementor-widget-text-editor\" data-id=\"34b627f\" data-element_type=\"widget\" data-widget_type=\"text-editor.default\">\n\t\t\t\t<div class=\"elementor-widget-container\">\n\t\t\t\t\t\t\t\t<p class=\"p1\">L\u00e4nge<\/p>\t\t\t\t\t\t<\/div>\n\t\t\t\t<\/div>\n\t\t\t\t<div class=\"elementor-element elementor-element-cbad7b8 elementor-widget elementor-widget-text-editor\" data-id=\"cbad7b8\" data-element_type=\"widget\" data-widget_type=\"text-editor.default\">\n\t\t\t\t<div class=\"elementor-widget-container\">\n\t\t\t\t\t\t\t\t<p>90cm<\/p><p>100 cm<\/p>\t\t\t\t\t\t<\/div>\n\t\t\t\t<\/div>\n\t\t\t\t<div class=\"elementor-element elementor-element-12a499d elementor-widget elementor-widget-image\" data-id=\"12a499d\" data-element_type=\"widget\" data-widget_type=\"image.default\">\n\t\t\t\t<div class=\"elementor-widget-container\">\n\t\t\t\t\t\t\t\t\t\t\t\t\t\t\t<img loading=\"lazy\" decoding=\"async\" width=\"201\" height=\"201\" src=\"https:\/\/www.faserbeton.net\/wp-content\/uploads\/2021\/05\/FASERBETON_icone_prodotti_sito_3.jpg\" class=\"attachment-full size-full\" alt=\"\" srcset=\"https:\/\/www.faserbeton.net\/wp-content\/uploads\/2021\/05\/FASERBETON_icone_prodotti_sito_3.jpg 201w, https:\/\/www.faserbeton.net\/wp-content\/uploads\/2021\/05\/FASERBETON_icone_prodotti_sito_3-150x150.jpg 150w\" sizes=\"(max-width: 201px) 100vw, 201px\" \/>\t\t\t\t\t\t\t\t\t\t\t\t\t\t\t<\/div>\n\t\t\t\t<\/div>\n\t\t\t\t\t<\/div>\n\t\t<\/div>\n\t\t\t\t\t\t\t<\/div>\n\t\t<\/section>\n\t\t\t\t<section class=\"elementor-section elementor-top-section elementor-element elementor-element-5aac6e6 elementor-section-boxed elementor-section-height-default elementor-section-height-default\" data-id=\"5aac6e6\" data-element_type=\"section\">\n\t\t\t\t\t\t<div class=\"elementor-container elementor-column-gap-default\">\n\t\t\t\t\t<div class=\"elementor-column elementor-col-100 elementor-top-column elementor-element elementor-element-04be4e2\" data-id=\"04be4e2\" data-element_type=\"column\">\n\t\t\t<div class=\"elementor-widget-wrap elementor-element-populated\">\n\t\t\t\t\t\t\t\t<div class=\"elementor-element elementor-element-eb07b2c elementor-widget elementor-widget-text-editor\" data-id=\"eb07b2c\" data-element_type=\"widget\" data-widget_type=\"text-editor.default\">\n\t\t\t\t<div class=\"elementor-widget-container\">\n\t\t\t\t\t\t\t\t<table border=\"0\" cellspacing=\"0\"><colgroup width=\"224\"><\/colgroup> <colgroup width=\"204\"><\/colgroup> <colgroup width=\"197\"><\/colgroup> <colgroup width=\"208\"><\/colgroup> <colgroup width=\"305\"><\/colgroup>\n<tbody>\n<tr>\n<td align=\"center\" valign=\"middle\" bgcolor=\"#9E9FA2\" height=\"22\"><b><span style=\"color: #ffffff;\">Artikelnummer<\/span><\/b><\/td>\n<td align=\"center\" valign=\"middle\" bgcolor=\"#9E9FA2\"><b><span style=\"color: #ffffff;\">Betondeckung<\/span><\/b><\/td>\n<td align=\"center\" valign=\"middle\" bgcolor=\"#9E9FA2\"><b><span style=\"color: #ffffff;\">St\u00fcck pro Palette<\/span><\/b><\/td>\n<td align=\"center\" valign=\"middle\" bgcolor=\"#9E9FA2\"><b><span style=\"color: #ffffff;\">Gewicht pro St\u00fcck (KG)<\/span><\/b><\/td>\n<td align=\"center\" valign=\"middle\" bgcolor=\"#9E9FA2\"><b><span style=\"color: #ffffff;\">Gewicht pro Palette (KG)<\/span><\/b><\/td>\n<\/tr>\n<tr>\n<td align=\"center\" height=\"22\">SK9035<\/td>\n<td align=\"center\">35<\/td>\n<td align=\"center\">500<\/td>\n<td align=\"center\">1,56<\/td>\n<td align=\"center\">800<\/td>\n<\/tr>\n<tr>\n<td align=\"center\" bgcolor=\"#F2F2F2\" height=\"22\">SK9040<\/td>\n<td align=\"center\" bgcolor=\"#F2F2F2\">40<\/td>\n<td align=\"center\" bgcolor=\"#F2F2F2\">450<\/td>\n<td align=\"center\" bgcolor=\"#F2F2F2\">2<\/td>\n<td align=\"center\" bgcolor=\"#F2F2F2\">920<\/td>\n<\/tr>\n<tr>\n<td align=\"center\" height=\"22\">SK9050<\/td>\n<td align=\"center\">50<\/td>\n<td align=\"center\">320<\/td>\n<td align=\"center\">3,4<\/td>\n<td align=\"center\">1108<\/td>\n<\/tr>\n<tr>\n<td align=\"center\" bgcolor=\"#F2F2F2\" height=\"22\">SK9060<\/td>\n<td align=\"center\" bgcolor=\"#F2F2F2\">60<\/td>\n<td align=\"center\" bgcolor=\"#F2F2F2\">240<\/td>\n<td align=\"center\" bgcolor=\"#F2F2F2\">4,1<\/td>\n<td align=\"center\" bgcolor=\"#F2F2F2\">1004<\/td>\n<\/tr>\n<tr>\n<td align=\"center\" height=\"22\">SK9075<\/td>\n<td align=\"center\">75<\/td>\n<td align=\"center\">150<\/td>\n<td align=\"center\">6,8<\/td>\n<td align=\"center\">1040<\/td>\n<\/tr>\n<tr>\n<td align=\"center\" bgcolor=\"#F2F2F2\" height=\"22\">SK90100<\/td>\n<td align=\"center\" bgcolor=\"#F2F2F2\">100<\/td>\n<td align=\"center\" bgcolor=\"#F2F2F2\">90<\/td>\n<td align=\"center\" bgcolor=\"#F2F2F2\">12,3<\/td>\n<td align=\"center\" bgcolor=\"#F2F2F2\">1127<\/td>\n<\/tr>\n<\/tbody>\n<\/table>\t\t\t\t\t\t<\/div>\n\t\t\t\t<\/div>\n\t\t\t\t\t<\/div>\n\t\t<\/div>\n\t\t\t\t\t\t\t<\/div>\n\t\t<\/section>\n\t\t\t\t<section class=\"elementor-section elementor-top-section elementor-element elementor-element-96afbd8 elementor-section-boxed elementor-section-height-default elementor-section-height-default\" data-id=\"96afbd8\" data-element_type=\"section\">\n\t\t\t\t\t\t<div class=\"elementor-container elementor-column-gap-default\">\n\t\t\t\t\t<div class=\"elementor-column elementor-col-100 elementor-top-column elementor-element elementor-element-d284f7f\" data-id=\"d284f7f\" data-element_type=\"column\">\n\t\t\t<div class=\"elementor-widget-wrap elementor-element-populated\">\n\t\t\t\t\t\t\t\t<div class=\"elementor-element elementor-element-a5d599c elementor-widget elementor-widget-text-editor\" data-id=\"a5d599c\" data-element_type=\"widget\" data-widget_type=\"text-editor.default\">\n\t\t\t\t<div class=\"elementor-widget-container\">\n\t\t\t\t\t\t\t\t<table border=\"0\" cellspacing=\"0\"><colgroup width=\"224\"><\/colgroup> <colgroup width=\"204\"><\/colgroup> <colgroup width=\"197\"><\/colgroup> <colgroup width=\"208\"><\/colgroup> <colgroup width=\"305\"><\/colgroup>\n<tbody>\n<tr>\n<td align=\"center\" valign=\"middle\" bgcolor=\"#9E9FA2\" height=\"22\"><b><span style=\"color: #ffffff;\">Artikelnummer<\/span><\/b><\/td>\n<td align=\"center\" valign=\"middle\" bgcolor=\"#9E9FA2\"><b><span style=\"color: #ffffff;\">Betondeckung<\/span><\/b><\/td>\n<td align=\"center\" valign=\"middle\" bgcolor=\"#9E9FA2\"><b><span style=\"color: #ffffff;\">St\u00fcck pro Palette<\/span><\/b><\/td>\n<td align=\"center\" valign=\"middle\" bgcolor=\"#9E9FA2\"><b><span style=\"color: #ffffff;\">Gewicht pro St\u00fcck (KG)<\/span><\/b><\/td>\n<td align=\"center\" valign=\"middle\" bgcolor=\"#9E9FA2\"><b><span style=\"color: #ffffff;\">Gewicht pro Palette (KG)<\/span><\/b><\/td>\n<\/tr>\n<tr>\n<td align=\"center\" height=\"22\">SK10030<\/td>\n<td align=\"center\">30<\/td>\n<td align=\"center\">750<\/td>\n<td align=\"center\">1,1<\/td>\n<td align=\"center\">845<\/td>\n<\/tr>\n<tr>\n<td align=\"center\" bgcolor=\"#F2F2F2\" height=\"22\">SK10035<\/td>\n<td align=\"center\" bgcolor=\"#F2F2F2\">35<\/td>\n<td align=\"center\" bgcolor=\"#F2F2F2\">500<\/td>\n<td align=\"center\" bgcolor=\"#F2F2F2\">2<\/td>\n<td align=\"center\" bgcolor=\"#F2F2F2\">1020<\/td>\n<\/tr>\n<tr>\n<td align=\"center\" height=\"22\">SK10040<\/td>\n<td align=\"center\">40<\/td>\n<td align=\"center\">400<\/td>\n<td align=\"center\">2,2<\/td>\n<td align=\"center\">900<\/td>\n<\/tr>\n<tr>\n<td align=\"center\" bgcolor=\"#F2F2F2\" height=\"22\">SK10050<\/td>\n<td align=\"center\" bgcolor=\"#F2F2F2\">50<\/td>\n<td align=\"center\" bgcolor=\"#F2F2F2\">300<\/td>\n<td align=\"center\" bgcolor=\"#F2F2F2\">2,85<\/td>\n<td align=\"center\" bgcolor=\"#F2F2F2\">875<\/td>\n<\/tr>\n<tr>\n<td align=\"center\" height=\"22\">SK10060<\/td>\n<td align=\"center\">60<\/td>\n<td align=\"center\">150<\/td>\n<td align=\"center\">5<\/td>\n<td align=\"center\">770<\/td>\n<\/tr>\n<tr>\n<td align=\"center\" bgcolor=\"#F2F2F2\" height=\"22\">SK10070<\/td>\n<td align=\"center\" bgcolor=\"#F2F2F2\">70<\/td>\n<td align=\"center\" bgcolor=\"#F2F2F2\">100<\/td>\n<td align=\"center\" bgcolor=\"#F2F2F2\">5,8<\/td>\n<td align=\"center\" bgcolor=\"#F2F2F2\">600<\/td>\n<\/tr>\n<tr>\n<td align=\"center\" height=\"22\">SK10075<\/td>\n<td align=\"center\">75<\/td>\n<td align=\"center\">100<\/td>\n<td align=\"center\">7,5<\/td>\n<td align=\"center\">770<\/td>\n<\/tr>\n<tr>\n<td align=\"center\" bgcolor=\"#F2F2F2\" height=\"22\">SK10080<\/td>\n<td align=\"center\" bgcolor=\"#F2F2F2\">80<\/td>\n<td align=\"center\" bgcolor=\"#F2F2F2\">80<\/td>\n<td align=\"center\" bgcolor=\"#F2F2F2\">8,4<\/td>\n<td align=\"center\" bgcolor=\"#F2F2F2\">692<\/td>\n<\/tr>\n<tr>\n<td align=\"center\" height=\"22\">SK10090<\/td>\n<td align=\"center\">90<\/td>\n<td align=\"center\">60<\/td>\n<td align=\"center\">10<\/td>\n<td align=\"center\">620<\/td>\n<\/tr>\n<tr>\n<td align=\"center\" bgcolor=\"#F2F2F2\" height=\"22\">SK100100<\/td>\n<td align=\"center\" bgcolor=\"#F2F2F2\">100<\/td>\n<td align=\"center\" bgcolor=\"#F2F2F2\">50<\/td>\n<td align=\"center\" bgcolor=\"#F2F2F2\">12,3<\/td>\n<td align=\"center\" bgcolor=\"#F2F2F2\">635<\/td>\n<\/tr>\n<\/tbody>\n<\/table>\t\t\t\t\t\t<\/div>\n\t\t\t\t<\/div>\n\t\t\t\t\t<\/div>\n\t\t<\/div>\n\t\t\t\t\t\t\t<\/div>\n\t\t<\/section>\n\t\t\t\t<section class=\"elementor-section elementor-top-section elementor-element elementor-element-f8ec9aa elementor-section-boxed elementor-section-height-default elementor-section-height-default\" data-id=\"f8ec9aa\" data-element_type=\"section\">\n\t\t\t\t\t\t<div class=\"elementor-container elementor-column-gap-default\">\n\t\t\t\t\t<div class=\"elementor-column elementor-col-100 elementor-top-column elementor-element elementor-element-bbe5a3b\" data-id=\"bbe5a3b\" data-element_type=\"column\">\n\t\t\t<div class=\"elementor-widget-wrap elementor-element-populated\">\n\t\t\t\t\t\t\t\t<div class=\"elementor-element elementor-element-fc5b9a0 elementor-widget elementor-widget-text-editor\" data-id=\"fc5b9a0\" data-element_type=\"widget\" data-widget_type=\"text-editor.default\">\n\t\t\t\t<div class=\"elementor-widget-container\">\n\t\t\t\t\t\t\t\t<ul><li class=\"p1\">Geeignet f\u00fcr schwere horizontale Bewehrung<\/li><li class=\"p1\">Leichter, Preiswerter und einfacher zu handhaben als der Vierkantabstandhalter<\/li><li>Der konische Abschnitt verbessert die Haftung mit der Betonmischung<\/li><li class=\"p1\">Andere L\u00e4ngen und Ausf\u00fchrungen auf Anfrage<\/li><\/ul>\t\t\t\t\t\t<\/div>\n\t\t\t\t<\/div>\n\t\t\t\t\t<\/div>\n\t\t<\/div>\n\t\t\t\t\t\t\t<\/div>\n\t\t<\/section>\n\t\t\t\t\t\t<\/div>\n\t\t\t\t\t<\/div>\n\t\t","protected":false},"excerpt":{"rendered":"<p>Home PRODUKTE Vierkant konkav Abstandhalter aus extrudiertem Faserbeton als Konkavvierkant L\u00e4nge 90cm 100 cm Artikelnummer Betondeckung St\u00fcck pro Palette Gewicht pro St\u00fcck (KG) Gewicht pro Palette (KG) SK9035 35 500 1,56 800 SK9040 40 450 2 920 SK9050 50 320 3,4 1108 SK9060 60 240 4,1 1004 SK9075 75 150 6,8 1040 SK90100 100 90 [&hellip;]<\/p>\n","protected":false},"author":2,"featured_media":0,"parent":7685,"menu_order":0,"comment_status":"closed","ping_status":"closed","template":"elementor_header_footer","meta":{"_acf_changed":false,"footnotes":""},"acf":[],"_links":{"self":[{"href":"https:\/\/www.faserbeton.net\/de\/wp-json\/wp\/v2\/pages\/7879"}],"collection":[{"href":"https:\/\/www.faserbeton.net\/de\/wp-json\/wp\/v2\/pages"}],"about":[{"href":"https:\/\/www.faserbeton.net\/de\/wp-json\/wp\/v2\/types\/page"}],"author":[{"embeddable":true,"href":"https:\/\/www.faserbeton.net\/de\/wp-json\/wp\/v2\/users\/2"}],"replies":[{"embeddable":true,"href":"https:\/\/www.faserbeton.net\/de\/wp-json\/wp\/v2\/comments?post=7879"}],"version-history":[{"count":14,"href":"https:\/\/www.faserbeton.net\/de\/wp-json\/wp\/v2\/pages\/7879\/revisions"}],"predecessor-version":[{"id":10924,"href":"https:\/\/www.faserbeton.net\/de\/wp-json\/wp\/v2\/pages\/7879\/revisions\/10924"}],"up":[{"embeddable":true,"href":"https:\/\/www.faserbeton.net\/de\/wp-json\/wp\/v2\/pages\/7685"}],"wp:attachment":[{"href":"https:\/\/www.faserbeton.net\/de\/wp-json\/wp\/v2\/media?parent=7879"}],"curies":[{"name":"wp","href":"https:\/\/api.w.org\/{rel}","templated":true}]}}