{"id":8110,"date":"2019-02-06T06:43:33","date_gmt":"2019-02-06T05:43:33","guid":{"rendered":"https:\/\/www.faserbeton.net\/produkte\/abstandhalter-aus-extrudiertem-faserbeton\/arco\/"},"modified":"2025-03-31T09:35:14","modified_gmt":"2025-03-31T07:35:14","slug":"bogen","status":"publish","type":"page","link":"https:\/\/www.faserbeton.net\/de\/produkte\/abstandhalter-aus-extrudiertem-faserbeton\/bogen\/","title":{"rendered":"Bogen"},"content":{"rendered":"\t\t<div data-elementor-type=\"wp-post\" data-elementor-id=\"8110\" class=\"elementor elementor-8110 elementor-4637\" data-elementor-settings=\"[]\">\n\t\t\t\t\t\t\t<div class=\"elementor-section-wrap\">\n\t\t\t\t\t\t\t<section class=\"elementor-section elementor-top-section elementor-element elementor-element-a5bfe26 elementor-section-height-min-height elementor-section-boxed elementor-section-height-default elementor-section-items-middle\" data-id=\"a5bfe26\" data-element_type=\"section\" data-settings=\"{&quot;background_background&quot;:&quot;classic&quot;}\">\n\t\t\t\t\t\t\t<div class=\"elementor-background-overlay\"><\/div>\n\t\t\t\t\t\t\t<div class=\"elementor-container elementor-column-gap-default\">\n\t\t\t\t\t<div class=\"elementor-column elementor-col-100 elementor-top-column elementor-element elementor-element-6faf726\" data-id=\"6faf726\" data-element_type=\"column\">\n\t\t\t<div class=\"elementor-widget-wrap\">\n\t\t\t\t\t\t\t\t\t<\/div>\n\t\t<\/div>\n\t\t\t\t\t\t\t<\/div>\n\t\t<\/section>\n\t\t\t\t<section class=\"elementor-section elementor-top-section elementor-element elementor-element-4b0b97e elementor-section-boxed elementor-section-height-default elementor-section-height-default\" data-id=\"4b0b97e\" data-element_type=\"section\" data-settings=\"{&quot;background_background&quot;:&quot;classic&quot;}\">\n\t\t\t\t\t\t<div class=\"elementor-container elementor-column-gap-default\">\n\t\t\t\t\t<div class=\"elementor-column elementor-col-100 elementor-top-column elementor-element elementor-element-e9907ba\" data-id=\"e9907ba\" data-element_type=\"column\">\n\t\t\t<div class=\"elementor-widget-wrap elementor-element-populated\">\n\t\t\t\t\t\t\t\t<div class=\"elementor-element elementor-element-570ca24 elementor-align-left elementor-widget elementor-widget-raven-breadcrumbs\" data-id=\"570ca24\" data-element_type=\"widget\" data-widget_type=\"raven-breadcrumbs.default\">\n\t\t\t\t<div class=\"elementor-widget-container\">\n\t\t\t<div class=\"raven-breadcrumbs raven-breadcrumbs-default\"><ol class=\"breadcrumb\">\t\t\t\t<li class=\"breadcrumb-item active\" aria-current=\"page\"><span>Home<\/span><\/li>\n\n\t\t\t\t<\/ol><\/div>\t\t<\/div>\n\t\t\t\t<\/div>\n\t\t\t\t\t<\/div>\n\t\t<\/div>\n\t\t\t\t\t\t\t<\/div>\n\t\t<\/section>\n\t\t\t\t<section class=\"elementor-section elementor-top-section elementor-element elementor-element-43be633 elementor-section-content-middle elementor-section-boxed elementor-section-height-default elementor-section-height-default\" data-id=\"43be633\" data-element_type=\"section\">\n\t\t\t\t\t\t<div class=\"elementor-container elementor-column-gap-default\">\n\t\t\t\t\t<div class=\"elementor-column elementor-col-50 elementor-top-column elementor-element elementor-element-7a2b945\" data-id=\"7a2b945\" data-element_type=\"column\">\n\t\t\t<div class=\"elementor-widget-wrap elementor-element-populated\">\n\t\t\t\t\t\t\t\t<section class=\"elementor-section elementor-inner-section elementor-element elementor-element-34085e1 elementor-section-content-middle elementor-section-boxed elementor-section-height-default elementor-section-height-default\" data-id=\"34085e1\" data-element_type=\"section\">\n\t\t\t\t\t\t<div class=\"elementor-container elementor-column-gap-default\">\n\t\t\t\t\t<div class=\"elementor-column elementor-col-50 elementor-inner-column elementor-element elementor-element-ed86714\" data-id=\"ed86714\" data-element_type=\"column\">\n\t\t\t<div class=\"elementor-widget-wrap elementor-element-populated\">\n\t\t\t\t\t\t\t\t<div class=\"elementor-element elementor-element-c5f68c3 elementor-widget-divider--view-line elementor-widget elementor-widget-divider\" data-id=\"c5f68c3\" data-element_type=\"widget\" data-widget_type=\"divider.default\">\n\t\t\t\t<div class=\"elementor-widget-container\">\n\t\t\t\t\t<div class=\"elementor-divider\">\n\t\t\t<span class=\"elementor-divider-separator\">\n\t\t\t\t\t\t<\/span>\n\t\t<\/div>\n\t\t\t\t<\/div>\n\t\t\t\t<\/div>\n\t\t\t\t\t<\/div>\n\t\t<\/div>\n\t\t\t\t<div class=\"elementor-column elementor-col-50 elementor-inner-column elementor-element elementor-element-45d0f6d\" data-id=\"45d0f6d\" data-element_type=\"column\">\n\t\t\t<div class=\"elementor-widget-wrap elementor-element-populated\">\n\t\t\t\t\t\t\t\t<div class=\"elementor-element elementor-element-bcfacc7 elementor-widget elementor-widget-text-editor\" data-id=\"bcfacc7\" data-element_type=\"widget\" data-widget_type=\"text-editor.default\">\n\t\t\t\t<div class=\"elementor-widget-container\">\n\t\t\t\t\t\t\t\t<p class=\"p1\">PRODUKTE<\/p>\t\t\t\t\t\t<\/div>\n\t\t\t\t<\/div>\n\t\t\t\t\t<\/div>\n\t\t<\/div>\n\t\t\t\t\t\t\t<\/div>\n\t\t<\/section>\n\t\t\t\t<div class=\"elementor-element elementor-element-b487309 elementor-align-left elementor-widget elementor-widget-raven-heading\" data-id=\"b487309\" data-element_type=\"widget\" data-widget_type=\"raven-heading.default\">\n\t\t\t\t<div class=\"elementor-widget-container\">\n\t\t\t\t\t<div class=\"raven-widget-wrapper\"><h2 class=\"raven-heading raven-heading-h2\"><span class=\"raven-heading-title\">Bogen<\/span><\/h2><\/div>\n\t\t\t\t<\/div>\n\t\t\t\t<\/div>\n\t\t\t\t<div class=\"elementor-element elementor-element-536e62b elementor-widget elementor-widget-text-editor\" data-id=\"536e62b\" data-element_type=\"widget\" data-widget_type=\"text-editor.default\">\n\t\t\t\t<div class=\"elementor-widget-container\">\n\t\t\t\t\t\t\t\t<p class=\"p1\">Abstandhalter aus extrudiertem Faserbeton als Bogen<\/p>\t\t\t\t\t\t<\/div>\n\t\t\t\t<\/div>\n\t\t\t\t\t<\/div>\n\t\t<\/div>\n\t\t\t\t<div class=\"elementor-column elementor-col-50 elementor-top-column elementor-element elementor-element-1a7c314\" data-id=\"1a7c314\" data-element_type=\"column\">\n\t\t\t<div class=\"elementor-widget-wrap\">\n\t\t\t\t\t\t\t\t\t<\/div>\n\t\t<\/div>\n\t\t\t\t\t\t\t<\/div>\n\t\t<\/section>\n\t\t\t\t<section class=\"elementor-section elementor-top-section elementor-element elementor-element-1555ece elementor-section-boxed elementor-section-height-default elementor-section-height-default\" data-id=\"1555ece\" data-element_type=\"section\">\n\t\t\t\t\t\t<div class=\"elementor-container elementor-column-gap-default\">\n\t\t\t\t\t<div class=\"elementor-column elementor-col-33 elementor-top-column elementor-element elementor-element-d919480\" data-id=\"d919480\" data-element_type=\"column\">\n\t\t\t<div class=\"elementor-widget-wrap elementor-element-populated\">\n\t\t\t\t\t\t\t\t<div class=\"elementor-element elementor-element-7510f67 elementor-widget elementor-widget-image\" data-id=\"7510f67\" data-element_type=\"widget\" data-widget_type=\"image.default\">\n\t\t\t\t<div class=\"elementor-widget-container\">\n\t\t\t\t\t\t\t\t\t\t\t\t\t\t\t<img loading=\"lazy\" decoding=\"async\" width=\"1000\" height=\"750\" src=\"https:\/\/www.faserbeton.net\/wp-content\/uploads\/2021\/07\/FASERBETON_prodotti_arco.jpg\" class=\"attachment-full size-full\" alt=\"\" srcset=\"https:\/\/www.faserbeton.net\/wp-content\/uploads\/2021\/07\/FASERBETON_prodotti_arco.jpg 1000w, https:\/\/www.faserbeton.net\/wp-content\/uploads\/2021\/07\/FASERBETON_prodotti_arco-300x225.jpg 300w, https:\/\/www.faserbeton.net\/wp-content\/uploads\/2021\/07\/FASERBETON_prodotti_arco-768x576.jpg 768w\" sizes=\"(max-width: 1000px) 100vw, 1000px\" \/>\t\t\t\t\t\t\t\t\t\t\t\t\t\t\t<\/div>\n\t\t\t\t<\/div>\n\t\t\t\t\t<\/div>\n\t\t<\/div>\n\t\t\t\t<div class=\"elementor-column elementor-col-33 elementor-top-column elementor-element elementor-element-d28280f\" data-id=\"d28280f\" data-element_type=\"column\">\n\t\t\t<div class=\"elementor-widget-wrap\">\n\t\t\t\t\t\t\t\t\t<\/div>\n\t\t<\/div>\n\t\t\t\t<div class=\"elementor-column elementor-col-33 elementor-top-column elementor-element elementor-element-3ad2bd9\" data-id=\"3ad2bd9\" data-element_type=\"column\">\n\t\t\t<div class=\"elementor-widget-wrap elementor-element-populated\">\n\t\t\t\t\t\t\t\t<div class=\"elementor-element elementor-element-34b627f elementor-widget elementor-widget-text-editor\" data-id=\"34b627f\" data-element_type=\"widget\" data-widget_type=\"text-editor.default\">\n\t\t\t\t<div class=\"elementor-widget-container\">\n\t\t\t\t\t\t\t\t<p class=\"p1\">L\u00e4nge<\/p>\t\t\t\t\t\t<\/div>\n\t\t\t\t<\/div>\n\t\t\t\t<div class=\"elementor-element elementor-element-cbad7b8 elementor-widget elementor-widget-text-editor\" data-id=\"cbad7b8\" data-element_type=\"widget\" data-widget_type=\"text-editor.default\">\n\t\t\t\t<div class=\"elementor-widget-container\">\n\t\t\t\t\t\t\t\t<p>33 cm<\/p>\t\t\t\t\t\t<\/div>\n\t\t\t\t<\/div>\n\t\t\t\t<div class=\"elementor-element elementor-element-12a499d elementor-widget elementor-widget-image\" data-id=\"12a499d\" data-element_type=\"widget\" data-widget_type=\"image.default\">\n\t\t\t\t<div class=\"elementor-widget-container\">\n\t\t\t\t\t\t\t\t\t\t\t\t\t\t\t<img loading=\"lazy\" decoding=\"async\" width=\"150\" height=\"150\" src=\"https:\/\/www.faserbeton.net\/wp-content\/uploads\/2021\/05\/FASERBETON_icone_prodotti_sito_1.jpg\" class=\"attachment-full size-full\" alt=\"\" \/>\t\t\t\t\t\t\t\t\t\t\t\t\t\t\t<\/div>\n\t\t\t\t<\/div>\n\t\t\t\t\t<\/div>\n\t\t<\/div>\n\t\t\t\t\t\t\t<\/div>\n\t\t<\/section>\n\t\t\t\t<section class=\"elementor-section elementor-top-section elementor-element elementor-element-5aac6e6 elementor-section-boxed elementor-section-height-default elementor-section-height-default\" data-id=\"5aac6e6\" data-element_type=\"section\">\n\t\t\t\t\t\t<div class=\"elementor-container elementor-column-gap-default\">\n\t\t\t\t\t<div class=\"elementor-column elementor-col-100 elementor-top-column elementor-element elementor-element-04be4e2\" data-id=\"04be4e2\" data-element_type=\"column\">\n\t\t\t<div class=\"elementor-widget-wrap elementor-element-populated\">\n\t\t\t\t\t\t\t\t<div class=\"elementor-element elementor-element-e04b332 elementor-widget elementor-widget-text-editor\" data-id=\"e04b332\" data-element_type=\"widget\" data-widget_type=\"text-editor.default\">\n\t\t\t\t<div class=\"elementor-widget-container\">\n\t\t\t\t\t\t\t\t<table border=\"0\" cellspacing=\"0\"><colgroup width=\"224\"><\/colgroup> <colgroup width=\"204\"><\/colgroup> <colgroup width=\"197\"><\/colgroup> <colgroup width=\"208\"><\/colgroup> <colgroup width=\"305\"><\/colgroup><tbody><tr><td align=\"center\" valign=\"middle\" bgcolor=\"#9E9FA2\" height=\"51\"><b><span style=\"color: #ffffff;\">Artikelnummer<\/span><\/b><\/td><td align=\"center\" valign=\"middle\" bgcolor=\"#9E9FA2\"><b><span style=\"color: #ffffff;\">Betondeckung<\/span><\/b><\/td><td align=\"center\" valign=\"middle\" bgcolor=\"#9E9FA2\"><b><span style=\"color: #ffffff;\">St\u00fcck pro Palette<\/span><\/b><\/td><td align=\"center\" valign=\"middle\" bgcolor=\"#9E9FA2\"><b><span style=\"color: #ffffff;\">Gewicht pro St\u00fcck (KG)<\/span><\/b><\/td><td align=\"center\" valign=\"middle\" bgcolor=\"#9E9FA2\"><b><span style=\"color: #ffffff;\">Gewicht pro Palette (KG)<\/span><\/b><\/td><\/tr><tr><td align=\"center\" height=\"20\">B3320<\/td><td align=\"center\">20<\/td><td align=\"center\">3300<\/td><td align=\"center\">0,23<\/td><td align=\"center\">779<\/td><\/tr><tr><td align=\"center\" bgcolor=\"#F2F2F2\" height=\"20\">B3325<\/td><td align=\"center\" bgcolor=\"#F2F2F2\">25<\/td><td align=\"center\" bgcolor=\"#F2F2F2\">3200<\/td><td align=\"center\" bgcolor=\"#F2F2F2\">0,27<\/td><td align=\"center\" bgcolor=\"#F2F2F2\">885<\/td><\/tr><tr><td align=\"center\" height=\"20\">B3330<\/td><td align=\"center\">30<\/td><td align=\"center\">2700<\/td><td align=\"center\">0,3<\/td><td align=\"center\">830<\/td><\/tr><tr><td align=\"center\" bgcolor=\"#F2F2F2\" height=\"20\">B3335<\/td><td align=\"center\" bgcolor=\"#F2F2F2\">35<\/td><td align=\"center\" bgcolor=\"#F2F2F2\">2250<\/td><td align=\"center\" bgcolor=\"#F2F2F2\">0,37<\/td><td align=\"center\" bgcolor=\"#F2F2F2\">852<\/td><\/tr><tr><td align=\"center\" height=\"20\">B3340<\/td><td align=\"center\">40<\/td><td align=\"center\">1800<\/td><td align=\"center\">0,4<\/td><td align=\"center\">740<\/td><\/tr><tr><td align=\"center\" bgcolor=\"#F2F2F2\" height=\"20\">B3345<\/td><td align=\"center\" bgcolor=\"#F2F2F2\">45<\/td><td align=\"center\" bgcolor=\"#F2F2F2\">1500<\/td><td align=\"center\" bgcolor=\"#F2F2F2\">0,53<\/td><td align=\"center\" bgcolor=\"#F2F2F2\">815<\/td><\/tr><tr><td align=\"center\" height=\"20\">B3350<\/td><td align=\"center\">50<\/td><td align=\"center\">1200<\/td><td align=\"center\">0,74<\/td><td align=\"center\">908<\/td><\/tr><tr><td align=\"center\" bgcolor=\"#F2F2F2\" height=\"20\">B3355<\/td><td align=\"center\" bgcolor=\"#F2F2F2\">55<\/td><td align=\"center\" bgcolor=\"#F2F2F2\">1050<\/td><td align=\"center\" bgcolor=\"#F2F2F2\">0,77<\/td><td align=\"center\" bgcolor=\"#F2F2F2\">828<\/td><\/tr><tr><td align=\"center\" height=\"20\">B3360<\/td><td align=\"center\">60<\/td><td align=\"center\">1050<\/td><td align=\"center\">0,87<\/td><td align=\"center\">933<\/td><\/tr><\/tbody><\/table>\t\t\t\t\t\t<\/div>\n\t\t\t\t<\/div>\n\t\t\t\t\t<\/div>\n\t\t<\/div>\n\t\t\t\t\t\t\t<\/div>\n\t\t<\/section>\n\t\t\t\t<section class=\"elementor-section elementor-top-section elementor-element elementor-element-f8ec9aa elementor-section-boxed elementor-section-height-default elementor-section-height-default\" data-id=\"f8ec9aa\" data-element_type=\"section\">\n\t\t\t\t\t\t<div class=\"elementor-container elementor-column-gap-default\">\n\t\t\t\t\t<div class=\"elementor-column elementor-col-100 elementor-top-column elementor-element elementor-element-bbe5a3b\" data-id=\"bbe5a3b\" data-element_type=\"column\">\n\t\t\t<div class=\"elementor-widget-wrap elementor-element-populated\">\n\t\t\t\t\t\t\t\t<div class=\"elementor-element elementor-element-fc5b9a0 elementor-widget elementor-widget-text-editor\" data-id=\"fc5b9a0\" data-element_type=\"widget\" data-widget_type=\"text-editor.default\">\n\t\t\t\t<div class=\"elementor-widget-container\">\n\t\t\t\t\t\t\t\t<ul><li class=\"p1\">Geeignet f\u00fcr mittelschwere horizontale Bewehrung<\/li><li class=\"p1\">Andere L\u00e4ngen und Ausf\u00fchrungen auf Anfrage<\/li><\/ul>\t\t\t\t\t\t<\/div>\n\t\t\t\t<\/div>\n\t\t\t\t\t<\/div>\n\t\t<\/div>\n\t\t\t\t\t\t\t<\/div>\n\t\t<\/section>\n\t\t\t\t\t\t<\/div>\n\t\t\t\t\t<\/div>\n\t\t","protected":false},"excerpt":{"rendered":"<p>Home PRODUKTE Bogen Abstandhalter aus extrudiertem Faserbeton als Bogen L\u00e4nge 33 cm Artikelnummer Betondeckung St\u00fcck pro Palette Gewicht pro St\u00fcck (KG) Gewicht pro Palette (KG) B3320 20 3300 0,23 779 B3325 25 3200 0,27 885 B3330 30 2700 0,3 830 B3335 35 2250 0,37 852 B3340 40 1800 0,4 740 B3345 45 1500 0,53 815 [&hellip;]<\/p>\n","protected":false},"author":2,"featured_media":0,"parent":7685,"menu_order":0,"comment_status":"closed","ping_status":"closed","template":"elementor_header_footer","meta":{"_acf_changed":false,"footnotes":""},"acf":[],"_links":{"self":[{"href":"https:\/\/www.faserbeton.net\/de\/wp-json\/wp\/v2\/pages\/8110"}],"collection":[{"href":"https:\/\/www.faserbeton.net\/de\/wp-json\/wp\/v2\/pages"}],"about":[{"href":"https:\/\/www.faserbeton.net\/de\/wp-json\/wp\/v2\/types\/page"}],"author":[{"embeddable":true,"href":"https:\/\/www.faserbeton.net\/de\/wp-json\/wp\/v2\/users\/2"}],"replies":[{"embeddable":true,"href":"https:\/\/www.faserbeton.net\/de\/wp-json\/wp\/v2\/comments?post=8110"}],"version-history":[{"count":13,"href":"https:\/\/www.faserbeton.net\/de\/wp-json\/wp\/v2\/pages\/8110\/revisions"}],"predecessor-version":[{"id":11079,"href":"https:\/\/www.faserbeton.net\/de\/wp-json\/wp\/v2\/pages\/8110\/revisions\/11079"}],"up":[{"embeddable":true,"href":"https:\/\/www.faserbeton.net\/de\/wp-json\/wp\/v2\/pages\/7685"}],"wp:attachment":[{"href":"https:\/\/www.faserbeton.net\/de\/wp-json\/wp\/v2\/media?parent=8110"}],"curies":[{"name":"wp","href":"https:\/\/api.w.org\/{rel}","templated":true}]}}