{"id":8334,"date":"2019-02-06T06:43:33","date_gmt":"2019-02-06T05:43:33","guid":{"rendered":"https:\/\/www.faserbeton.net\/produkte\/giessbetonabstandhalter\/distanziatore-a-base-quadrata-con-fili-di-legatura-con-occhielli\/"},"modified":"2025-03-12T11:58:47","modified_gmt":"2025-03-12T10:58:47","slug":"abstandhalter-mit-quadratischer-base-mit-oesendraht","status":"publish","type":"page","link":"https:\/\/www.faserbeton.net\/de\/produkte\/giessbetonabstandhalter\/abstandhalter-mit-quadratischer-base-mit-oesendraht\/","title":{"rendered":"Abstandhalter mit quadratischer Base mit \u00d6sendraht"},"content":{"rendered":"\t\t<div data-elementor-type=\"wp-post\" data-elementor-id=\"8334\" class=\"elementor elementor-8334 elementor-4442\" data-elementor-settings=\"[]\">\n\t\t\t\t\t\t\t<div class=\"elementor-section-wrap\">\n\t\t\t\t\t\t\t<section class=\"elementor-section elementor-top-section elementor-element elementor-element-a5bfe26 elementor-section-height-min-height elementor-section-boxed elementor-section-height-default elementor-section-items-middle\" data-id=\"a5bfe26\" data-element_type=\"section\" data-settings=\"{&quot;background_background&quot;:&quot;classic&quot;}\">\n\t\t\t\t\t\t\t<div class=\"elementor-background-overlay\"><\/div>\n\t\t\t\t\t\t\t<div class=\"elementor-container elementor-column-gap-default\">\n\t\t\t\t\t<div class=\"elementor-column elementor-col-100 elementor-top-column elementor-element elementor-element-6faf726\" data-id=\"6faf726\" data-element_type=\"column\">\n\t\t\t<div class=\"elementor-widget-wrap\">\n\t\t\t\t\t\t\t\t\t<\/div>\n\t\t<\/div>\n\t\t\t\t\t\t\t<\/div>\n\t\t<\/section>\n\t\t\t\t<section class=\"elementor-section elementor-top-section elementor-element elementor-element-4b0b97e elementor-section-boxed elementor-section-height-default elementor-section-height-default\" data-id=\"4b0b97e\" data-element_type=\"section\" data-settings=\"{&quot;background_background&quot;:&quot;classic&quot;}\">\n\t\t\t\t\t\t<div class=\"elementor-container elementor-column-gap-default\">\n\t\t\t\t\t<div class=\"elementor-column elementor-col-100 elementor-top-column elementor-element elementor-element-e9907ba\" data-id=\"e9907ba\" data-element_type=\"column\">\n\t\t\t<div class=\"elementor-widget-wrap elementor-element-populated\">\n\t\t\t\t\t\t\t\t<div class=\"elementor-element elementor-element-570ca24 elementor-align-left elementor-widget elementor-widget-raven-breadcrumbs\" data-id=\"570ca24\" data-element_type=\"widget\" data-widget_type=\"raven-breadcrumbs.default\">\n\t\t\t\t<div class=\"elementor-widget-container\">\n\t\t\t<div class=\"raven-breadcrumbs raven-breadcrumbs-default\"><ol class=\"breadcrumb\">\t\t\t\t<li class=\"breadcrumb-item active\" aria-current=\"page\"><span>Home<\/span><\/li>\n\n\t\t\t\t<\/ol><\/div>\t\t<\/div>\n\t\t\t\t<\/div>\n\t\t\t\t\t<\/div>\n\t\t<\/div>\n\t\t\t\t\t\t\t<\/div>\n\t\t<\/section>\n\t\t\t\t<section class=\"elementor-section elementor-top-section elementor-element elementor-element-43be633 elementor-section-content-middle elementor-section-boxed elementor-section-height-default elementor-section-height-default\" data-id=\"43be633\" data-element_type=\"section\">\n\t\t\t\t\t\t<div class=\"elementor-container elementor-column-gap-default\">\n\t\t\t\t\t<div class=\"elementor-column elementor-col-50 elementor-top-column elementor-element elementor-element-7a2b945\" data-id=\"7a2b945\" data-element_type=\"column\">\n\t\t\t<div class=\"elementor-widget-wrap elementor-element-populated\">\n\t\t\t\t\t\t\t\t<section class=\"elementor-section elementor-inner-section elementor-element elementor-element-34085e1 elementor-section-content-middle elementor-section-boxed elementor-section-height-default elementor-section-height-default\" data-id=\"34085e1\" data-element_type=\"section\">\n\t\t\t\t\t\t<div class=\"elementor-container elementor-column-gap-default\">\n\t\t\t\t\t<div class=\"elementor-column elementor-col-50 elementor-inner-column elementor-element elementor-element-ed86714\" data-id=\"ed86714\" data-element_type=\"column\">\n\t\t\t<div class=\"elementor-widget-wrap elementor-element-populated\">\n\t\t\t\t\t\t\t\t<div class=\"elementor-element elementor-element-c5f68c3 elementor-widget-divider--view-line elementor-widget elementor-widget-divider\" data-id=\"c5f68c3\" data-element_type=\"widget\" data-widget_type=\"divider.default\">\n\t\t\t\t<div class=\"elementor-widget-container\">\n\t\t\t\t\t<div class=\"elementor-divider\">\n\t\t\t<span class=\"elementor-divider-separator\">\n\t\t\t\t\t\t<\/span>\n\t\t<\/div>\n\t\t\t\t<\/div>\n\t\t\t\t<\/div>\n\t\t\t\t\t<\/div>\n\t\t<\/div>\n\t\t\t\t<div class=\"elementor-column elementor-col-50 elementor-inner-column elementor-element elementor-element-45d0f6d\" data-id=\"45d0f6d\" data-element_type=\"column\">\n\t\t\t<div class=\"elementor-widget-wrap elementor-element-populated\">\n\t\t\t\t\t\t\t\t<div class=\"elementor-element elementor-element-bcfacc7 elementor-widget elementor-widget-text-editor\" data-id=\"bcfacc7\" data-element_type=\"widget\" data-widget_type=\"text-editor.default\">\n\t\t\t\t<div class=\"elementor-widget-container\">\n\t\t\t\t\t\t\t\t<p class=\"p1\">PRODUKTE<\/p>\t\t\t\t\t\t<\/div>\n\t\t\t\t<\/div>\n\t\t\t\t\t<\/div>\n\t\t<\/div>\n\t\t\t\t\t\t\t<\/div>\n\t\t<\/section>\n\t\t\t\t<div class=\"elementor-element elementor-element-b487309 elementor-align-left elementor-widget elementor-widget-raven-heading\" data-id=\"b487309\" data-element_type=\"widget\" data-widget_type=\"raven-heading.default\">\n\t\t\t\t<div class=\"elementor-widget-container\">\n\t\t\t\t\t<div class=\"raven-widget-wrapper\"><h2 class=\"raven-heading raven-heading-h2\"><span class=\"raven-heading-title\">Abstandhalter mit quadratischer Base mit \u00d6sendraht<\/span><\/h2><\/div>\n\t\t\t\t<\/div>\n\t\t\t\t<\/div>\n\t\t\t\t\t<\/div>\n\t\t<\/div>\n\t\t\t\t<div class=\"elementor-column elementor-col-50 elementor-top-column elementor-element elementor-element-1a7c314\" data-id=\"1a7c314\" data-element_type=\"column\">\n\t\t\t<div class=\"elementor-widget-wrap\">\n\t\t\t\t\t\t\t\t\t<\/div>\n\t\t<\/div>\n\t\t\t\t\t\t\t<\/div>\n\t\t<\/section>\n\t\t\t\t<section class=\"elementor-section elementor-top-section elementor-element elementor-element-1555ece elementor-section-boxed elementor-section-height-default elementor-section-height-default\" data-id=\"1555ece\" data-element_type=\"section\">\n\t\t\t\t\t\t<div class=\"elementor-container elementor-column-gap-default\">\n\t\t\t\t\t<div class=\"elementor-column elementor-col-33 elementor-top-column elementor-element elementor-element-d919480\" data-id=\"d919480\" data-element_type=\"column\">\n\t\t\t<div class=\"elementor-widget-wrap elementor-element-populated\">\n\t\t\t\t\t\t\t\t<div class=\"elementor-element elementor-element-a8bc0bb elementor-widget elementor-widget-image\" data-id=\"a8bc0bb\" data-element_type=\"widget\" data-widget_type=\"image.default\">\n\t\t\t\t<div class=\"elementor-widget-container\">\n\t\t\t\t\t\t\t\t\t\t\t\t\t\t\t<img loading=\"lazy\" decoding=\"async\" width=\"1000\" height=\"1500\" src=\"https:\/\/www.faserbeton.net\/wp-content\/uploads\/2021\/05\/FASERBETON_prodotti_1point-wire_2.jpg\" class=\"attachment-full size-full\" alt=\"\" srcset=\"https:\/\/www.faserbeton.net\/wp-content\/uploads\/2021\/05\/FASERBETON_prodotti_1point-wire_2.jpg 1000w, https:\/\/www.faserbeton.net\/wp-content\/uploads\/2021\/05\/FASERBETON_prodotti_1point-wire_2-200x300.jpg 200w, https:\/\/www.faserbeton.net\/wp-content\/uploads\/2021\/05\/FASERBETON_prodotti_1point-wire_2-683x1024.jpg 683w, https:\/\/www.faserbeton.net\/wp-content\/uploads\/2021\/05\/FASERBETON_prodotti_1point-wire_2-768x1152.jpg 768w\" sizes=\"(max-width: 1000px) 100vw, 1000px\" \/>\t\t\t\t\t\t\t\t\t\t\t\t\t\t\t<\/div>\n\t\t\t\t<\/div>\n\t\t\t\t\t<\/div>\n\t\t<\/div>\n\t\t\t\t<div class=\"elementor-column elementor-col-33 elementor-top-column elementor-element elementor-element-d28280f\" data-id=\"d28280f\" data-element_type=\"column\">\n\t\t\t<div class=\"elementor-widget-wrap\">\n\t\t\t\t\t\t\t\t\t<\/div>\n\t\t<\/div>\n\t\t\t\t<div class=\"elementor-column elementor-col-33 elementor-top-column elementor-element elementor-element-3ad2bd9\" data-id=\"3ad2bd9\" data-element_type=\"column\">\n\t\t\t<div class=\"elementor-widget-wrap\">\n\t\t\t\t\t\t\t\t\t<\/div>\n\t\t<\/div>\n\t\t\t\t\t\t\t<\/div>\n\t\t<\/section>\n\t\t\t\t<section class=\"elementor-section elementor-top-section elementor-element elementor-element-9ae4677 elementor-section-boxed elementor-section-height-default elementor-section-height-default\" data-id=\"9ae4677\" data-element_type=\"section\">\n\t\t\t\t\t\t<div class=\"elementor-container elementor-column-gap-default\">\n\t\t\t\t\t<div class=\"elementor-column elementor-col-100 elementor-top-column elementor-element elementor-element-8e83d76\" data-id=\"8e83d76\" data-element_type=\"column\">\n\t\t\t<div class=\"elementor-widget-wrap elementor-element-populated\">\n\t\t\t\t\t\t\t\t<div class=\"elementor-element elementor-element-a6ec807 elementor-widget elementor-widget-text-editor\" data-id=\"a6ec807\" data-element_type=\"widget\" data-widget_type=\"text-editor.default\">\n\t\t\t\t<div class=\"elementor-widget-container\">\n\t\t\t\t\t\t\t\t<table border=\"0\" cellspacing=\"0\"><colgroup width=\"224\"><\/colgroup> <colgroup width=\"204\"><\/colgroup> <colgroup width=\"197\"><\/colgroup> <colgroup width=\"208\"><\/colgroup> <colgroup width=\"305\"><\/colgroup><tbody><tr><td align=\"center\" valign=\"middle\" bgcolor=\"#9E9FA2\" height=\"51\"><b><span style=\"color: #ffffff;\">Artikelnummer<\/span><\/b><\/td><td align=\"center\" valign=\"middle\" bgcolor=\"#9E9FA2\"><b><span style=\"color: #ffffff;\">Betondeckung<\/span><\/b><\/td><td align=\"center\" valign=\"middle\" bgcolor=\"#9E9FA2\"><b><span style=\"color: #ffffff;\">St\u00fcck pro Palette<\/span><\/b><\/td><td align=\"center\" valign=\"middle\" bgcolor=\"#9E9FA2\"><b><span style=\"color: #ffffff;\">St\u00fcck pro Sack\u00a0<\/span><\/b><\/td><td align=\"center\" valign=\"middle\" bgcolor=\"#9E9FA2\"><b><span style=\"color: #ffffff;\">Gewicht pro Palette (KG)<\/span><\/b><\/td><\/tr><tr><td align=\"center\" height=\"20\">GO20<\/td><td align=\"center\">20<\/td><td align=\"center\">20000<\/td><td align=\"center\">500<\/td><td align=\"center\">750<\/td><\/tr><tr><td align=\"center\" bgcolor=\"#F2F2F2\" height=\"20\">GO25<\/td><td align=\"center\" bgcolor=\"#F2F2F2\">25<\/td><td align=\"center\" bgcolor=\"#F2F2F2\">20000<\/td><td align=\"center\" bgcolor=\"#F2F2F2\">500<\/td><td align=\"center\" bgcolor=\"#F2F2F2\">800<\/td><\/tr><tr><td align=\"center\" height=\"20\">GO30<\/td><td align=\"center\">30<\/td><td align=\"center\">12000<\/td><td align=\"center\">300<\/td><td align=\"center\">850<\/td><\/tr><tr><td align=\"center\" bgcolor=\"#F2F2F2\" height=\"20\">GO35<\/td><td align=\"center\" bgcolor=\"#F2F2F2\">35<\/td><td align=\"center\" bgcolor=\"#F2F2F2\">12000<\/td><td align=\"center\" bgcolor=\"#F2F2F2\">300<\/td><td align=\"center\" bgcolor=\"#F2F2F2\">850<\/td><\/tr><tr><td align=\"center\" height=\"19\">GO40<\/td><td align=\"center\">40<\/td><td align=\"center\">12000<\/td><td align=\"center\">300<\/td><td align=\"center\">1100<\/td><\/tr><tr><td align=\"center\" bgcolor=\"#F2F2F2\" height=\"20\">GO50<\/td><td align=\"center\" bgcolor=\"#F2F2F2\">50<\/td><td align=\"center\" bgcolor=\"#F2F2F2\">8000<\/td><td align=\"center\" bgcolor=\"#F2F2F2\">200<\/td><td align=\"center\" bgcolor=\"#F2F2F2\">1050<\/td><\/tr><tr><td align=\"center\" height=\"20\">GO70<\/td><td align=\"center\">70<\/td><td align=\"center\">4000<\/td><td align=\"center\">100<\/td><td align=\"center\">900<\/td><\/tr><\/tbody><\/table>\t\t\t\t\t\t<\/div>\n\t\t\t\t<\/div>\n\t\t\t\t\t<\/div>\n\t\t<\/div>\n\t\t\t\t\t\t\t<\/div>\n\t\t<\/section>\n\t\t\t\t\t\t<\/div>\n\t\t\t\t\t<\/div>\n\t\t","protected":false},"excerpt":{"rendered":"<p>Home PRODUKTE Abstandhalter mit quadratischer Base mit \u00d6sendraht Artikelnummer Betondeckung St\u00fcck pro Palette St\u00fcck pro Sack\u00a0 Gewicht pro Palette (KG) GO20 20 20000 500 750 GO25 25 20000 500 800 GO30 30 12000 300 850 GO35 35 12000 300 850 GO40 40 12000 300 1100 GO50 50 8000 200 1050 GO70 70 4000 100 900<\/p>\n","protected":false},"author":2,"featured_media":0,"parent":8287,"menu_order":0,"comment_status":"closed","ping_status":"closed","template":"elementor_header_footer","meta":{"_acf_changed":false,"footnotes":""},"acf":[],"_links":{"self":[{"href":"https:\/\/www.faserbeton.net\/de\/wp-json\/wp\/v2\/pages\/8334"}],"collection":[{"href":"https:\/\/www.faserbeton.net\/de\/wp-json\/wp\/v2\/pages"}],"about":[{"href":"https:\/\/www.faserbeton.net\/de\/wp-json\/wp\/v2\/types\/page"}],"author":[{"embeddable":true,"href":"https:\/\/www.faserbeton.net\/de\/wp-json\/wp\/v2\/users\/2"}],"replies":[{"embeddable":true,"href":"https:\/\/www.faserbeton.net\/de\/wp-json\/wp\/v2\/comments?post=8334"}],"version-history":[{"count":10,"href":"https:\/\/www.faserbeton.net\/de\/wp-json\/wp\/v2\/pages\/8334\/revisions"}],"predecessor-version":[{"id":9939,"href":"https:\/\/www.faserbeton.net\/de\/wp-json\/wp\/v2\/pages\/8334\/revisions\/9939"}],"up":[{"embeddable":true,"href":"https:\/\/www.faserbeton.net\/de\/wp-json\/wp\/v2\/pages\/8287"}],"wp:attachment":[{"href":"https:\/\/www.faserbeton.net\/de\/wp-json\/wp\/v2\/media?parent=8334"}],"curies":[{"name":"wp","href":"https:\/\/api.w.org\/{rel}","templated":true}]}}