{"id":10414,"date":"2019-02-06T06:43:33","date_gmt":"2019-02-06T05:43:33","guid":{"rendered":"https:\/\/www.faserbeton.net\/produkty\/nasze-podkladki-dystansowe-z-wloknobetonu\/quadrato-con-scanalatura-e-rete-fermagetto\/"},"modified":"2025-03-31T08:50:06","modified_gmt":"2025-03-31T06:50:06","slug":"kwadrat-z-rowkiem-i-siatka","status":"publish","type":"page","link":"https:\/\/www.faserbeton.net\/pl\/produkty\/nasze-podkladki-dystansowe-z-wloknobetonu\/kwadrat-z-rowkiem-i-siatka\/","title":{"rendered":"Kwadrat z rowkiem i siatk\u0105"},"content":{"rendered":"\t\t<div data-elementor-type=\"wp-post\" data-elementor-id=\"10414\" class=\"elementor elementor-10414 elementor-10374\" data-elementor-settings=\"[]\">\n\t\t\t\t\t\t\t<div class=\"elementor-section-wrap\">\n\t\t\t\t\t\t\t<section class=\"elementor-section elementor-top-section elementor-element elementor-element-a5bfe26 elementor-section-height-min-height elementor-section-boxed elementor-section-height-default elementor-section-items-middle\" data-id=\"a5bfe26\" data-element_type=\"section\" data-settings=\"{&quot;background_background&quot;:&quot;classic&quot;}\">\n\t\t\t\t\t\t\t<div class=\"elementor-background-overlay\"><\/div>\n\t\t\t\t\t\t\t<div class=\"elementor-container elementor-column-gap-default\">\n\t\t\t\t\t<div class=\"elementor-column elementor-col-100 elementor-top-column elementor-element elementor-element-6faf726\" data-id=\"6faf726\" data-element_type=\"column\">\n\t\t\t<div class=\"elementor-widget-wrap\">\n\t\t\t\t\t\t\t\t\t<\/div>\n\t\t<\/div>\n\t\t\t\t\t\t\t<\/div>\n\t\t<\/section>\n\t\t\t\t<section class=\"elementor-section elementor-top-section elementor-element elementor-element-4b0b97e elementor-section-boxed elementor-section-height-default elementor-section-height-default\" data-id=\"4b0b97e\" data-element_type=\"section\" data-settings=\"{&quot;background_background&quot;:&quot;classic&quot;}\">\n\t\t\t\t\t\t<div class=\"elementor-container elementor-column-gap-default\">\n\t\t\t\t\t<div class=\"elementor-column elementor-col-100 elementor-top-column elementor-element elementor-element-e9907ba\" data-id=\"e9907ba\" data-element_type=\"column\">\n\t\t\t<div class=\"elementor-widget-wrap elementor-element-populated\">\n\t\t\t\t\t\t\t\t<div class=\"elementor-element elementor-element-570ca24 elementor-align-left elementor-widget elementor-widget-raven-breadcrumbs\" data-id=\"570ca24\" data-element_type=\"widget\" data-widget_type=\"raven-breadcrumbs.default\">\n\t\t\t\t<div class=\"elementor-widget-container\">\n\t\t\t<div class=\"raven-breadcrumbs raven-breadcrumbs-default\"><ol class=\"breadcrumb\">\t\t\t\t<li class=\"breadcrumb-item active\" aria-current=\"page\"><span>Home<\/span><\/li>\n\n\t\t\t\t<\/ol><\/div>\t\t<\/div>\n\t\t\t\t<\/div>\n\t\t\t\t\t<\/div>\n\t\t<\/div>\n\t\t\t\t\t\t\t<\/div>\n\t\t<\/section>\n\t\t\t\t<section class=\"elementor-section elementor-top-section elementor-element elementor-element-43be633 elementor-section-content-middle elementor-section-boxed elementor-section-height-default elementor-section-height-default\" data-id=\"43be633\" data-element_type=\"section\">\n\t\t\t\t\t\t<div class=\"elementor-container elementor-column-gap-default\">\n\t\t\t\t\t<div class=\"elementor-column elementor-col-50 elementor-top-column elementor-element elementor-element-7a2b945\" data-id=\"7a2b945\" data-element_type=\"column\">\n\t\t\t<div class=\"elementor-widget-wrap elementor-element-populated\">\n\t\t\t\t\t\t\t\t<section class=\"elementor-section elementor-inner-section elementor-element elementor-element-34085e1 elementor-section-content-middle elementor-section-boxed elementor-section-height-default elementor-section-height-default\" data-id=\"34085e1\" data-element_type=\"section\">\n\t\t\t\t\t\t<div class=\"elementor-container elementor-column-gap-default\">\n\t\t\t\t\t<div class=\"elementor-column elementor-col-50 elementor-inner-column elementor-element elementor-element-ed86714\" data-id=\"ed86714\" data-element_type=\"column\">\n\t\t\t<div class=\"elementor-widget-wrap elementor-element-populated\">\n\t\t\t\t\t\t\t\t<div class=\"elementor-element elementor-element-c5f68c3 elementor-widget-divider--view-line elementor-widget elementor-widget-divider\" data-id=\"c5f68c3\" data-element_type=\"widget\" data-widget_type=\"divider.default\">\n\t\t\t\t<div class=\"elementor-widget-container\">\n\t\t\t\t\t<div class=\"elementor-divider\">\n\t\t\t<span class=\"elementor-divider-separator\">\n\t\t\t\t\t\t<\/span>\n\t\t<\/div>\n\t\t\t\t<\/div>\n\t\t\t\t<\/div>\n\t\t\t\t\t<\/div>\n\t\t<\/div>\n\t\t\t\t<div class=\"elementor-column elementor-col-50 elementor-inner-column elementor-element elementor-element-45d0f6d\" data-id=\"45d0f6d\" data-element_type=\"column\">\n\t\t\t<div class=\"elementor-widget-wrap elementor-element-populated\">\n\t\t\t\t\t\t\t\t<div class=\"elementor-element elementor-element-bcfacc7 elementor-widget elementor-widget-text-editor\" data-id=\"bcfacc7\" data-element_type=\"widget\" data-widget_type=\"text-editor.default\">\n\t\t\t\t<div class=\"elementor-widget-container\">\n\t\t\t\t\t\t\t\t<p>PRODUKTY<\/p>\t\t\t\t\t\t<\/div>\n\t\t\t\t<\/div>\n\t\t\t\t\t<\/div>\n\t\t<\/div>\n\t\t\t\t\t\t\t<\/div>\n\t\t<\/section>\n\t\t\t\t<div class=\"elementor-element elementor-element-b487309 elementor-align-left elementor-widget elementor-widget-raven-heading\" data-id=\"b487309\" data-element_type=\"widget\" data-widget_type=\"raven-heading.default\">\n\t\t\t\t<div class=\"elementor-widget-container\">\n\t\t\t\t\t<div class=\"raven-widget-wrapper\"><h2 class=\"raven-heading raven-heading-h2\"><span class=\"raven-heading-title\">Kwadrat z rowkiem i siatk\u0105<\/span><\/h2><\/div>\n\t\t\t\t<\/div>\n\t\t\t\t<\/div>\n\t\t\t\t<div class=\"elementor-element elementor-element-536e62b elementor-widget elementor-widget-text-editor\" data-id=\"536e62b\" data-element_type=\"widget\" data-widget_type=\"text-editor.default\">\n\t\t\t\t<div class=\"elementor-widget-container\">\n\t\t\t\t\t\t\t\tElement dystansowy wyt\u0142aczany z w\u0142\u00f3knobetonu\no przekroju kwadratu z rowkiem i siatk\u0105 zatrzymuj\u0105c\u0105.\t\t\t\t\t\t<\/div>\n\t\t\t\t<\/div>\n\t\t\t\t\t<\/div>\n\t\t<\/div>\n\t\t\t\t<div class=\"elementor-column elementor-col-50 elementor-top-column elementor-element elementor-element-1a7c314\" data-id=\"1a7c314\" data-element_type=\"column\">\n\t\t\t<div class=\"elementor-widget-wrap\">\n\t\t\t\t\t\t\t\t\t<\/div>\n\t\t<\/div>\n\t\t\t\t\t\t\t<\/div>\n\t\t<\/section>\n\t\t\t\t<section class=\"elementor-section elementor-top-section elementor-element elementor-element-1555ece elementor-section-boxed elementor-section-height-default elementor-section-height-default\" data-id=\"1555ece\" data-element_type=\"section\">\n\t\t\t\t\t\t<div class=\"elementor-container elementor-column-gap-default\">\n\t\t\t\t\t<div class=\"elementor-column elementor-col-33 elementor-top-column elementor-element elementor-element-d919480\" data-id=\"d919480\" data-element_type=\"column\">\n\t\t\t<div class=\"elementor-widget-wrap elementor-element-populated\">\n\t\t\t\t\t\t\t\t<div class=\"elementor-element elementor-element-a8bc0bb elementor-widget elementor-widget-image\" data-id=\"a8bc0bb\" data-element_type=\"widget\" data-widget_type=\"image.default\">\n\t\t\t\t<div class=\"elementor-widget-container\">\n\t\t\t\t\t\t\t\t\t\t\t\t\t\t\t<img loading=\"lazy\" decoding=\"async\" width=\"1000\" height=\"750\" src=\"https:\/\/www.faserbeton.net\/wp-content\/uploads\/2025\/03\/FASERBETON_prodotti_quadrato_scanalatura_rete_fermagetto.jpg\" class=\"attachment-full size-full\" alt=\"\" srcset=\"https:\/\/www.faserbeton.net\/wp-content\/uploads\/2025\/03\/FASERBETON_prodotti_quadrato_scanalatura_rete_fermagetto.jpg 1000w, https:\/\/www.faserbeton.net\/wp-content\/uploads\/2025\/03\/FASERBETON_prodotti_quadrato_scanalatura_rete_fermagetto-300x225.jpg 300w, https:\/\/www.faserbeton.net\/wp-content\/uploads\/2025\/03\/FASERBETON_prodotti_quadrato_scanalatura_rete_fermagetto-768x576.jpg 768w\" sizes=\"(max-width: 1000px) 100vw, 1000px\" \/>\t\t\t\t\t\t\t\t\t\t\t\t\t\t\t<\/div>\n\t\t\t\t<\/div>\n\t\t\t\t\t<\/div>\n\t\t<\/div>\n\t\t\t\t<div class=\"elementor-column elementor-col-33 elementor-top-column elementor-element elementor-element-d28280f\" data-id=\"d28280f\" data-element_type=\"column\">\n\t\t\t<div class=\"elementor-widget-wrap\">\n\t\t\t\t\t\t\t\t\t<\/div>\n\t\t<\/div>\n\t\t\t\t<div class=\"elementor-column elementor-col-33 elementor-top-column elementor-element elementor-element-3ad2bd9\" data-id=\"3ad2bd9\" data-element_type=\"column\">\n\t\t\t<div class=\"elementor-widget-wrap elementor-element-populated\">\n\t\t\t\t\t\t\t\t<div class=\"elementor-element elementor-element-34b627f elementor-widget elementor-widget-text-editor\" data-id=\"34b627f\" data-element_type=\"widget\" data-widget_type=\"text-editor.default\">\n\t\t\t\t<div class=\"elementor-widget-container\">\n\t\t\t\t\t\t\t\twysoko\u015b\u0107 siatki:\t\t\t\t\t\t<\/div>\n\t\t\t\t<\/div>\n\t\t\t\t<div class=\"elementor-element elementor-element-cbad7b8 elementor-widget elementor-widget-text-editor\" data-id=\"cbad7b8\" data-element_type=\"widget\" data-widget_type=\"text-editor.default\">\n\t\t\t\t<div class=\"elementor-widget-container\">\n\t\t\t\t\t\t\t\t<p>80 mm<\/p><p>120 mm<\/p><p>160 mm<\/p>\t\t\t\t\t\t<\/div>\n\t\t\t\t<\/div>\n\t\t\t\t<div class=\"elementor-element elementor-element-12a499d elementor-widget elementor-widget-image\" data-id=\"12a499d\" data-element_type=\"widget\" data-widget_type=\"image.default\">\n\t\t\t\t<div class=\"elementor-widget-container\">\n\t\t\t\t\t\t\t\t\t\t\t\t\t\t\t<img loading=\"lazy\" decoding=\"async\" width=\"150\" height=\"150\" src=\"https:\/\/www.faserbeton.net\/wp-content\/uploads\/2025\/03\/FASERBETON_icone_prodotti_sito_Tavola-disegno-1-copia-2.png\" class=\"attachment-full size-full\" alt=\"\" \/>\t\t\t\t\t\t\t\t\t\t\t\t\t\t\t<\/div>\n\t\t\t\t<\/div>\n\t\t\t\t\t<\/div>\n\t\t<\/div>\n\t\t\t\t\t\t\t<\/div>\n\t\t<\/section>\n\t\t\t\t<section class=\"elementor-section elementor-top-section elementor-element elementor-element-5aac6e6 elementor-section-boxed elementor-section-height-default elementor-section-height-default\" data-id=\"5aac6e6\" data-element_type=\"section\">\n\t\t\t\t\t\t<div class=\"elementor-container elementor-column-gap-default\">\n\t\t\t\t\t<div class=\"elementor-column elementor-col-100 elementor-top-column elementor-element elementor-element-04be4e2\" data-id=\"04be4e2\" data-element_type=\"column\">\n\t\t\t<div class=\"elementor-widget-wrap elementor-element-populated\">\n\t\t\t\t\t\t\t\t<div class=\"elementor-element elementor-element-e61a7d5 elementor-widget elementor-widget-text-editor\" data-id=\"e61a7d5\" data-element_type=\"widget\" data-widget_type=\"text-editor.default\">\n\t\t\t\t<div class=\"elementor-widget-container\">\n\t\t\t\t\t\t\t\t<table border=\"0\" cellspacing=\"0\"><colgroup width=\"224\"><\/colgroup> <colgroup width=\"204\"><\/colgroup> <colgroup width=\"197\"><\/colgroup> <colgroup width=\"208\"><\/colgroup> <colgroup width=\"305\"><\/colgroup>\n<tbody>\n<tr>\n<td align=\"center\" valign=\"middle\" bgcolor=\"#9E9FA2\" height=\"51\"><b><span style=\"color: #ffffff;\">Kod<\/span><\/b><\/td>\n<td align=\"center\" valign=\"middle\" bgcolor=\"#9E9FA2\"><b><span style=\"color: #ffffff;\">Otulina betonowa<\/span><\/b><\/td>\n<td align=\"center\" valign=\"middle\" bgcolor=\"#9E9FA2\"><b><span style=\"color: #ffffff;\">D\u0142ugo\u015b\u0107 (m)<\/span><\/b><\/td>\n<td align=\"center\" valign=\"middle\" bgcolor=\"#9E9FA2\"><b><span style=\"color: #ffffff;\">Ilo\u015b\u0107 sztuk na palecie<\/span><\/b><\/td>\n<td align=\"center\" valign=\"middle\" bgcolor=\"#9E9FA2\"><b><span style=\"color: #ffffff;\">Waga palety (Kg)<\/span><\/b><\/td>\n<\/tr>\n<tr>\n<td align=\"center\" height=\"50\">VNUT12035-80<\/td>\n<td align=\"center\">35<\/td>\n<td align=\"center\">1,20<\/td>\n<td align=\"center\">150<\/td>\n<td align=\"center\">500<\/td>\n<\/tr>\n<tr>\n<td align=\"center\" bgcolor=\"#F2F2F2\" height=\"50\">VNUT12040-80<\/td>\n<td align=\"center\" bgcolor=\"#F2F2F2\">40<\/td>\n<td align=\"center\" bgcolor=\"#F2F2F2\">1,20<\/td>\n<td align=\"center\" bgcolor=\"#F2F2F2\">150<\/td>\n<td align=\"center\" bgcolor=\"#F2F2F2\">640<\/td>\n<\/tr>\n<tr>\n<td align=\"center\" height=\"50\">VNUT12045-80<\/td>\n<td align=\"center\">45<\/td>\n<td align=\"center\">1,20<\/td>\n<td align=\"center\">150<\/td>\n<td align=\"center\">850<\/td>\n<\/tr>\n<tr>\n<td align=\"center\" bgcolor=\"#F2F2F2\" height=\"50\">VNUT12050-80<\/td>\n<td align=\"center\" bgcolor=\"#F2F2F2\">50<\/td>\n<td align=\"center\" bgcolor=\"#F2F2F2\">1,20<\/td>\n<td align=\"center\" bgcolor=\"#F2F2F2\">100<\/td>\n<td align=\"center\" bgcolor=\"#F2F2F2\">640<\/td>\n<\/tr>\n<tr>\n<td align=\"center\" height=\"50\">VNUT12060-80<\/td>\n<td align=\"center\">60<\/td>\n<td align=\"center\">1,20<\/td>\n<td align=\"center\">100<\/td>\n<td align=\"center\">970<\/td>\n<\/tr>\n<tr>\n<td align=\"center\" bgcolor=\"#F2F2F2\" height=\"50\">VNUT12075-80<\/td>\n<td align=\"center\" bgcolor=\"#F2F2F2\">75<\/td>\n<td align=\"center\" bgcolor=\"#F2F2F2\">1,20<\/td>\n<td align=\"center\" bgcolor=\"#F2F2F2\">70<\/td>\n<td align=\"center\" bgcolor=\"#F2F2F2\">1035<\/td>\n<\/tr>\n<\/tbody>\n<\/table>\t\t\t\t\t\t<\/div>\n\t\t\t\t<\/div>\n\t\t\t\t\t<\/div>\n\t\t<\/div>\n\t\t\t\t\t\t\t<\/div>\n\t\t<\/section>\n\t\t\t\t<section class=\"elementor-section elementor-top-section elementor-element elementor-element-e52653e elementor-section-boxed elementor-section-height-default elementor-section-height-default\" data-id=\"e52653e\" data-element_type=\"section\">\n\t\t\t\t\t\t<div class=\"elementor-container elementor-column-gap-default\">\n\t\t\t\t\t<div class=\"elementor-column elementor-col-100 elementor-top-column elementor-element elementor-element-93e897e\" data-id=\"93e897e\" data-element_type=\"column\">\n\t\t\t<div class=\"elementor-widget-wrap elementor-element-populated\">\n\t\t\t\t\t\t\t\t<div class=\"elementor-element elementor-element-1f87a8d elementor-widget elementor-widget-text-editor\" data-id=\"1f87a8d\" data-element_type=\"widget\" data-widget_type=\"text-editor.default\">\n\t\t\t\t<div class=\"elementor-widget-container\">\n\t\t\t\t\t\t\t\t<table border=\"0\" cellspacing=\"0\"><colgroup width=\"224\"><\/colgroup> <colgroup width=\"204\"><\/colgroup> <colgroup width=\"197\"><\/colgroup> <colgroup width=\"208\"><\/colgroup> <colgroup width=\"305\"><\/colgroup><tbody><tr><td align=\"center\" valign=\"middle\" bgcolor=\"#9E9FA2\" height=\"51\"><span style=\"font-weight: bold;\"><span style=\"color: #ffffff;\">Kod<\/span><\/span><\/td><td align=\"center\" valign=\"middle\" bgcolor=\"#9E9FA2\"><span style=\"font-weight: bold;\"><span style=\"color: #ffffff;\">Otulina betonowa<\/span><\/span><\/td><td align=\"center\" valign=\"middle\" bgcolor=\"#9E9FA2\"><span style=\"font-weight: bold;\"><span style=\"color: #ffffff;\">D\u0142ugo\u015b\u0107<\/span><\/span><b><span style=\"color: #ffffff;\">\u00a0(m)<\/span><\/b><\/td><td align=\"center\" valign=\"middle\" bgcolor=\"#9E9FA2\"><span style=\"font-weight: bold;\"><span style=\"color: #ffffff;\">Ilo\u015b\u0107 sztuk na palecie<\/span><\/span><\/td><td align=\"center\" valign=\"middle\" bgcolor=\"#9E9FA2\"><span style=\"font-weight: bold;\"><span style=\"color: #ffffff;\">Waga palety<\/span><\/span><b><span style=\"color: #ffffff;\">\u00a0(Kg)<\/span><\/b><\/td><\/tr><tr><td align=\"center\" height=\"50\">VNUT12035-120<\/td><td align=\"center\">35<\/td><td align=\"center\">1,20<\/td><td align=\"center\">100<\/td><td align=\"center\">375<\/td><\/tr><tr><td align=\"center\" bgcolor=\"#F2F2F2\" height=\"50\">VNUT12040-120<\/td><td align=\"center\" bgcolor=\"#F2F2F2\">40<\/td><td align=\"center\" bgcolor=\"#F2F2F2\">1,20<\/td><td align=\"center\" bgcolor=\"#F2F2F2\">100<\/td><td align=\"center\" bgcolor=\"#F2F2F2\">470<\/td><\/tr><tr><td align=\"center\" height=\"50\">VNUT12045-120<\/td><td align=\"center\">45<\/td><td align=\"center\">1,20<\/td><td align=\"center\">100<\/td><td align=\"center\">610<\/td><\/tr><tr><td align=\"center\" bgcolor=\"#F2F2F2\" height=\"50\">VNUT12050-120<\/td><td align=\"center\" bgcolor=\"#F2F2F2\">50<\/td><td align=\"center\" bgcolor=\"#F2F2F2\">1,20<\/td><td align=\"center\" bgcolor=\"#F2F2F2\">100<\/td><td align=\"center\" bgcolor=\"#F2F2F2\">680<\/td><\/tr><tr><td align=\"center\" height=\"50\">VNUT12060-120<\/td><td align=\"center\">60<\/td><td align=\"center\">1,20<\/td><td align=\"center\">100<\/td><td align=\"center\">1000<\/td><\/tr><tr><td align=\"center\" bgcolor=\"#F2F2F2\" height=\"50\">VNUT12075-120<\/td><td align=\"center\" bgcolor=\"#F2F2F2\">75<\/td><td align=\"center\" bgcolor=\"#F2F2F2\">1,20<\/td><td align=\"center\" bgcolor=\"#F2F2F2\">70<\/td><td align=\"center\" bgcolor=\"#F2F2F2\">1060<\/td><\/tr><\/tbody><\/table>\t\t\t\t\t\t<\/div>\n\t\t\t\t<\/div>\n\t\t\t\t\t<\/div>\n\t\t<\/div>\n\t\t\t\t\t\t\t<\/div>\n\t\t<\/section>\n\t\t\t\t<section class=\"elementor-section elementor-top-section elementor-element elementor-element-912e2eb elementor-section-boxed elementor-section-height-default elementor-section-height-default\" data-id=\"912e2eb\" data-element_type=\"section\">\n\t\t\t\t\t\t<div class=\"elementor-container elementor-column-gap-default\">\n\t\t\t\t\t<div class=\"elementor-column elementor-col-100 elementor-top-column elementor-element elementor-element-03942c8\" data-id=\"03942c8\" data-element_type=\"column\">\n\t\t\t<div class=\"elementor-widget-wrap elementor-element-populated\">\n\t\t\t\t\t\t\t\t<div class=\"elementor-element elementor-element-de69d49 elementor-widget elementor-widget-text-editor\" data-id=\"de69d49\" data-element_type=\"widget\" data-widget_type=\"text-editor.default\">\n\t\t\t\t<div class=\"elementor-widget-container\">\n\t\t\t\t\t\t\t\t<table border=\"0\" cellspacing=\"0\"><colgroup width=\"224\"><\/colgroup> <colgroup width=\"204\"><\/colgroup> <colgroup width=\"197\"><\/colgroup> <colgroup width=\"208\"><\/colgroup> <colgroup width=\"305\"><\/colgroup><tbody><tr><td align=\"center\" valign=\"middle\" bgcolor=\"#9E9FA2\" height=\"51\"><span style=\"font-weight: bold;\"><span style=\"color: #ffffff;\">Kod<\/span><\/span><\/td><td align=\"center\" valign=\"middle\" bgcolor=\"#9E9FA2\"><span style=\"font-weight: bold;\"><span style=\"color: #ffffff;\">Otulina betonowa<\/span><\/span><\/td><td align=\"center\" valign=\"middle\" bgcolor=\"#9E9FA2\"><span style=\"font-weight: bold;\"><span style=\"color: #ffffff;\">D\u0142ugo\u015b\u0107<\/span><\/span><b><span style=\"color: #ffffff;\">\u00a0(m)<\/span><\/b><\/td><td align=\"center\" valign=\"middle\" bgcolor=\"#9E9FA2\"><span style=\"font-weight: bold;\"><span style=\"color: #ffffff;\">Ilo\u015b\u0107 sztuk na palecie<\/span><\/span><\/td><td align=\"center\" valign=\"middle\" bgcolor=\"#9E9FA2\"><span style=\"font-weight: bold;\"><span style=\"color: #ffffff;\">Waga palety<\/span><\/span><b><span style=\"color: #ffffff;\">\u00a0(Kg)<\/span><\/b><\/td><\/tr><tr><td align=\"center\" height=\"50\">VNUT12035-160<\/td><td align=\"center\">35<\/td><td align=\"center\">1,20<\/td><td align=\"center\">150<\/td><td align=\"center\">395<\/td><\/tr><tr><td align=\"center\" bgcolor=\"#F2F2F2\" height=\"50\">VNUT12040-160<\/td><td align=\"center\" bgcolor=\"#F2F2F2\">40<\/td><td align=\"center\" bgcolor=\"#F2F2F2\">1,20<\/td><td align=\"center\" bgcolor=\"#F2F2F2\">150<\/td><td align=\"center\" bgcolor=\"#F2F2F2\">490<\/td><\/tr><tr><td align=\"center\" height=\"50\">VNUT12045-160<\/td><td align=\"center\">45<\/td><td align=\"center\">1,20<\/td><td align=\"center\">150<\/td><td align=\"center\">630<\/td><\/tr><tr><td align=\"center\" bgcolor=\"#F2F2F2\" height=\"50\">VNUT12050-160<\/td><td align=\"center\" bgcolor=\"#F2F2F2\">50<\/td><td align=\"center\" bgcolor=\"#F2F2F2\">1,20<\/td><td align=\"center\" bgcolor=\"#F2F2F2\">100<\/td><td align=\"center\" bgcolor=\"#F2F2F2\">700<\/td><\/tr><tr><td align=\"center\" height=\"50\">VNUT12060-160<\/td><td align=\"center\">60<\/td><td align=\"center\">1,20<\/td><td align=\"center\">80<\/td><td align=\"center\">820<\/td><\/tr><tr><td align=\"center\" bgcolor=\"#F2F2F2\" height=\"50\">VNUT12075-160<\/td><td align=\"center\" bgcolor=\"#F2F2F2\">75<\/td><td align=\"center\" bgcolor=\"#F2F2F2\">1,20<\/td><td align=\"center\" bgcolor=\"#F2F2F2\">70<\/td><td align=\"center\" bgcolor=\"#F2F2F2\">1070<\/td><\/tr><\/tbody><\/table>\t\t\t\t\t\t<\/div>\n\t\t\t\t<\/div>\n\t\t\t\t\t<\/div>\n\t\t<\/div>\n\t\t\t\t\t\t\t<\/div>\n\t\t<\/section>\n\t\t\t\t<section class=\"elementor-section elementor-top-section elementor-element elementor-element-f8ec9aa elementor-section-boxed elementor-section-height-default elementor-section-height-default\" data-id=\"f8ec9aa\" data-element_type=\"section\">\n\t\t\t\t\t\t<div class=\"elementor-container elementor-column-gap-default\">\n\t\t\t\t\t<div class=\"elementor-column elementor-col-100 elementor-top-column elementor-element elementor-element-bbe5a3b\" data-id=\"bbe5a3b\" data-element_type=\"column\">\n\t\t\t<div class=\"elementor-widget-wrap elementor-element-populated\">\n\t\t\t\t\t\t\t\t<div class=\"elementor-element elementor-element-4229bc6 elementor-widget elementor-widget-text-editor\" data-id=\"4229bc6\" data-element_type=\"widget\" data-widget_type=\"text-editor.default\">\n\t\t\t\t<div class=\"elementor-widget-container\">\n\t\t\t\t\t\t\t\t<p>Note<\/p>\t\t\t\t\t\t<\/div>\n\t\t\t\t<\/div>\n\t\t\t\t<div class=\"elementor-element elementor-element-fc5b9a0 elementor-widget elementor-widget-text-editor\" data-id=\"fc5b9a0\" data-element_type=\"widget\" data-widget_type=\"text-editor.default\">\n\t\t\t\t<div class=\"elementor-widget-container\">\n\t\t\t\t\t\t\t\t<ul>\n \t<li>Zapobiega rozlewaniu si\u0119 betonu podczas wylewania, zapewniaj\u0105c jednocze\u015bnie prawid\u0142owe u\u0142o\u017cenie zbrojenia;<\/li>\n \t<li>Dost\u0119pne s\u0105 trzy wysoko\u015bci siatki.<\/li>\n<\/ul>\t\t\t\t\t\t<\/div>\n\t\t\t\t<\/div>\n\t\t\t\t\t<\/div>\n\t\t<\/div>\n\t\t\t\t\t\t\t<\/div>\n\t\t<\/section>\n\t\t\t\t\t\t<\/div>\n\t\t\t\t\t<\/div>\n\t\t","protected":false},"excerpt":{"rendered":"<p>Home PRODUKTY Kwadrat z rowkiem i siatk\u0105 Element dystansowy wyt\u0142aczany z w\u0142\u00f3knobetonu o przekroju kwadratu z rowkiem i siatk\u0105 zatrzymuj\u0105c\u0105. wysoko\u015b\u0107 siatki: 80 mm 120 mm 160 mm Kod Otulina betonowa D\u0142ugo\u015b\u0107 (m) Ilo\u015b\u0107 sztuk na palecie Waga palety (Kg) VNUT12035-80 35 1,20 150 500 VNUT12040-80 40 1,20 150 640 VNUT12045-80 45 1,20 150 850 [&hellip;]<\/p>\n","protected":false},"author":2,"featured_media":0,"parent":7686,"menu_order":0,"comment_status":"closed","ping_status":"closed","template":"elementor_header_footer","meta":{"_acf_changed":false,"footnotes":""},"acf":[],"_links":{"self":[{"href":"https:\/\/www.faserbeton.net\/pl\/wp-json\/wp\/v2\/pages\/10414"}],"collection":[{"href":"https:\/\/www.faserbeton.net\/pl\/wp-json\/wp\/v2\/pages"}],"about":[{"href":"https:\/\/www.faserbeton.net\/pl\/wp-json\/wp\/v2\/types\/page"}],"author":[{"embeddable":true,"href":"https:\/\/www.faserbeton.net\/pl\/wp-json\/wp\/v2\/users\/2"}],"replies":[{"embeddable":true,"href":"https:\/\/www.faserbeton.net\/pl\/wp-json\/wp\/v2\/comments?post=10414"}],"version-history":[{"count":8,"href":"https:\/\/www.faserbeton.net\/pl\/wp-json\/wp\/v2\/pages\/10414\/revisions"}],"predecessor-version":[{"id":10960,"href":"https:\/\/www.faserbeton.net\/pl\/wp-json\/wp\/v2\/pages\/10414\/revisions\/10960"}],"up":[{"embeddable":true,"href":"https:\/\/www.faserbeton.net\/pl\/wp-json\/wp\/v2\/pages\/7686"}],"wp:attachment":[{"href":"https:\/\/www.faserbeton.net\/pl\/wp-json\/wp\/v2\/media?parent=10414"}],"curies":[{"name":"wp","href":"https:\/\/api.w.org\/{rel}","templated":true}]}}