{"id":10490,"date":"2019-02-06T06:43:33","date_gmt":"2019-02-06T05:43:33","guid":{"rendered":"https:\/\/www.faserbeton.net\/produkty\/nasze-podkladki-dystansowe-z-wloknobetonu\/trapezio-concavo\/"},"modified":"2025-03-31T08:54:47","modified_gmt":"2025-03-31T06:54:47","slug":"trapez-wklesly","status":"publish","type":"page","link":"https:\/\/www.faserbeton.net\/pl\/produkty\/nasze-podkladki-dystansowe-z-wloknobetonu\/trapez-wklesly\/","title":{"rendered":"Trapez wkl\u0119s\u0142y"},"content":{"rendered":"\t\t<div data-elementor-type=\"wp-post\" data-elementor-id=\"10490\" class=\"elementor elementor-10490 elementor-10482\" data-elementor-settings=\"[]\">\n\t\t\t\t\t\t\t<div class=\"elementor-section-wrap\">\n\t\t\t\t\t\t\t<section class=\"elementor-section elementor-top-section elementor-element elementor-element-a5bfe26 elementor-section-height-min-height elementor-section-boxed elementor-section-height-default elementor-section-items-middle\" data-id=\"a5bfe26\" data-element_type=\"section\" data-settings=\"{&quot;background_background&quot;:&quot;classic&quot;}\">\n\t\t\t\t\t\t\t<div class=\"elementor-background-overlay\"><\/div>\n\t\t\t\t\t\t\t<div class=\"elementor-container elementor-column-gap-default\">\n\t\t\t\t\t<div class=\"elementor-column elementor-col-100 elementor-top-column elementor-element elementor-element-6faf726\" data-id=\"6faf726\" data-element_type=\"column\">\n\t\t\t<div class=\"elementor-widget-wrap\">\n\t\t\t\t\t\t\t\t\t<\/div>\n\t\t<\/div>\n\t\t\t\t\t\t\t<\/div>\n\t\t<\/section>\n\t\t\t\t<section class=\"elementor-section elementor-top-section elementor-element elementor-element-4b0b97e elementor-section-boxed elementor-section-height-default elementor-section-height-default\" data-id=\"4b0b97e\" data-element_type=\"section\" data-settings=\"{&quot;background_background&quot;:&quot;classic&quot;}\">\n\t\t\t\t\t\t<div class=\"elementor-container elementor-column-gap-default\">\n\t\t\t\t\t<div class=\"elementor-column elementor-col-100 elementor-top-column elementor-element elementor-element-e9907ba\" data-id=\"e9907ba\" data-element_type=\"column\">\n\t\t\t<div class=\"elementor-widget-wrap elementor-element-populated\">\n\t\t\t\t\t\t\t\t<div class=\"elementor-element elementor-element-570ca24 elementor-align-left elementor-widget elementor-widget-raven-breadcrumbs\" data-id=\"570ca24\" data-element_type=\"widget\" data-widget_type=\"raven-breadcrumbs.default\">\n\t\t\t\t<div class=\"elementor-widget-container\">\n\t\t\t<div class=\"raven-breadcrumbs raven-breadcrumbs-default\"><ol class=\"breadcrumb\">\t\t\t\t<li class=\"breadcrumb-item active\" aria-current=\"page\"><span>Home<\/span><\/li>\n\n\t\t\t\t<\/ol><\/div>\t\t<\/div>\n\t\t\t\t<\/div>\n\t\t\t\t\t<\/div>\n\t\t<\/div>\n\t\t\t\t\t\t\t<\/div>\n\t\t<\/section>\n\t\t\t\t<section class=\"elementor-section elementor-top-section elementor-element elementor-element-43be633 elementor-section-content-middle elementor-section-boxed elementor-section-height-default elementor-section-height-default\" data-id=\"43be633\" data-element_type=\"section\">\n\t\t\t\t\t\t<div class=\"elementor-container elementor-column-gap-default\">\n\t\t\t\t\t<div class=\"elementor-column elementor-col-50 elementor-top-column elementor-element elementor-element-7a2b945\" data-id=\"7a2b945\" data-element_type=\"column\">\n\t\t\t<div class=\"elementor-widget-wrap elementor-element-populated\">\n\t\t\t\t\t\t\t\t<section class=\"elementor-section elementor-inner-section elementor-element elementor-element-34085e1 elementor-section-content-middle elementor-section-boxed elementor-section-height-default elementor-section-height-default\" data-id=\"34085e1\" data-element_type=\"section\">\n\t\t\t\t\t\t<div class=\"elementor-container elementor-column-gap-default\">\n\t\t\t\t\t<div class=\"elementor-column elementor-col-50 elementor-inner-column elementor-element elementor-element-ed86714\" data-id=\"ed86714\" data-element_type=\"column\">\n\t\t\t<div class=\"elementor-widget-wrap elementor-element-populated\">\n\t\t\t\t\t\t\t\t<div class=\"elementor-element elementor-element-c5f68c3 elementor-widget-divider--view-line elementor-widget elementor-widget-divider\" data-id=\"c5f68c3\" data-element_type=\"widget\" data-widget_type=\"divider.default\">\n\t\t\t\t<div class=\"elementor-widget-container\">\n\t\t\t\t\t<div class=\"elementor-divider\">\n\t\t\t<span class=\"elementor-divider-separator\">\n\t\t\t\t\t\t<\/span>\n\t\t<\/div>\n\t\t\t\t<\/div>\n\t\t\t\t<\/div>\n\t\t\t\t\t<\/div>\n\t\t<\/div>\n\t\t\t\t<div class=\"elementor-column elementor-col-50 elementor-inner-column elementor-element elementor-element-45d0f6d\" data-id=\"45d0f6d\" data-element_type=\"column\">\n\t\t\t<div class=\"elementor-widget-wrap elementor-element-populated\">\n\t\t\t\t\t\t\t\t<div class=\"elementor-element elementor-element-bcfacc7 elementor-widget elementor-widget-text-editor\" data-id=\"bcfacc7\" data-element_type=\"widget\" data-widget_type=\"text-editor.default\">\n\t\t\t\t<div class=\"elementor-widget-container\">\n\t\t\t\t\t\t\t\t<p>PRODUKTY<\/p>\t\t\t\t\t\t<\/div>\n\t\t\t\t<\/div>\n\t\t\t\t\t<\/div>\n\t\t<\/div>\n\t\t\t\t\t\t\t<\/div>\n\t\t<\/section>\n\t\t\t\t<div class=\"elementor-element elementor-element-b487309 elementor-align-left elementor-widget elementor-widget-raven-heading\" data-id=\"b487309\" data-element_type=\"widget\" data-widget_type=\"raven-heading.default\">\n\t\t\t\t<div class=\"elementor-widget-container\">\n\t\t\t\t\t<div class=\"raven-widget-wrapper\"><h2 class=\"raven-heading raven-heading-h2\"><span class=\"raven-heading-title\">Trapez wkl\u0119s\u0142y<\/span><\/h2><\/div>\n\t\t\t\t<\/div>\n\t\t\t\t<\/div>\n\t\t\t\t<div class=\"elementor-element elementor-element-536e62b elementor-widget elementor-widget-text-editor\" data-id=\"536e62b\" data-element_type=\"widget\" data-widget_type=\"text-editor.default\">\n\t\t\t\t<div class=\"elementor-widget-container\">\n\t\t\t\t\t\t\t\tElement dystansowy wyt\u0142aczany z w\u0142\u00f3knobetonu o przekroju trapezu wkl\u0119s\u0142ego.\t\t\t\t\t\t<\/div>\n\t\t\t\t<\/div>\n\t\t\t\t\t<\/div>\n\t\t<\/div>\n\t\t\t\t<div class=\"elementor-column elementor-col-50 elementor-top-column elementor-element elementor-element-1a7c314\" data-id=\"1a7c314\" data-element_type=\"column\">\n\t\t\t<div class=\"elementor-widget-wrap\">\n\t\t\t\t\t\t\t\t\t<\/div>\n\t\t<\/div>\n\t\t\t\t\t\t\t<\/div>\n\t\t<\/section>\n\t\t\t\t<section class=\"elementor-section elementor-top-section elementor-element elementor-element-1555ece elementor-section-boxed elementor-section-height-default elementor-section-height-default\" data-id=\"1555ece\" data-element_type=\"section\">\n\t\t\t\t\t\t<div class=\"elementor-container elementor-column-gap-default\">\n\t\t\t\t\t<div class=\"elementor-column elementor-col-33 elementor-top-column elementor-element elementor-element-d919480\" data-id=\"d919480\" data-element_type=\"column\">\n\t\t\t<div class=\"elementor-widget-wrap elementor-element-populated\">\n\t\t\t\t\t\t\t\t<div class=\"elementor-element elementor-element-a8bc0bb elementor-widget elementor-widget-image\" data-id=\"a8bc0bb\" data-element_type=\"widget\" data-widget_type=\"image.default\">\n\t\t\t\t<div class=\"elementor-widget-container\">\n\t\t\t\t\t\t\t\t\t\t\t\t\t\t\t<img loading=\"lazy\" decoding=\"async\" width=\"1000\" height=\"750\" src=\"https:\/\/www.faserbeton.net\/wp-content\/uploads\/2025\/03\/FASERBETON_prodotti_trapezio_concavo.jpg\" class=\"attachment-full size-full\" alt=\"\" srcset=\"https:\/\/www.faserbeton.net\/wp-content\/uploads\/2025\/03\/FASERBETON_prodotti_trapezio_concavo.jpg 1000w, https:\/\/www.faserbeton.net\/wp-content\/uploads\/2025\/03\/FASERBETON_prodotti_trapezio_concavo-300x225.jpg 300w, https:\/\/www.faserbeton.net\/wp-content\/uploads\/2025\/03\/FASERBETON_prodotti_trapezio_concavo-768x576.jpg 768w\" sizes=\"(max-width: 1000px) 100vw, 1000px\" \/>\t\t\t\t\t\t\t\t\t\t\t\t\t\t\t<\/div>\n\t\t\t\t<\/div>\n\t\t\t\t\t<\/div>\n\t\t<\/div>\n\t\t\t\t<div class=\"elementor-column elementor-col-33 elementor-top-column elementor-element elementor-element-d28280f\" data-id=\"d28280f\" data-element_type=\"column\">\n\t\t\t<div class=\"elementor-widget-wrap\">\n\t\t\t\t\t\t\t\t\t<\/div>\n\t\t<\/div>\n\t\t\t\t<div class=\"elementor-column elementor-col-33 elementor-top-column elementor-element elementor-element-3ad2bd9\" data-id=\"3ad2bd9\" data-element_type=\"column\">\n\t\t\t<div class=\"elementor-widget-wrap elementor-element-populated\">\n\t\t\t\t\t\t\t\t<div class=\"elementor-element elementor-element-34b627f elementor-widget elementor-widget-text-editor\" data-id=\"34b627f\" data-element_type=\"widget\" data-widget_type=\"text-editor.default\">\n\t\t\t\t<div class=\"elementor-widget-container\">\n\t\t\t\t\t\t\t\tD\u0142ugo\u015b\u0107:\t\t\t\t\t\t<\/div>\n\t\t\t\t<\/div>\n\t\t\t\t<div class=\"elementor-element elementor-element-cbad7b8 elementor-widget elementor-widget-text-editor\" data-id=\"cbad7b8\" data-element_type=\"widget\" data-widget_type=\"text-editor.default\">\n\t\t\t\t<div class=\"elementor-widget-container\">\n\t\t\t\t\t\t\t\t<p>50 cm<\/p><p>90 cm<\/p><p>100 cm<\/p>\t\t\t\t\t\t<\/div>\n\t\t\t\t<\/div>\n\t\t\t\t<div class=\"elementor-element elementor-element-12a499d elementor-widget elementor-widget-image\" data-id=\"12a499d\" data-element_type=\"widget\" data-widget_type=\"image.default\">\n\t\t\t\t<div class=\"elementor-widget-container\">\n\t\t\t\t\t\t\t\t\t\t\t\t\t\t\t<img loading=\"lazy\" decoding=\"async\" width=\"150\" height=\"150\" src=\"https:\/\/www.faserbeton.net\/wp-content\/uploads\/2025\/03\/FASERBETON_icone_prodotti_sito_Tavola-disegno-1-copia-4.png\" class=\"attachment-full size-full\" alt=\"\" \/>\t\t\t\t\t\t\t\t\t\t\t\t\t\t\t<\/div>\n\t\t\t\t<\/div>\n\t\t\t\t\t<\/div>\n\t\t<\/div>\n\t\t\t\t\t\t\t<\/div>\n\t\t<\/section>\n\t\t\t\t<section class=\"elementor-section elementor-top-section elementor-element elementor-element-5aac6e6 elementor-section-boxed elementor-section-height-default elementor-section-height-default\" data-id=\"5aac6e6\" data-element_type=\"section\">\n\t\t\t\t\t\t<div class=\"elementor-container elementor-column-gap-default\">\n\t\t\t\t\t<div class=\"elementor-column elementor-col-100 elementor-top-column elementor-element elementor-element-04be4e2\" data-id=\"04be4e2\" data-element_type=\"column\">\n\t\t\t<div class=\"elementor-widget-wrap elementor-element-populated\">\n\t\t\t\t\t\t\t\t<div class=\"elementor-element elementor-element-e61a7d5 elementor-widget elementor-widget-text-editor\" data-id=\"e61a7d5\" data-element_type=\"widget\" data-widget_type=\"text-editor.default\">\n\t\t\t\t<div class=\"elementor-widget-container\">\n\t\t\t\t\t\t\t\t<table border=\"0\" cellspacing=\"0\"><colgroup width=\"224\"><\/colgroup> <colgroup width=\"204\"><\/colgroup> <colgroup width=\"197\"><\/colgroup> <colgroup width=\"208\"><\/colgroup> <colgroup width=\"305\"><\/colgroup>\n<tbody>\n<tr>\n<td align=\"center\" valign=\"middle\" bgcolor=\"#9E9FA2\" height=\"51\"><b><span style=\"color: #ffffff;\">Kod<\/span><\/b><\/td>\n<td align=\"center\" valign=\"middle\" bgcolor=\"#9E9FA2\"><b><span style=\"color: #ffffff;\">Otulina\nbetonowa<\/span><\/b><\/td>\n<td align=\"center\" valign=\"middle\" bgcolor=\"#9E9FA2\"><b><span style=\"color: #ffffff;\">Waga sztuki (Kg)<\/span><\/b><\/td>\n<td align=\"center\" valign=\"middle\" bgcolor=\"#9E9FA2\"><b><span style=\"color: #ffffff;\">Ilo\u015b\u0107 sztuk na palecie<\/span><\/b><\/td>\n<td align=\"center\" valign=\"middle\" bgcolor=\"#9E9FA2\"><b><span style=\"color: #ffffff;\">Waga palety (Kg)<\/span><\/b><\/td>\n<\/tr>\n<tr>\n<td align=\"center\" height=\"50\">TPZK5025<\/td>\n<td align=\"center\">25<\/td>\n<td align=\"center\">0,49<\/td>\n<td align=\"center\">1800<\/td>\n<td align=\"center\">900<\/td>\n<\/tr>\n<tr>\n<td align=\"center\" bgcolor=\"#F2F2F2\" height=\"50\">TPZK5030<\/td>\n<td align=\"center\" bgcolor=\"#F2F2F2\">30<\/td>\n<td align=\"center\" bgcolor=\"#F2F2F2\">0,66<\/td>\n<td align=\"center\" bgcolor=\"#F2F2F2\">1300<\/td>\n<td align=\"center\" bgcolor=\"#F2F2F2\">875<\/td>\n<\/tr>\n<tr>\n<td align=\"center\" height=\"50\">TPZK5035<\/td>\n<td align=\"center\">35<\/td>\n<td align=\"center\">0,91<\/td>\n<td align=\"center\">1100<\/td>\n<td align=\"center\">1025<\/td>\n<\/tr>\n<tr>\n<td align=\"center\" bgcolor=\"#F2F2F2\" height=\"50\">TPZK5040<\/td>\n<td align=\"center\" bgcolor=\"#F2F2F2\">40<\/td>\n<td align=\"center\" bgcolor=\"#F2F2F2\">0,93<\/td>\n<td align=\"center\" bgcolor=\"#F2F2F2\">1000<\/td>\n<td align=\"center\" bgcolor=\"#F2F2F2\">950<\/td>\n<\/tr>\n<tr>\n<td align=\"center\" height=\"50\">TPZK5050<\/td>\n<td align=\"center\">50<\/td>\n<td align=\"center\">1,18<\/td>\n<td align=\"center\">850<\/td>\n<td align=\"center\">1025<\/td>\n<\/tr>\n<tr>\n<td align=\"center\" bgcolor=\"#F2F2F2\" height=\"50\">TPZK5060<\/td>\n<td align=\"center\" bgcolor=\"#F2F2F2\">60<\/td>\n<td align=\"center\" bgcolor=\"#F2F2F2\">1,72<\/td>\n<td align=\"center\" bgcolor=\"#F2F2F2\">600<\/td>\n<td align=\"center\" bgcolor=\"#F2F2F2\">1050<\/td>\n<\/tr>\n<tr>\n<td align=\"center\" height=\"50\">TPZK5070<\/td>\n<td align=\"center\">70<\/td>\n<td align=\"center\">2,12<\/td>\n<td align=\"center\">450<\/td>\n<td align=\"center\">975<\/td>\n<\/tr>\n<\/tbody>\n<\/table>\t\t\t\t\t\t<\/div>\n\t\t\t\t<\/div>\n\t\t\t\t\t<\/div>\n\t\t<\/div>\n\t\t\t\t\t\t\t<\/div>\n\t\t<\/section>\n\t\t\t\t<section class=\"elementor-section elementor-top-section elementor-element elementor-element-6f7ab57 elementor-section-boxed elementor-section-height-default elementor-section-height-default\" data-id=\"6f7ab57\" data-element_type=\"section\">\n\t\t\t\t\t\t<div class=\"elementor-container elementor-column-gap-default\">\n\t\t\t\t\t<div class=\"elementor-column elementor-col-100 elementor-top-column elementor-element elementor-element-6397593\" data-id=\"6397593\" data-element_type=\"column\">\n\t\t\t<div class=\"elementor-widget-wrap elementor-element-populated\">\n\t\t\t\t\t\t\t\t<div class=\"elementor-element elementor-element-eb0cadc elementor-widget elementor-widget-text-editor\" data-id=\"eb0cadc\" data-element_type=\"widget\" data-widget_type=\"text-editor.default\">\n\t\t\t\t<div class=\"elementor-widget-container\">\n\t\t\t\t\t\t\t\t<table border=\"0\" cellspacing=\"0\"><colgroup width=\"224\"><\/colgroup> <colgroup width=\"204\"><\/colgroup> <colgroup width=\"197\"><\/colgroup> <colgroup width=\"208\"><\/colgroup> <colgroup width=\"305\"><\/colgroup><tbody><tr><td align=\"center\" valign=\"middle\" bgcolor=\"#9E9FA2\" height=\"51\"><span style=\"font-weight: bold;\"><span style=\"color: #ffffff;\">Kod<\/span><\/span><\/td><td align=\"center\" valign=\"middle\" bgcolor=\"#9E9FA2\"><span style=\"font-weight: bold;\"><span style=\"color: #ffffff;\">Otulina<br \/>betonowa<\/span><\/span><\/td><td align=\"center\" valign=\"middle\" bgcolor=\"#9E9FA2\"><span style=\"font-weight: bold;\"><span style=\"color: #ffffff;\">Waga sztuki<\/span><\/span><b><span style=\"color: #ffffff;\">\u00a0(Kg)<\/span><\/b><\/td><td align=\"center\" valign=\"middle\" bgcolor=\"#9E9FA2\"><span style=\"font-weight: bold;\"><span style=\"color: #ffffff;\">Ilo\u015b\u0107 sztuk na palecie<\/span><\/span><\/td><td align=\"center\" valign=\"middle\" bgcolor=\"#9E9FA2\"><span style=\"font-weight: bold;\"><span style=\"color: #ffffff;\">Waga palety<\/span><\/span><b><span style=\"color: #ffffff;\">\u00a0(Kg)<\/span><\/b><\/td><\/tr><tr><td align=\"center\" height=\"50\">TPZK9030<\/td><td align=\"center\">30<\/td><td align=\"center\">1,30<\/td><td align=\"center\">800<\/td><td align=\"center\">1060<\/td><\/tr><tr><td align=\"center\" bgcolor=\"#F2F2F2\" height=\"50\">TPZK9035<\/td><td align=\"center\" bgcolor=\"#F2F2F2\">35<\/td><td align=\"center\" bgcolor=\"#F2F2F2\">1,60<\/td><td align=\"center\" bgcolor=\"#F2F2F2\">650<\/td><td align=\"center\" bgcolor=\"#F2F2F2\">1050<\/td><\/tr><tr><td align=\"center\" height=\"50\">TPZK9040<\/td><td align=\"center\">40<\/td><td align=\"center\">1,90<\/td><td align=\"center\">550<\/td><td align=\"center\">1050<\/td><\/tr><tr><td align=\"center\" bgcolor=\"#F2F2F2\" height=\"50\">TPZK9050<\/td><td align=\"center\" bgcolor=\"#F2F2F2\">50<\/td><td align=\"center\" bgcolor=\"#F2F2F2\">2,50<\/td><td align=\"center\" bgcolor=\"#F2F2F2\">450<\/td><td align=\"center\" bgcolor=\"#F2F2F2\">1150<\/td><\/tr><tr><td align=\"center\" height=\"50\">TPZK9060<\/td><td align=\"center\">60<\/td><td align=\"center\">3,70<\/td><td align=\"center\">300<\/td><td align=\"center\">1100<\/td><\/tr><tr><td align=\"center\" bgcolor=\"#F2F2F2\" height=\"50\">TPZK9075<\/td><td align=\"center\" bgcolor=\"#F2F2F2\">75<\/td><td align=\"center\" bgcolor=\"#F2F2F2\">5,90<\/td><td align=\"center\" bgcolor=\"#F2F2F2\">180<\/td><td align=\"center\" bgcolor=\"#F2F2F2\">1100<\/td><\/tr><tr><td align=\"center\" height=\"50\">TPZK90100<\/td><td align=\"center\">100<\/td><td align=\"center\">9,60<\/td><td align=\"center\">100<\/td><td align=\"center\">1000<\/td><\/tr><\/tbody><\/table>\t\t\t\t\t\t<\/div>\n\t\t\t\t<\/div>\n\t\t\t\t\t<\/div>\n\t\t<\/div>\n\t\t\t\t\t\t\t<\/div>\n\t\t<\/section>\n\t\t\t\t<section class=\"elementor-section elementor-top-section elementor-element elementor-element-e40b7c0 elementor-section-boxed elementor-section-height-default elementor-section-height-default\" data-id=\"e40b7c0\" data-element_type=\"section\">\n\t\t\t\t\t\t<div class=\"elementor-container elementor-column-gap-default\">\n\t\t\t\t\t<div class=\"elementor-column elementor-col-100 elementor-top-column elementor-element elementor-element-25b3b19\" data-id=\"25b3b19\" data-element_type=\"column\">\n\t\t\t<div class=\"elementor-widget-wrap elementor-element-populated\">\n\t\t\t\t\t\t\t\t<div class=\"elementor-element elementor-element-8467128 elementor-widget elementor-widget-text-editor\" data-id=\"8467128\" data-element_type=\"widget\" data-widget_type=\"text-editor.default\">\n\t\t\t\t<div class=\"elementor-widget-container\">\n\t\t\t\t\t\t\t\t<table border=\"0\" cellspacing=\"0\"><colgroup width=\"224\"><\/colgroup> <colgroup width=\"204\"><\/colgroup> <colgroup width=\"197\"><\/colgroup> <colgroup width=\"208\"><\/colgroup> <colgroup width=\"305\"><\/colgroup><tbody><tr><td align=\"center\" valign=\"middle\" bgcolor=\"#9E9FA2\" height=\"51\"><span style=\"font-weight: bold;\"><span style=\"color: #ffffff;\">Kod<\/span><\/span><\/td><td align=\"center\" valign=\"middle\" bgcolor=\"#9E9FA2\"><span style=\"font-weight: bold;\"><span style=\"color: #ffffff;\">Otulina<br \/>betonowa<\/span><\/span><\/td><td align=\"center\" valign=\"middle\" bgcolor=\"#9E9FA2\"><span style=\"font-weight: bold;\"><span style=\"color: #ffffff;\">Waga sztuki<\/span><\/span><b><span style=\"color: #ffffff;\">\u00a0(Kg)<\/span><\/b><\/td><td align=\"center\" valign=\"middle\" bgcolor=\"#9E9FA2\"><span style=\"font-weight: bold;\"><span style=\"color: #ffffff;\">Ilo\u015b\u0107 sztuk na palecie<\/span><\/span><\/td><td align=\"center\" valign=\"middle\" bgcolor=\"#9E9FA2\"><span style=\"font-weight: bold;\"><span style=\"color: #ffffff;\">Waga palety<\/span><\/span><b><span style=\"color: #ffffff;\">\u00a0(Kg)<\/span><\/b><\/td><\/tr><tr><td align=\"center\" height=\"50\">TPZK10025<\/td><td align=\"center\">25<\/td><td align=\"center\">1,25<\/td><td align=\"center\">900<\/td><td align=\"center\">1145<\/td><\/tr><tr><td align=\"center\" bgcolor=\"#F2F2F2\" height=\"50\">TPZK10030<\/td><td align=\"center\" bgcolor=\"#F2F2F2\">30<\/td><td align=\"center\" bgcolor=\"#F2F2F2\">1,45<\/td><td align=\"center\" bgcolor=\"#F2F2F2\">720<\/td><td align=\"center\" bgcolor=\"#F2F2F2\">1065<\/td><\/tr><tr><td align=\"center\" height=\"50\">TPZK10035<\/td><td align=\"center\">35<\/td><td align=\"center\">1,80<\/td><td align=\"center\">590<\/td><td align=\"center\">1085<\/td><\/tr><tr><td align=\"center\" bgcolor=\"#F2F2F2\" height=\"50\">TPZK10040<\/td><td align=\"center\" bgcolor=\"#F2F2F2\">40<\/td><td align=\"center\" bgcolor=\"#F2F2F2\">2,10<\/td><td align=\"center\" bgcolor=\"#F2F2F2\">500<\/td><td align=\"center\" bgcolor=\"#F2F2F2\">1070<\/td><\/tr><tr><td align=\"center\" height=\"50\">TPZK10050<\/td><td align=\"center\">50<\/td><td align=\"center\">2,80<\/td><td align=\"center\">410<\/td><td align=\"center\">1170<\/td><\/tr><tr><td align=\"center\" bgcolor=\"#F2F2F2\" height=\"50\">TPZK10060<\/td><td align=\"center\" bgcolor=\"#F2F2F2\">60<\/td><td align=\"center\" bgcolor=\"#F2F2F2\">4,10<\/td><td align=\"center\" bgcolor=\"#F2F2F2\">270<\/td><td align=\"center\" bgcolor=\"#F2F2F2\">1130<\/td><\/tr><tr><td align=\"center\" height=\"50\">TPZK10075<\/td><td align=\"center\">75<\/td><td align=\"center\">6,55<\/td><td align=\"center\">160<\/td><td align=\"center\">1070<\/td><\/tr><tr><td align=\"center\" bgcolor=\"#F2F2F2\" height=\"50\">TPZK100100<\/td><td align=\"center\" bgcolor=\"#F2F2F2\">100<\/td><td align=\"center\" bgcolor=\"#F2F2F2\">10,70<\/td><td align=\"center\" bgcolor=\"#F2F2F2\">90<\/td><td align=\"center\" bgcolor=\"#F2F2F2\">985<\/td><\/tr><\/tbody><\/table>\t\t\t\t\t\t<\/div>\n\t\t\t\t<\/div>\n\t\t\t\t\t<\/div>\n\t\t<\/div>\n\t\t\t\t\t\t\t<\/div>\n\t\t<\/section>\n\t\t\t\t<section class=\"elementor-section elementor-top-section elementor-element elementor-element-f8ec9aa elementor-section-boxed elementor-section-height-default elementor-section-height-default\" data-id=\"f8ec9aa\" data-element_type=\"section\">\n\t\t\t\t\t\t<div class=\"elementor-container elementor-column-gap-default\">\n\t\t\t\t\t<div class=\"elementor-column elementor-col-100 elementor-top-column elementor-element elementor-element-bbe5a3b\" data-id=\"bbe5a3b\" data-element_type=\"column\">\n\t\t\t<div class=\"elementor-widget-wrap elementor-element-populated\">\n\t\t\t\t\t\t\t\t<div class=\"elementor-element elementor-element-4229bc6 elementor-widget elementor-widget-text-editor\" data-id=\"4229bc6\" data-element_type=\"widget\" data-widget_type=\"text-editor.default\">\n\t\t\t\t<div class=\"elementor-widget-container\">\n\t\t\t\t\t\t\t\t<p>Notatki<\/p>\t\t\t\t\t\t<\/div>\n\t\t\t\t<\/div>\n\t\t\t\t<div class=\"elementor-element elementor-element-fc5b9a0 elementor-widget elementor-widget-text-editor\" data-id=\"fc5b9a0\" data-element_type=\"widget\" data-widget_type=\"text-editor.default\">\n\t\t\t\t<div class=\"elementor-widget-container\">\n\t\t\t\t\t\t\t\t<ul>\n<li>Nadasie si\u0119 do ci\u0119\u017ckich zbroje\u0144 poziomych.<\/li>\n<\/ul>\t\t\t\t\t\t<\/div>\n\t\t\t\t<\/div>\n\t\t\t\t\t<\/div>\n\t\t<\/div>\n\t\t\t\t\t\t\t<\/div>\n\t\t<\/section>\n\t\t\t\t\t\t<\/div>\n\t\t\t\t\t<\/div>\n\t\t","protected":false},"excerpt":{"rendered":"<p>Home PRODUKTY Trapez wkl\u0119s\u0142y Element dystansowy wyt\u0142aczany z w\u0142\u00f3knobetonu o przekroju trapezu wkl\u0119s\u0142ego. D\u0142ugo\u015b\u0107: 50 cm 90 cm 100 cm Kod Otulina betonowa Waga sztuki (Kg) Ilo\u015b\u0107 sztuk na palecie Waga palety (Kg) TPZK5025 25 0,49 1800 900 TPZK5030 30 0,66 1300 875 TPZK5035 35 0,91 1100 1025 TPZK5040 40 0,93 1000 950 TPZK5050 50 [&hellip;]<\/p>\n","protected":false},"author":2,"featured_media":0,"parent":7686,"menu_order":0,"comment_status":"closed","ping_status":"closed","template":"elementor_header_footer","meta":{"_acf_changed":false,"footnotes":""},"acf":[],"_links":{"self":[{"href":"https:\/\/www.faserbeton.net\/pl\/wp-json\/wp\/v2\/pages\/10490"}],"collection":[{"href":"https:\/\/www.faserbeton.net\/pl\/wp-json\/wp\/v2\/pages"}],"about":[{"href":"https:\/\/www.faserbeton.net\/pl\/wp-json\/wp\/v2\/types\/page"}],"author":[{"embeddable":true,"href":"https:\/\/www.faserbeton.net\/pl\/wp-json\/wp\/v2\/users\/2"}],"replies":[{"embeddable":true,"href":"https:\/\/www.faserbeton.net\/pl\/wp-json\/wp\/v2\/comments?post=10490"}],"version-history":[{"count":8,"href":"https:\/\/www.faserbeton.net\/pl\/wp-json\/wp\/v2\/pages\/10490\/revisions"}],"predecessor-version":[{"id":11005,"href":"https:\/\/www.faserbeton.net\/pl\/wp-json\/wp\/v2\/pages\/10490\/revisions\/11005"}],"up":[{"embeddable":true,"href":"https:\/\/www.faserbeton.net\/pl\/wp-json\/wp\/v2\/pages\/7686"}],"wp:attachment":[{"href":"https:\/\/www.faserbeton.net\/pl\/wp-json\/wp\/v2\/media?parent=10490"}],"curies":[{"name":"wp","href":"https:\/\/api.w.org\/{rel}","templated":true}]}}