{"id":7839,"date":"2019-02-06T06:43:33","date_gmt":"2019-02-06T05:43:33","guid":{"rendered":"https:\/\/www.faserbeton.net\/prodotti\/distanziatori-estrusi-in-fibrocemento\/triangolo-concavo\/"},"modified":"2025-03-31T08:55:52","modified_gmt":"2025-03-31T06:55:52","slug":"trojkat-wklesly","status":"publish","type":"page","link":"https:\/\/www.faserbeton.net\/pl\/produkty\/nasze-podkladki-dystansowe-z-wloknobetonu\/trojkat-wklesly\/","title":{"rendered":"Tr\u00f3jk\u0105t wkl\u0119s\u0142y"},"content":{"rendered":"\t\t<div data-elementor-type=\"wp-post\" data-elementor-id=\"7839\" class=\"elementor elementor-7839 elementor-4053\" data-elementor-settings=\"[]\">\n\t\t\t\t\t\t\t<div class=\"elementor-section-wrap\">\n\t\t\t\t\t\t\t<section class=\"elementor-section elementor-top-section elementor-element elementor-element-a5bfe26 elementor-section-height-min-height elementor-section-boxed elementor-section-height-default elementor-section-items-middle\" data-id=\"a5bfe26\" data-element_type=\"section\" data-settings=\"{&quot;background_background&quot;:&quot;classic&quot;}\">\n\t\t\t\t\t\t\t<div class=\"elementor-background-overlay\"><\/div>\n\t\t\t\t\t\t\t<div class=\"elementor-container elementor-column-gap-default\">\n\t\t\t\t\t<div class=\"elementor-column elementor-col-100 elementor-top-column elementor-element elementor-element-6faf726\" data-id=\"6faf726\" data-element_type=\"column\">\n\t\t\t<div class=\"elementor-widget-wrap\">\n\t\t\t\t\t\t\t\t\t<\/div>\n\t\t<\/div>\n\t\t\t\t\t\t\t<\/div>\n\t\t<\/section>\n\t\t\t\t<section class=\"elementor-section elementor-top-section elementor-element elementor-element-4b0b97e elementor-section-boxed elementor-section-height-default elementor-section-height-default\" data-id=\"4b0b97e\" data-element_type=\"section\" data-settings=\"{&quot;background_background&quot;:&quot;classic&quot;}\">\n\t\t\t\t\t\t<div class=\"elementor-container elementor-column-gap-default\">\n\t\t\t\t\t<div class=\"elementor-column elementor-col-100 elementor-top-column elementor-element elementor-element-e9907ba\" data-id=\"e9907ba\" data-element_type=\"column\">\n\t\t\t<div class=\"elementor-widget-wrap elementor-element-populated\">\n\t\t\t\t\t\t\t\t<div class=\"elementor-element elementor-element-570ca24 elementor-align-left elementor-widget elementor-widget-raven-breadcrumbs\" data-id=\"570ca24\" data-element_type=\"widget\" data-widget_type=\"raven-breadcrumbs.default\">\n\t\t\t\t<div class=\"elementor-widget-container\">\n\t\t\t<div class=\"raven-breadcrumbs raven-breadcrumbs-default\"><ol class=\"breadcrumb\">\t\t\t\t<li class=\"breadcrumb-item active\" aria-current=\"page\"><span>Home<\/span><\/li>\n\n\t\t\t\t<\/ol><\/div>\t\t<\/div>\n\t\t\t\t<\/div>\n\t\t\t\t\t<\/div>\n\t\t<\/div>\n\t\t\t\t\t\t\t<\/div>\n\t\t<\/section>\n\t\t\t\t<section class=\"elementor-section elementor-top-section elementor-element elementor-element-43be633 elementor-section-content-middle elementor-section-boxed elementor-section-height-default elementor-section-height-default\" data-id=\"43be633\" data-element_type=\"section\">\n\t\t\t\t\t\t<div class=\"elementor-container elementor-column-gap-default\">\n\t\t\t\t\t<div class=\"elementor-column elementor-col-50 elementor-top-column elementor-element elementor-element-7a2b945\" data-id=\"7a2b945\" data-element_type=\"column\">\n\t\t\t<div class=\"elementor-widget-wrap elementor-element-populated\">\n\t\t\t\t\t\t\t\t<section class=\"elementor-section elementor-inner-section elementor-element elementor-element-34085e1 elementor-section-content-middle elementor-section-boxed elementor-section-height-default elementor-section-height-default\" data-id=\"34085e1\" data-element_type=\"section\">\n\t\t\t\t\t\t<div class=\"elementor-container elementor-column-gap-default\">\n\t\t\t\t\t<div class=\"elementor-column elementor-col-50 elementor-inner-column elementor-element elementor-element-ed86714\" data-id=\"ed86714\" data-element_type=\"column\">\n\t\t\t<div class=\"elementor-widget-wrap elementor-element-populated\">\n\t\t\t\t\t\t\t\t<div class=\"elementor-element elementor-element-c5f68c3 elementor-widget-divider--view-line elementor-widget elementor-widget-divider\" data-id=\"c5f68c3\" data-element_type=\"widget\" data-widget_type=\"divider.default\">\n\t\t\t\t<div class=\"elementor-widget-container\">\n\t\t\t\t\t<div class=\"elementor-divider\">\n\t\t\t<span class=\"elementor-divider-separator\">\n\t\t\t\t\t\t<\/span>\n\t\t<\/div>\n\t\t\t\t<\/div>\n\t\t\t\t<\/div>\n\t\t\t\t\t<\/div>\n\t\t<\/div>\n\t\t\t\t<div class=\"elementor-column elementor-col-50 elementor-inner-column elementor-element elementor-element-45d0f6d\" data-id=\"45d0f6d\" data-element_type=\"column\">\n\t\t\t<div class=\"elementor-widget-wrap elementor-element-populated\">\n\t\t\t\t\t\t\t\t<div class=\"elementor-element elementor-element-bcfacc7 elementor-widget elementor-widget-text-editor\" data-id=\"bcfacc7\" data-element_type=\"widget\" data-widget_type=\"text-editor.default\">\n\t\t\t\t<div class=\"elementor-widget-container\">\n\t\t\t\t\t\t\t\t<p class=\"p1\">PRODUKTY<\/p>\t\t\t\t\t\t<\/div>\n\t\t\t\t<\/div>\n\t\t\t\t\t<\/div>\n\t\t<\/div>\n\t\t\t\t\t\t\t<\/div>\n\t\t<\/section>\n\t\t\t\t<div class=\"elementor-element elementor-element-b487309 elementor-align-left elementor-widget elementor-widget-raven-heading\" data-id=\"b487309\" data-element_type=\"widget\" data-widget_type=\"raven-heading.default\">\n\t\t\t\t<div class=\"elementor-widget-container\">\n\t\t\t\t\t<div class=\"raven-widget-wrapper\"><h2 class=\"raven-heading raven-heading-h2\"><span class=\"raven-heading-title\">Tr\u00f3jk\u0105t wkl\u0119s\u0142y<\/span><\/h2><\/div>\n\t\t\t\t<\/div>\n\t\t\t\t<\/div>\n\t\t\t\t<div class=\"elementor-element elementor-element-536e62b elementor-widget elementor-widget-text-editor\" data-id=\"536e62b\" data-element_type=\"widget\" data-widget_type=\"text-editor.default\">\n\t\t\t\t<div class=\"elementor-widget-container\">\n\t\t\t\t\t\t\t\t<p class=\"p1\">Element dystansowy wyt\u0142aczany z w\u0142\u00f3knobetonu o przekroju tr\u00f3jk\u0105ta wkl\u0119s\u0142ego<\/p>\t\t\t\t\t\t<\/div>\n\t\t\t\t<\/div>\n\t\t\t\t\t<\/div>\n\t\t<\/div>\n\t\t\t\t<div class=\"elementor-column elementor-col-50 elementor-top-column elementor-element elementor-element-1a7c314\" data-id=\"1a7c314\" data-element_type=\"column\">\n\t\t\t<div class=\"elementor-widget-wrap\">\n\t\t\t\t\t\t\t\t\t<\/div>\n\t\t<\/div>\n\t\t\t\t\t\t\t<\/div>\n\t\t<\/section>\n\t\t\t\t<section class=\"elementor-section elementor-top-section elementor-element elementor-element-1555ece elementor-section-boxed elementor-section-height-default elementor-section-height-default\" data-id=\"1555ece\" data-element_type=\"section\">\n\t\t\t\t\t\t<div class=\"elementor-container elementor-column-gap-default\">\n\t\t\t\t\t<div class=\"elementor-column elementor-col-33 elementor-top-column elementor-element elementor-element-d919480\" data-id=\"d919480\" data-element_type=\"column\">\n\t\t\t<div class=\"elementor-widget-wrap elementor-element-populated\">\n\t\t\t\t\t\t\t\t<div class=\"elementor-element elementor-element-a8bc0bb elementor-widget elementor-widget-image\" data-id=\"a8bc0bb\" data-element_type=\"widget\" data-widget_type=\"image.default\">\n\t\t\t\t<div class=\"elementor-widget-container\">\n\t\t\t\t\t\t\t\t\t\t\t\t\t\t\t<img loading=\"lazy\" decoding=\"async\" width=\"1000\" height=\"750\" src=\"https:\/\/www.faserbeton.net\/wp-content\/uploads\/2021\/05\/triangolo-concavo.jpg\" class=\"attachment-full size-full\" alt=\"\" srcset=\"https:\/\/www.faserbeton.net\/wp-content\/uploads\/2021\/05\/triangolo-concavo.jpg 1000w, https:\/\/www.faserbeton.net\/wp-content\/uploads\/2021\/05\/triangolo-concavo-300x225.jpg 300w, https:\/\/www.faserbeton.net\/wp-content\/uploads\/2021\/05\/triangolo-concavo-768x576.jpg 768w\" sizes=\"(max-width: 1000px) 100vw, 1000px\" \/>\t\t\t\t\t\t\t\t\t\t\t\t\t\t\t<\/div>\n\t\t\t\t<\/div>\n\t\t\t\t\t<\/div>\n\t\t<\/div>\n\t\t\t\t<div class=\"elementor-column elementor-col-33 elementor-top-column elementor-element elementor-element-d28280f\" data-id=\"d28280f\" data-element_type=\"column\">\n\t\t\t<div class=\"elementor-widget-wrap\">\n\t\t\t\t\t\t\t\t\t<\/div>\n\t\t<\/div>\n\t\t\t\t<div class=\"elementor-column elementor-col-33 elementor-top-column elementor-element elementor-element-3ad2bd9\" data-id=\"3ad2bd9\" data-element_type=\"column\">\n\t\t\t<div class=\"elementor-widget-wrap elementor-element-populated\">\n\t\t\t\t\t\t\t\t<div class=\"elementor-element elementor-element-34b627f elementor-widget elementor-widget-text-editor\" data-id=\"34b627f\" data-element_type=\"widget\" data-widget_type=\"text-editor.default\">\n\t\t\t\t<div class=\"elementor-widget-container\">\n\t\t\t\t\t\t\t\t<p class=\"p1\">D\u0142ugo\u015b\u0107<\/p>\t\t\t\t\t\t<\/div>\n\t\t\t\t<\/div>\n\t\t\t\t<div class=\"elementor-element elementor-element-cbad7b8 elementor-widget elementor-widget-text-editor\" data-id=\"cbad7b8\" data-element_type=\"widget\" data-widget_type=\"text-editor.default\">\n\t\t\t\t<div class=\"elementor-widget-container\">\n\t\t\t\t\t\t\t\t<p>100 cm<\/p>\t\t\t\t\t\t<\/div>\n\t\t\t\t<\/div>\n\t\t\t\t<div class=\"elementor-element elementor-element-12a499d elementor-widget elementor-widget-image\" data-id=\"12a499d\" data-element_type=\"widget\" data-widget_type=\"image.default\">\n\t\t\t\t<div class=\"elementor-widget-container\">\n\t\t\t\t\t\t\t\t\t\t\t\t\t\t\t<img loading=\"lazy\" decoding=\"async\" width=\"150\" height=\"150\" src=\"https:\/\/www.faserbeton.net\/wp-content\/uploads\/2021\/05\/FASERBETON_icone_prodotti_sito_1.jpg\" class=\"attachment-full size-full\" alt=\"\" \/>\t\t\t\t\t\t\t\t\t\t\t\t\t\t\t<\/div>\n\t\t\t\t<\/div>\n\t\t\t\t\t<\/div>\n\t\t<\/div>\n\t\t\t\t\t\t\t<\/div>\n\t\t<\/section>\n\t\t\t\t<section class=\"elementor-section elementor-top-section elementor-element elementor-element-5aac6e6 elementor-section-boxed elementor-section-height-default elementor-section-height-default\" data-id=\"5aac6e6\" data-element_type=\"section\">\n\t\t\t\t\t\t<div class=\"elementor-container elementor-column-gap-default\">\n\t\t\t\t\t<div class=\"elementor-column elementor-col-100 elementor-top-column elementor-element elementor-element-04be4e2\" data-id=\"04be4e2\" data-element_type=\"column\">\n\t\t\t<div class=\"elementor-widget-wrap elementor-element-populated\">\n\t\t\t\t\t\t\t\t<div class=\"elementor-element elementor-element-8f1c4df elementor-widget elementor-widget-text-editor\" data-id=\"8f1c4df\" data-element_type=\"widget\" data-widget_type=\"text-editor.default\">\n\t\t\t\t<div class=\"elementor-widget-container\">\n\t\t\t\t\t\t\t\t<table border=\"0\" cellspacing=\"0\"><colgroup width=\"224\"><\/colgroup> <colgroup width=\"204\"><\/colgroup> <colgroup width=\"197\"><\/colgroup> <colgroup width=\"208\"><\/colgroup> <colgroup width=\"305\"><\/colgroup>\n<tbody>\n<tr>\n<td align=\"center\" valign=\"middle\" bgcolor=\"#9E9FA2\" height=\"51\"><b><span style=\"color: #ffffff;\">Kod<\/span><\/b><\/td>\n<td align=\"center\" valign=\"middle\" bgcolor=\"#9E9FA2\"><b><span style=\"color: #ffffff;\">Otulina betonowa<\/span><\/b><\/td>\n<td align=\"center\" valign=\"middle\" bgcolor=\"#9E9FA2\"><b><span style=\"color: #ffffff;\"> Sztuk na palecie <\/span><\/b><\/td>\n<td align=\"center\" valign=\"middle\" bgcolor=\"#9E9FA2\"><b><span style=\"color: #ffffff;\">Waga sztuki (KG)<\/span><\/b><\/td>\n<td align=\"center\" valign=\"middle\" bgcolor=\"#9E9FA2\"><b><span style=\"color: #ffffff;\"> Waga palety (KG) <\/span><\/b><\/td>\n<\/tr>\n<tr>\n<td align=\"center\" height=\"19\">DK10030<\/td>\n<td align=\"center\">30<\/td>\n<td align=\"center\">1000<\/td>\n<td align=\"center\">1,00<\/td>\n<td align=\"center\">1020<\/td>\n<\/tr>\n<tr>\n<td align=\"center\" bgcolor=\"#F2F2F2\" height=\"19\">DK10035<\/td>\n<td align=\"center\" bgcolor=\"#F2F2F2\">35<\/td>\n<td align=\"center\" bgcolor=\"#F2F2F2\">750<\/td>\n<td align=\"center\" bgcolor=\"#F2F2F2\">1,30<\/td>\n<td align=\"center\" bgcolor=\"#F2F2F2\">995<\/td>\n<\/tr>\n<tr>\n<td align=\"center\" height=\"19\">DK10040<\/td>\n<td align=\"center\">40<\/td>\n<td align=\"center\">600<\/td>\n<td align=\"center\">1,50<\/td>\n<td align=\"center\">920<\/td>\n<\/tr>\n<tr>\n<td align=\"center\" bgcolor=\"#F2F2F2\" height=\"19\">DK10045<\/td>\n<td align=\"center\" bgcolor=\"#F2F2F2\">45<\/td>\n<td align=\"center\" bgcolor=\"#F2F2F2\">550<\/td>\n<td align=\"center\" bgcolor=\"#F2F2F2\">1,90<\/td>\n<td align=\"center\" bgcolor=\"#F2F2F2\">1065<\/td>\n<\/tr>\n<tr>\n<td align=\"center\" height=\"19\">DK10050<\/td>\n<td align=\"center\">50<\/td>\n<td align=\"center\">500<\/td>\n<td align=\"center\">2,00<\/td>\n<td align=\"center\">1020<\/td>\n<\/tr>\n<tr>\n<td align=\"center\" bgcolor=\"#F2F2F2\" height=\"19\">DK10055<\/td>\n<td align=\"center\" bgcolor=\"#F2F2F2\">55<\/td>\n<td align=\"center\" bgcolor=\"#F2F2F2\">400<\/td>\n<td align=\"center\" bgcolor=\"#F2F2F2\">2,80<\/td>\n<td align=\"center\" bgcolor=\"#F2F2F2\">1140<\/td>\n<\/tr>\n<tr>\n<td align=\"center\" height=\"19\">DK10060<\/td>\n<td align=\"center\">60<\/td>\n<td align=\"center\">350<\/td>\n<td align=\"center\">3,00<\/td>\n<td align=\"center\">1070<\/td>\n<\/tr>\n<tr>\n<td align=\"center\" bgcolor=\"#F2F2F2\" height=\"19\">DK10065<\/td>\n<td align=\"center\" bgcolor=\"#F2F2F2\">65<\/td>\n<td align=\"center\" bgcolor=\"#F2F2F2\">300<\/td>\n<td align=\"center\" bgcolor=\"#F2F2F2\">3,50<\/td>\n<td align=\"center\" bgcolor=\"#F2F2F2\">1070<\/td>\n<\/tr>\n<tr>\n<td align=\"center\" height=\"19\">DK10070<\/td>\n<td align=\"center\">70<\/td>\n<td align=\"center\">250<\/td>\n<td align=\"center\">3,70<\/td>\n<td align=\"center\">945<\/td>\n<\/tr>\n<tr>\n<td align=\"center\" bgcolor=\"#F2F2F2\" height=\"20\">DK10075<\/td>\n<td align=\"center\" bgcolor=\"#F2F2F2\">75<\/td>\n<td align=\"center\" bgcolor=\"#F2F2F2\">200<\/td>\n<td align=\"center\" bgcolor=\"#F2F2F2\">4,00<\/td>\n<td align=\"center\" bgcolor=\"#F2F2F2\">820<\/td>\n<\/tr>\n<\/tbody>\n<\/table>\t\t\t\t\t\t<\/div>\n\t\t\t\t<\/div>\n\t\t\t\t\t<\/div>\n\t\t<\/div>\n\t\t\t\t\t\t\t<\/div>\n\t\t<\/section>\n\t\t\t\t<section class=\"elementor-section elementor-top-section elementor-element elementor-element-f8ec9aa elementor-section-boxed elementor-section-height-default elementor-section-height-default\" data-id=\"f8ec9aa\" data-element_type=\"section\">\n\t\t\t\t\t\t<div class=\"elementor-container elementor-column-gap-default\">\n\t\t\t\t\t<div class=\"elementor-column elementor-col-100 elementor-top-column elementor-element elementor-element-bbe5a3b\" data-id=\"bbe5a3b\" data-element_type=\"column\">\n\t\t\t<div class=\"elementor-widget-wrap elementor-element-populated\">\n\t\t\t\t\t\t\t\t<div class=\"elementor-element elementor-element-4229bc6 elementor-widget elementor-widget-text-editor\" data-id=\"4229bc6\" data-element_type=\"widget\" data-widget_type=\"text-editor.default\">\n\t\t\t\t<div class=\"elementor-widget-container\">\n\t\t\t\t\t\t\t\t<p class=\"p1\">Uwagi<\/p>\t\t\t\t\t\t<\/div>\n\t\t\t\t<\/div>\n\t\t\t\t<div class=\"elementor-element elementor-element-fc5b9a0 elementor-widget elementor-widget-text-editor\" data-id=\"fc5b9a0\" data-element_type=\"widget\" data-widget_type=\"text-editor.default\">\n\t\t\t\t<div class=\"elementor-widget-container\">\n\t\t\t\t\t\t\t\t<ul><li><span class=\"s1\">Do <\/span>\u015brednio ci\u0119\u017ckich <span style=\"font-family: -apple-system, BlinkMacSystemFont, 'Segoe UI', Roboto, 'Helvetica Neue', Arial, sans-serif, 'Apple Color Emoji', 'Segoe UI Emoji', 'Segoe UI Symbol';\">wzmocnie\u0144 poziomych<\/span><\/li><li>L\u017cejszy i ta\u0144szy ni\u017c tr\u00f3jk\u0105t r\u00f3wnoboczny,<span class=\"Apple-converted-space\">\u00a0 <\/span>z jednym kierunkiem pozycjonowania<\/li><li>Inne d\u0142ugo\u015bci i specyfikacje dost\u0119pne na \u017cyczenie<\/li><\/ul>\t\t\t\t\t\t<\/div>\n\t\t\t\t<\/div>\n\t\t\t\t\t<\/div>\n\t\t<\/div>\n\t\t\t\t\t\t\t<\/div>\n\t\t<\/section>\n\t\t\t\t\t\t<\/div>\n\t\t\t\t\t<\/div>\n\t\t","protected":false},"excerpt":{"rendered":"<p>Home PRODUKTY Tr\u00f3jk\u0105t wkl\u0119s\u0142y Element dystansowy wyt\u0142aczany z w\u0142\u00f3knobetonu o przekroju tr\u00f3jk\u0105ta wkl\u0119s\u0142ego D\u0142ugo\u015b\u0107 100 cm Kod Otulina betonowa Sztuk na palecie Waga sztuki (KG) Waga palety (KG) DK10030 30 1000 1,00 1020 DK10035 35 750 1,30 995 DK10040 40 600 1,50 920 DK10045 45 550 1,90 1065 DK10050 50 500 2,00 1020 DK10055 55 [&hellip;]<\/p>\n","protected":false},"author":2,"featured_media":0,"parent":7686,"menu_order":0,"comment_status":"closed","ping_status":"closed","template":"elementor_header_footer","meta":{"_acf_changed":false,"footnotes":""},"acf":[],"_links":{"self":[{"href":"https:\/\/www.faserbeton.net\/pl\/wp-json\/wp\/v2\/pages\/7839"}],"collection":[{"href":"https:\/\/www.faserbeton.net\/pl\/wp-json\/wp\/v2\/pages"}],"about":[{"href":"https:\/\/www.faserbeton.net\/pl\/wp-json\/wp\/v2\/types\/page"}],"author":[{"embeddable":true,"href":"https:\/\/www.faserbeton.net\/pl\/wp-json\/wp\/v2\/users\/2"}],"replies":[{"embeddable":true,"href":"https:\/\/www.faserbeton.net\/pl\/wp-json\/wp\/v2\/comments?post=7839"}],"version-history":[{"count":14,"href":"https:\/\/www.faserbeton.net\/pl\/wp-json\/wp\/v2\/pages\/7839\/revisions"}],"predecessor-version":[{"id":11014,"href":"https:\/\/www.faserbeton.net\/pl\/wp-json\/wp\/v2\/pages\/7839\/revisions\/11014"}],"up":[{"embeddable":true,"href":"https:\/\/www.faserbeton.net\/pl\/wp-json\/wp\/v2\/pages\/7686"}],"wp:attachment":[{"href":"https:\/\/www.faserbeton.net\/pl\/wp-json\/wp\/v2\/media?parent=7839"}],"curies":[{"name":"wp","href":"https:\/\/api.w.org\/{rel}","templated":true}]}}