{"id":8036,"date":"2019-02-06T06:43:33","date_gmt":"2019-02-06T05:43:33","guid":{"rendered":"https:\/\/www.faserbeton.net\/produkty\/nasze-podkladki-dystansowe-z-wloknobetonu\/triangolo-con-gancio-con-nocche\/"},"modified":"2025-03-31T08:54:14","modified_gmt":"2025-03-31T06:54:14","slug":"przekroj-trojkata-rownoramiennego-z-hakiem-zebaty","status":"publish","type":"page","link":"https:\/\/www.faserbeton.net\/pl\/produkty\/nasze-podkladki-dystansowe-z-wloknobetonu\/przekroj-trojkata-rownoramiennego-z-hakiem-zebaty\/","title":{"rendered":"Przekr\u00f3j tr\u00f3jk\u0105ta r\u00f3wnoramiennego z hakiem  &#8211;  z\u0119baty"},"content":{"rendered":"\t\t<div data-elementor-type=\"wp-post\" data-elementor-id=\"8036\" class=\"elementor elementor-8036 elementor-5831\" data-elementor-settings=\"[]\">\n\t\t\t\t\t\t\t<div class=\"elementor-section-wrap\">\n\t\t\t\t\t\t\t<section class=\"elementor-section elementor-top-section elementor-element elementor-element-a5bfe26 elementor-section-height-min-height elementor-section-boxed elementor-section-height-default elementor-section-items-middle\" data-id=\"a5bfe26\" data-element_type=\"section\" data-settings=\"{&quot;background_background&quot;:&quot;classic&quot;}\">\n\t\t\t\t\t\t\t<div class=\"elementor-background-overlay\"><\/div>\n\t\t\t\t\t\t\t<div class=\"elementor-container elementor-column-gap-default\">\n\t\t\t\t\t<div class=\"elementor-column elementor-col-100 elementor-top-column elementor-element elementor-element-6faf726\" data-id=\"6faf726\" data-element_type=\"column\">\n\t\t\t<div class=\"elementor-widget-wrap\">\n\t\t\t\t\t\t\t\t\t<\/div>\n\t\t<\/div>\n\t\t\t\t\t\t\t<\/div>\n\t\t<\/section>\n\t\t\t\t<section class=\"elementor-section elementor-top-section elementor-element elementor-element-4b0b97e elementor-section-boxed elementor-section-height-default elementor-section-height-default\" data-id=\"4b0b97e\" data-element_type=\"section\" data-settings=\"{&quot;background_background&quot;:&quot;classic&quot;}\">\n\t\t\t\t\t\t<div class=\"elementor-container elementor-column-gap-default\">\n\t\t\t\t\t<div class=\"elementor-column elementor-col-100 elementor-top-column elementor-element elementor-element-e9907ba\" data-id=\"e9907ba\" data-element_type=\"column\">\n\t\t\t<div class=\"elementor-widget-wrap elementor-element-populated\">\n\t\t\t\t\t\t\t\t<div class=\"elementor-element elementor-element-570ca24 elementor-align-left elementor-widget elementor-widget-raven-breadcrumbs\" data-id=\"570ca24\" data-element_type=\"widget\" data-widget_type=\"raven-breadcrumbs.default\">\n\t\t\t\t<div class=\"elementor-widget-container\">\n\t\t\t<div class=\"raven-breadcrumbs raven-breadcrumbs-default\"><ol class=\"breadcrumb\">\t\t\t\t<li class=\"breadcrumb-item active\" aria-current=\"page\"><span>Home<\/span><\/li>\n\n\t\t\t\t<\/ol><\/div>\t\t<\/div>\n\t\t\t\t<\/div>\n\t\t\t\t\t<\/div>\n\t\t<\/div>\n\t\t\t\t\t\t\t<\/div>\n\t\t<\/section>\n\t\t\t\t<section class=\"elementor-section elementor-top-section elementor-element elementor-element-b7e5de5 elementor-section-content-middle elementor-section-boxed elementor-section-height-default elementor-section-height-default\" data-id=\"b7e5de5\" data-element_type=\"section\">\n\t\t\t\t\t\t<div class=\"elementor-container elementor-column-gap-default\">\n\t\t\t\t\t<div class=\"elementor-column elementor-col-50 elementor-top-column elementor-element elementor-element-b48d2a8\" data-id=\"b48d2a8\" data-element_type=\"column\">\n\t\t\t<div class=\"elementor-widget-wrap elementor-element-populated\">\n\t\t\t\t\t\t\t\t<section class=\"elementor-section elementor-inner-section elementor-element elementor-element-111d8e2 elementor-section-content-middle elementor-section-boxed elementor-section-height-default elementor-section-height-default\" data-id=\"111d8e2\" data-element_type=\"section\">\n\t\t\t\t\t\t<div class=\"elementor-container elementor-column-gap-default\">\n\t\t\t\t\t\t\t\t<\/div>\n\t\t<\/section>\n\t\t\t\t<div class=\"elementor-element elementor-element-4946dcb elementor-align-left elementor-widget elementor-widget-raven-heading\" data-id=\"4946dcb\" data-element_type=\"widget\" data-widget_type=\"raven-heading.default\">\n\t\t\t\t<div class=\"elementor-widget-container\">\n\t\t\t\t\t<div class=\"raven-widget-wrapper\"><h2 class=\"raven-heading raven-heading-h2\"><span class=\"raven-heading-title\">Przekr\u00f3j tr\u00f3jk\u0105ta r\u00f3wnoramiennego z hakiem  -  z\u0119baty<\/span><\/h2><\/div>\n\t\t\t\t<\/div>\n\t\t\t\t<\/div>\n\t\t\t\t<div class=\"elementor-element elementor-element-0ecc8e2 elementor-widget elementor-widget-text-editor\" data-id=\"0ecc8e2\" data-element_type=\"widget\" data-widget_type=\"text-editor.default\">\n\t\t\t\t<div class=\"elementor-widget-container\">\n\t\t\t\t\t\t\t\t<p class=\"p1\">Element dystansowy wyt\u0142aczany z w\u0142\u00f3knobetonu o<span class=\"Apple-converted-space\">\u00a0 <\/span>przekroju tr\u00f3jk\u0105ta r\u00f3wnoramiennego &#8211; z\u0119baty<\/p>\t\t\t\t\t\t<\/div>\n\t\t\t\t<\/div>\n\t\t\t\t\t<\/div>\n\t\t<\/div>\n\t\t\t\t<div class=\"elementor-column elementor-col-50 elementor-top-column elementor-element elementor-element-c87f311\" data-id=\"c87f311\" data-element_type=\"column\">\n\t\t\t<div class=\"elementor-widget-wrap\">\n\t\t\t\t\t\t\t\t\t<\/div>\n\t\t<\/div>\n\t\t\t\t\t\t\t<\/div>\n\t\t<\/section>\n\t\t\t\t<section class=\"elementor-section elementor-top-section elementor-element elementor-element-69eafe4 elementor-section-boxed elementor-section-height-default elementor-section-height-default\" data-id=\"69eafe4\" data-element_type=\"section\">\n\t\t\t\t\t\t<div class=\"elementor-container elementor-column-gap-default\">\n\t\t\t\t\t<div class=\"elementor-column elementor-col-33 elementor-top-column elementor-element elementor-element-e16deea\" data-id=\"e16deea\" data-element_type=\"column\">\n\t\t\t<div class=\"elementor-widget-wrap elementor-element-populated\">\n\t\t\t\t\t\t\t\t<div class=\"elementor-element elementor-element-600c67d elementor-widget elementor-widget-image\" data-id=\"600c67d\" data-element_type=\"widget\" data-widget_type=\"image.default\">\n\t\t\t\t<div class=\"elementor-widget-container\">\n\t\t\t\t\t\t\t\t\t\t\t\t\t\t\t<img loading=\"lazy\" decoding=\"async\" width=\"1000\" height=\"750\" src=\"https:\/\/www.faserbeton.net\/wp-content\/uploads\/2021\/07\/FASERBETON_prodotti_triangolo_con_ganci_nocche.jpg\" class=\"attachment-full size-full\" alt=\"\" srcset=\"https:\/\/www.faserbeton.net\/wp-content\/uploads\/2021\/07\/FASERBETON_prodotti_triangolo_con_ganci_nocche.jpg 1000w, https:\/\/www.faserbeton.net\/wp-content\/uploads\/2021\/07\/FASERBETON_prodotti_triangolo_con_ganci_nocche-300x225.jpg 300w, https:\/\/www.faserbeton.net\/wp-content\/uploads\/2021\/07\/FASERBETON_prodotti_triangolo_con_ganci_nocche-768x576.jpg 768w\" sizes=\"(max-width: 1000px) 100vw, 1000px\" \/>\t\t\t\t\t\t\t\t\t\t\t\t\t\t\t<\/div>\n\t\t\t\t<\/div>\n\t\t\t\t\t<\/div>\n\t\t<\/div>\n\t\t\t\t<div class=\"elementor-column elementor-col-33 elementor-top-column elementor-element elementor-element-2f2e0f5\" data-id=\"2f2e0f5\" data-element_type=\"column\">\n\t\t\t<div class=\"elementor-widget-wrap\">\n\t\t\t\t\t\t\t\t\t<\/div>\n\t\t<\/div>\n\t\t\t\t<div class=\"elementor-column elementor-col-33 elementor-top-column elementor-element elementor-element-3877fee\" data-id=\"3877fee\" data-element_type=\"column\">\n\t\t\t<div class=\"elementor-widget-wrap elementor-element-populated\">\n\t\t\t\t\t\t\t\t<div class=\"elementor-element elementor-element-5468f68 elementor-widget elementor-widget-text-editor\" data-id=\"5468f68\" data-element_type=\"widget\" data-widget_type=\"text-editor.default\">\n\t\t\t\t<div class=\"elementor-widget-container\">\n\t\t\t\t\t\t\t\t<p class=\"p1\">D\u0142ugo\u015b\u0107<\/p>\t\t\t\t\t\t<\/div>\n\t\t\t\t<\/div>\n\t\t\t\t<div class=\"elementor-element elementor-element-c36c815 elementor-widget elementor-widget-text-editor\" data-id=\"c36c815\" data-element_type=\"widget\" data-widget_type=\"text-editor.default\">\n\t\t\t\t<div class=\"elementor-widget-container\">\n\t\t\t\t\t\t\t\t<p>18 cm<\/p><p>33 cm<\/p>\t\t\t\t\t\t<\/div>\n\t\t\t\t<\/div>\n\t\t\t\t<div class=\"elementor-element elementor-element-22ca856 elementor-widget elementor-widget-image\" data-id=\"22ca856\" data-element_type=\"widget\" data-widget_type=\"image.default\">\n\t\t\t\t<div class=\"elementor-widget-container\">\n\t\t\t\t\t\t\t\t\t\t\t\t\t\t\t<img loading=\"lazy\" decoding=\"async\" width=\"150\" height=\"150\" src=\"https:\/\/www.faserbeton.net\/wp-content\/uploads\/2021\/05\/FASERBETON_icone_prodotti_sito-05.jpg\" class=\"attachment-full size-full\" alt=\"\" \/>\t\t\t\t\t\t\t\t\t\t\t\t\t\t\t<\/div>\n\t\t\t\t<\/div>\n\t\t\t\t\t<\/div>\n\t\t<\/div>\n\t\t\t\t\t\t\t<\/div>\n\t\t<\/section>\n\t\t\t\t<section class=\"elementor-section elementor-top-section elementor-element elementor-element-0ac2ba1 elementor-section-boxed elementor-section-height-default elementor-section-height-default\" data-id=\"0ac2ba1\" data-element_type=\"section\">\n\t\t\t\t\t\t<div class=\"elementor-container elementor-column-gap-default\">\n\t\t\t\t\t<div class=\"elementor-column elementor-col-50 elementor-top-column elementor-element elementor-element-596f91e\" data-id=\"596f91e\" data-element_type=\"column\">\n\t\t\t<div class=\"elementor-widget-wrap elementor-element-populated\">\n\t\t\t\t\t\t\t\t<div class=\"elementor-element elementor-element-a64fdde elementor-widget elementor-widget-image\" data-id=\"a64fdde\" data-element_type=\"widget\" data-widget_type=\"image.default\">\n\t\t\t\t<div class=\"elementor-widget-container\">\n\t\t\t\t\t\t\t\t\t\t\t\t\t\t\t<img loading=\"lazy\" decoding=\"async\" width=\"1000\" height=\"750\" src=\"https:\/\/www.faserbeton.net\/wp-content\/uploads\/2021\/08\/FASERBETON_prodotti_triangolo_con_ganci__dett_3.jpg\" class=\"attachment-full size-full\" alt=\"\" srcset=\"https:\/\/www.faserbeton.net\/wp-content\/uploads\/2021\/08\/FASERBETON_prodotti_triangolo_con_ganci__dett_3.jpg 1000w, https:\/\/www.faserbeton.net\/wp-content\/uploads\/2021\/08\/FASERBETON_prodotti_triangolo_con_ganci__dett_3-300x225.jpg 300w, https:\/\/www.faserbeton.net\/wp-content\/uploads\/2021\/08\/FASERBETON_prodotti_triangolo_con_ganci__dett_3-768x576.jpg 768w\" sizes=\"(max-width: 1000px) 100vw, 1000px\" \/>\t\t\t\t\t\t\t\t\t\t\t\t\t\t\t<\/div>\n\t\t\t\t<\/div>\n\t\t\t\t\t<\/div>\n\t\t<\/div>\n\t\t\t\t<div class=\"elementor-column elementor-col-50 elementor-top-column elementor-element elementor-element-bfd2148\" data-id=\"bfd2148\" data-element_type=\"column\">\n\t\t\t<div class=\"elementor-widget-wrap elementor-element-populated\">\n\t\t\t\t\t\t\t\t<div class=\"elementor-element elementor-element-80319d3 elementor-widget elementor-widget-image\" data-id=\"80319d3\" data-element_type=\"widget\" data-widget_type=\"image.default\">\n\t\t\t\t<div class=\"elementor-widget-container\">\n\t\t\t\t\t\t\t\t\t\t\t\t\t\t\t<img loading=\"lazy\" decoding=\"async\" width=\"1000\" height=\"750\" src=\"https:\/\/www.faserbeton.net\/wp-content\/uploads\/2021\/08\/FASERBETON_prodotti_triangolo_con_ganci__dett_4.jpg\" class=\"attachment-full size-full\" alt=\"\" srcset=\"https:\/\/www.faserbeton.net\/wp-content\/uploads\/2021\/08\/FASERBETON_prodotti_triangolo_con_ganci__dett_4.jpg 1000w, https:\/\/www.faserbeton.net\/wp-content\/uploads\/2021\/08\/FASERBETON_prodotti_triangolo_con_ganci__dett_4-300x225.jpg 300w, https:\/\/www.faserbeton.net\/wp-content\/uploads\/2021\/08\/FASERBETON_prodotti_triangolo_con_ganci__dett_4-768x576.jpg 768w\" sizes=\"(max-width: 1000px) 100vw, 1000px\" \/>\t\t\t\t\t\t\t\t\t\t\t\t\t\t\t<\/div>\n\t\t\t\t<\/div>\n\t\t\t\t\t<\/div>\n\t\t<\/div>\n\t\t\t\t\t\t\t<\/div>\n\t\t<\/section>\n\t\t\t\t<section class=\"elementor-section elementor-top-section elementor-element elementor-element-ff36066 elementor-section-boxed elementor-section-height-default elementor-section-height-default\" data-id=\"ff36066\" data-element_type=\"section\">\n\t\t\t\t\t\t<div class=\"elementor-container elementor-column-gap-default\">\n\t\t\t\t\t<div class=\"elementor-column elementor-col-100 elementor-top-column elementor-element elementor-element-e36a4a5\" data-id=\"e36a4a5\" data-element_type=\"column\">\n\t\t\t<div class=\"elementor-widget-wrap elementor-element-populated\">\n\t\t\t\t\t\t\t\t<div class=\"elementor-element elementor-element-0b08e01 elementor-widget elementor-widget-text-editor\" data-id=\"0b08e01\" data-element_type=\"widget\" data-widget_type=\"text-editor.default\">\n\t\t\t\t<div class=\"elementor-widget-container\">\n\t\t\t\t\t\t\t\t<table border=\"0\" cellspacing=\"0\"><colgroup width=\"165\"><\/colgroup> <colgroup width=\"123\"><\/colgroup> <colgroup width=\"167\"><\/colgroup> <colgroup width=\"263\"><\/colgroup> <colgroup width=\"192\"><\/colgroup> <colgroup width=\"170\"><\/colgroup> <colgroup width=\"157\"><\/colgroup><tbody><tr><td align=\"center\" valign=\"middle\" bgcolor=\"#9E9FA2\" height=\"20\"><b><span style=\"color: #ffffff;\">Kod<\/span><\/b><\/td><td align=\"center\" valign=\"middle\" bgcolor=\"#9E9FA2\"><b><span style=\"color: #ffffff;\">Otulina betonowa<\/span><\/b><\/td><td align=\"center\" valign=\"middle\" bgcolor=\"#9E9FA2\"><b><span style=\"color: #ffffff;\">Sztuk na palecie<\/span><\/b><\/td><td align=\"center\" valign=\"middle\" bgcolor=\"#9E9FA2\"><b><span style=\"color: #ffffff;\"> Waga sztuki (KG) <\/span><\/b><\/td><td align=\"center\" valign=\"middle\" bgcolor=\"#9E9FA2\"><b><span style=\"color: #ffffff;\"> Waga palety (KG) <\/span><\/b><\/td><td align=\"center\" valign=\"middle\" bgcolor=\"#9E9FA2\"><b><span style=\"color: #ffffff;\">Ilo\u015b\u0107 sztuk w worku<\/span><\/b><\/td><td align=\"center\" valign=\"middle\" bgcolor=\"#9E9FA2\"><b><span style=\"color: #ffffff;\">Worki na palet\u0119<\/span><\/b><\/td><\/tr><tr><td align=\"center\" height=\"20\">DHN1820<\/td><td align=\"center\">20<\/td><td align=\"center\">5000<\/td><td align=\"center\">0,15<\/td><td align=\"center\">770<\/td><td align=\"center\">125<\/td><td align=\"center\">40<\/td><\/tr><tr><td align=\"center\" bgcolor=\"#F2F2F2\" height=\"20\">DHN1825<\/td><td align=\"center\" bgcolor=\"#F2F2F2\">25<\/td><td align=\"center\" bgcolor=\"#F2F2F2\">5000<\/td><td align=\"center\" bgcolor=\"#F2F2F2\">0,16<\/td><td align=\"center\" bgcolor=\"#F2F2F2\">820<\/td><td align=\"center\" bgcolor=\"#F2F2F2\">125<\/td><td align=\"center\" bgcolor=\"#F2F2F2\">40<\/td><\/tr><tr><td align=\"center\" height=\"20\">DHN1830<\/td><td align=\"center\">30<\/td><td align=\"center\">5000<\/td><td align=\"center\">0,18<\/td><td align=\"center\">920<\/td><td align=\"center\">125<\/td><td align=\"center\">40<\/td><\/tr><tr><td align=\"center\" bgcolor=\"#F2F2F2\" height=\"20\">DHN1835<\/td><td align=\"center\" bgcolor=\"#F2F2F2\">35<\/td><td align=\"center\" bgcolor=\"#F2F2F2\">4000<\/td><td align=\"center\" bgcolor=\"#F2F2F2\">0,20<\/td><td align=\"center\" bgcolor=\"#F2F2F2\">820<\/td><td align=\"center\" bgcolor=\"#F2F2F2\">100<\/td><td align=\"center\" bgcolor=\"#F2F2F2\">40<\/td><\/tr><tr><td align=\"center\" height=\"20\">DHN1840<\/td><td align=\"center\">40<\/td><td align=\"center\">4000<\/td><td align=\"center\">0,30<\/td><td align=\"center\">1220<\/td><td align=\"center\">100<\/td><td align=\"center\">40<\/td><\/tr><tr><td align=\"center\" bgcolor=\"#F2F2F2\" height=\"20\">DHN1845<\/td><td align=\"center\" bgcolor=\"#F2F2F2\">45<\/td><td align=\"center\" bgcolor=\"#F2F2F2\">3200<\/td><td align=\"center\" bgcolor=\"#F2F2F2\">0,32<\/td><td align=\"center\" bgcolor=\"#F2F2F2\">1044<\/td><td align=\"center\" bgcolor=\"#F2F2F2\">80<\/td><td align=\"center\" bgcolor=\"#F2F2F2\">40<\/td><\/tr><tr><td align=\"center\" height=\"20\">DHN1850<\/td><td align=\"center\">50<\/td><td align=\"center\">2000<\/td><td align=\"center\">0,43<\/td><td align=\"center\">880<\/td><td align=\"center\">50<\/td><td align=\"center\">40<\/td><\/tr><tr><td align=\"center\" bgcolor=\"#F2F2F2\" height=\"20\">DHN1855<\/td><td align=\"center\" bgcolor=\"#F2F2F2\">55<\/td><td align=\"center\" bgcolor=\"#F2F2F2\">1800<\/td><td align=\"center\" bgcolor=\"#F2F2F2\">0,45<\/td><td align=\"center\" bgcolor=\"#F2F2F2\">830<\/td><td align=\"center\" bgcolor=\"#F2F2F2\">45<\/td><td align=\"center\" bgcolor=\"#F2F2F2\">40<\/td><\/tr><tr><td align=\"center\" height=\"20\">DHN1860<\/td><td align=\"center\">60<\/td><td align=\"center\">1600<\/td><td align=\"center\">0,50<\/td><td align=\"center\">820<\/td><td align=\"center\">40<\/td><td align=\"center\">40<\/td><\/tr><tr><td align=\"center\" bgcolor=\"#F2F2F2\" height=\"20\">DHN1865<\/td><td align=\"center\" bgcolor=\"#F2F2F2\">65<\/td><td align=\"center\" bgcolor=\"#F2F2F2\">1600<\/td><td align=\"center\" bgcolor=\"#F2F2F2\">0,55<\/td><td align=\"center\" bgcolor=\"#F2F2F2\">900<\/td><td align=\"center\" bgcolor=\"#F2F2F2\">40<\/td><td align=\"center\" bgcolor=\"#F2F2F2\">40<\/td><\/tr><tr><td align=\"center\" height=\"20\">DHN1870<\/td><td align=\"center\">70<\/td><td align=\"center\">1400<\/td><td align=\"center\">0,60<\/td><td align=\"center\">860<\/td><td align=\"center\">35<\/td><td align=\"center\">40<\/td><\/tr><tr><td align=\"center\" bgcolor=\"#F2F2F2\" height=\"20\">DHN1875<\/td><td align=\"center\" bgcolor=\"#F2F2F2\">75<\/td><td align=\"center\" bgcolor=\"#F2F2F2\">1000<\/td><td align=\"center\" bgcolor=\"#F2F2F2\">0,70<\/td><td align=\"center\" bgcolor=\"#F2F2F2\">720<\/td><td align=\"center\" bgcolor=\"#F2F2F2\">25<\/td><td align=\"center\" bgcolor=\"#F2F2F2\">40<\/td><\/tr><\/tbody><\/table><p>\u00a0<\/p>\t\t\t\t\t\t<\/div>\n\t\t\t\t<\/div>\n\t\t\t\t\t<\/div>\n\t\t<\/div>\n\t\t\t\t\t\t\t<\/div>\n\t\t<\/section>\n\t\t\t\t<section class=\"elementor-section elementor-top-section elementor-element elementor-element-70ad5f2 elementor-section-boxed elementor-section-height-default elementor-section-height-default\" data-id=\"70ad5f2\" data-element_type=\"section\">\n\t\t\t\t\t\t<div class=\"elementor-container elementor-column-gap-default\">\n\t\t\t\t\t<div class=\"elementor-column elementor-col-100 elementor-top-column elementor-element elementor-element-e7a8501\" data-id=\"e7a8501\" data-element_type=\"column\">\n\t\t\t<div class=\"elementor-widget-wrap elementor-element-populated\">\n\t\t\t\t\t\t\t\t<div class=\"elementor-element elementor-element-f9b132d elementor-widget elementor-widget-text-editor\" data-id=\"f9b132d\" data-element_type=\"widget\" data-widget_type=\"text-editor.default\">\n\t\t\t\t<div class=\"elementor-widget-container\">\n\t\t\t\t\t\t\t\t<table border=\"0\" cellspacing=\"0\"><colgroup width=\"165\"><\/colgroup> <colgroup width=\"123\"><\/colgroup> <colgroup width=\"167\"><\/colgroup> <colgroup width=\"263\"><\/colgroup> <colgroup width=\"192\"><\/colgroup> <colgroup width=\"170\"><\/colgroup> <colgroup width=\"157\"><\/colgroup><tbody><tr><td align=\"center\" valign=\"middle\" bgcolor=\"#9E9FA2\" height=\"20\"><b><span style=\"color: #ffffff;\">Kod<\/span><\/b><\/td><td align=\"center\" valign=\"middle\" bgcolor=\"#9E9FA2\"><b><span style=\"color: #ffffff;\">Otulina betonowa<\/span><\/b><\/td><td align=\"center\" valign=\"middle\" bgcolor=\"#9E9FA2\"><b><span style=\"color: #ffffff;\">Sztuk na palecie<\/span><\/b><\/td><td align=\"center\" valign=\"middle\" bgcolor=\"#9E9FA2\"><b><span style=\"color: #ffffff;\">Waga sztuki (KG)<\/span><\/b><\/td><td align=\"center\" valign=\"middle\" bgcolor=\"#9E9FA2\"><b><span style=\"color: #ffffff;\"> Waga palety (KG) <\/span><\/b><\/td><td align=\"center\" valign=\"middle\" bgcolor=\"#9E9FA2\"><b><span style=\"color: #ffffff;\">Ilo\u015b\u0107 sztuk w worku<\/span><\/b><\/td><td align=\"center\" valign=\"middle\" bgcolor=\"#9E9FA2\"><b><span style=\"color: #ffffff;\">Worki na palet\u0119<\/span><\/b><\/td><\/tr><tr><td align=\"center\" height=\"20\">DHN3325<\/td><td align=\"center\">25<\/td><td align=\"center\">3000<\/td><td align=\"center\">0,27<\/td><td align=\"center\">830<\/td><td align=\"center\">75<\/td><td align=\"center\">40<\/td><\/tr><tr><td align=\"center\" bgcolor=\"#F2F2F2\" height=\"20\">DHN3330<\/td><td align=\"center\" bgcolor=\"#F2F2F2\">30<\/td><td align=\"center\" bgcolor=\"#F2F2F2\">3000<\/td><td align=\"center\" bgcolor=\"#F2F2F2\">0,29<\/td><td align=\"center\" bgcolor=\"#F2F2F2\">890<\/td><td align=\"center\" bgcolor=\"#F2F2F2\">75<\/td><td align=\"center\" bgcolor=\"#F2F2F2\">40<\/td><\/tr><tr><td align=\"center\" height=\"20\">DHN3335<\/td><td align=\"center\">35<\/td><td align=\"center\">2400<\/td><td align=\"center\">0,40<\/td><td align=\"center\">980<\/td><td align=\"center\">60<\/td><td align=\"center\">40<\/td><\/tr><tr><td align=\"center\" bgcolor=\"#F2F2F2\" height=\"20\">DHN3340<\/td><td align=\"center\" bgcolor=\"#F2F2F2\">40<\/td><td align=\"center\" bgcolor=\"#F2F2F2\">2000<\/td><td align=\"center\" bgcolor=\"#F2F2F2\">0,50<\/td><td align=\"center\" bgcolor=\"#F2F2F2\">1020<\/td><td align=\"center\" bgcolor=\"#F2F2F2\">50<\/td><td align=\"center\" bgcolor=\"#F2F2F2\">40<\/td><\/tr><tr><td align=\"center\" height=\"20\">DHN3345<\/td><td align=\"center\">45<\/td><td align=\"center\">1600<\/td><td align=\"center\">0,55<\/td><td align=\"center\">900<\/td><td align=\"center\">40<\/td><td align=\"center\">40<\/td><\/tr><tr><td align=\"center\" bgcolor=\"#F2F2F2\" height=\"20\">DHN3350<\/td><td align=\"center\" bgcolor=\"#F2F2F2\">50<\/td><td align=\"center\" bgcolor=\"#F2F2F2\">1280<\/td><td align=\"center\" bgcolor=\"#F2F2F2\">0,70<\/td><td align=\"center\" bgcolor=\"#F2F2F2\">916<\/td><td align=\"center\" bgcolor=\"#F2F2F2\">32<\/td><td align=\"center\" bgcolor=\"#F2F2F2\">40<\/td><\/tr><tr><td align=\"center\" height=\"20\">DHN3355<\/td><td align=\"center\">55<\/td><td align=\"center\">1000<\/td><td align=\"center\">0,75<\/td><td align=\"center\">770<\/td><td align=\"center\">25<\/td><td align=\"center\">40<\/td><\/tr><tr><td align=\"center\" bgcolor=\"#F2F2F2\" height=\"20\">DHN3360<\/td><td align=\"center\" bgcolor=\"#F2F2F2\">60<\/td><td align=\"center\" bgcolor=\"#F2F2F2\">1000<\/td><td align=\"center\" bgcolor=\"#F2F2F2\">0,95<\/td><td align=\"center\" bgcolor=\"#F2F2F2\">970<\/td><td align=\"center\" bgcolor=\"#F2F2F2\">25<\/td><td align=\"center\" bgcolor=\"#F2F2F2\">40<\/td><\/tr><tr><td align=\"center\" height=\"20\">DHN3365<\/td><td align=\"center\">65<\/td><td align=\"center\">800<\/td><td align=\"center\">1,00<\/td><td align=\"center\">820<\/td><td align=\"center\">20<\/td><td align=\"center\">40<\/td><\/tr><tr><td align=\"center\" bgcolor=\"#F2F2F2\" height=\"20\">DHN3370<\/td><td align=\"center\" bgcolor=\"#F2F2F2\">70<\/td><td align=\"center\" bgcolor=\"#F2F2F2\">800<\/td><td align=\"center\" bgcolor=\"#F2F2F2\">1,05<\/td><td align=\"center\" bgcolor=\"#F2F2F2\">860<\/td><td align=\"center\" bgcolor=\"#F2F2F2\">20<\/td><td align=\"center\" bgcolor=\"#F2F2F2\">40<\/td><\/tr><tr><td align=\"center\" height=\"20\">DHN3375<\/td><td align=\"center\">75<\/td><td align=\"center\">700<\/td><td align=\"center\">1,15<\/td><td align=\"center\">825<\/td><td align=\"center\">20<\/td><td align=\"center\">35<\/td><\/tr><\/tbody><\/table>\t\t\t\t\t\t<\/div>\n\t\t\t\t<\/div>\n\t\t\t\t\t<\/div>\n\t\t<\/div>\n\t\t\t\t\t\t\t<\/div>\n\t\t<\/section>\n\t\t\t\t<section class=\"elementor-section elementor-top-section elementor-element elementor-element-1eafe01 elementor-section-boxed elementor-section-height-default elementor-section-height-default\" data-id=\"1eafe01\" data-element_type=\"section\">\n\t\t\t\t\t\t<div class=\"elementor-container elementor-column-gap-default\">\n\t\t\t\t\t<div class=\"elementor-column elementor-col-100 elementor-top-column elementor-element elementor-element-52024e4\" data-id=\"52024e4\" data-element_type=\"column\">\n\t\t\t<div class=\"elementor-widget-wrap elementor-element-populated\">\n\t\t\t\t\t\t\t\t<div class=\"elementor-element elementor-element-203e48d elementor-widget elementor-widget-text-editor\" data-id=\"203e48d\" data-element_type=\"widget\" data-widget_type=\"text-editor.default\">\n\t\t\t\t<div class=\"elementor-widget-container\">\n\t\t\t\t\t\t\t\t<p class=\"p1\">Uwagi<\/p>\t\t\t\t\t\t<\/div>\n\t\t\t\t<\/div>\n\t\t\t\t<div class=\"elementor-element elementor-element-34a8108 elementor-widget elementor-widget-text-editor\" data-id=\"34a8108\" data-element_type=\"widget\" data-widget_type=\"text-editor.default\">\n\t\t\t\t<div class=\"elementor-widget-container\">\n\t\t\t\t\t\t\t\t<ul><li>Nadaje si\u0119 do wzmocnie\u0144 pionowych<\/li><li>Szybkie i \u0142atwe zamocowanie dzi\u0119ki ocynkowanemu haczykowi ze stali harmonicznej<\/li><li class=\"p1\">Doskona\u0142y do<\/li><li>Inne d\u0142ugo\u015bci i specyfikacje dost\u0119pne na \u017cyczenie<\/li><\/ul>\t\t\t\t\t\t<\/div>\n\t\t\t\t<\/div>\n\t\t\t\t\t<\/div>\n\t\t<\/div>\n\t\t\t\t\t\t\t<\/div>\n\t\t<\/section>\n\t\t\t\t\t\t<\/div>\n\t\t\t\t\t<\/div>\n\t\t","protected":false},"excerpt":{"rendered":"<p>Home Przekr\u00f3j tr\u00f3jk\u0105ta r\u00f3wnoramiennego z hakiem &#8211; z\u0119baty Element dystansowy wyt\u0142aczany z w\u0142\u00f3knobetonu o\u00a0 przekroju tr\u00f3jk\u0105ta r\u00f3wnoramiennego &#8211; z\u0119baty D\u0142ugo\u015b\u0107 18 cm 33 cm Kod Otulina betonowa Sztuk na palecie Waga sztuki (KG) Waga palety (KG) Ilo\u015b\u0107 sztuk w worku Worki na palet\u0119 DHN1820 20 5000 0,15 770 125 40 DHN1825 25 5000 0,16 820 [&hellip;]<\/p>\n","protected":false},"author":2,"featured_media":0,"parent":7686,"menu_order":0,"comment_status":"closed","ping_status":"closed","template":"elementor_header_footer","meta":{"_acf_changed":false,"footnotes":""},"acf":[],"_links":{"self":[{"href":"https:\/\/www.faserbeton.net\/pl\/wp-json\/wp\/v2\/pages\/8036"}],"collection":[{"href":"https:\/\/www.faserbeton.net\/pl\/wp-json\/wp\/v2\/pages"}],"about":[{"href":"https:\/\/www.faserbeton.net\/pl\/wp-json\/wp\/v2\/types\/page"}],"author":[{"embeddable":true,"href":"https:\/\/www.faserbeton.net\/pl\/wp-json\/wp\/v2\/users\/2"}],"replies":[{"embeddable":true,"href":"https:\/\/www.faserbeton.net\/pl\/wp-json\/wp\/v2\/comments?post=8036"}],"version-history":[{"count":23,"href":"https:\/\/www.faserbeton.net\/pl\/wp-json\/wp\/v2\/pages\/8036\/revisions"}],"predecessor-version":[{"id":10999,"href":"https:\/\/www.faserbeton.net\/pl\/wp-json\/wp\/v2\/pages\/8036\/revisions\/10999"}],"up":[{"embeddable":true,"href":"https:\/\/www.faserbeton.net\/pl\/wp-json\/wp\/v2\/pages\/7686"}],"wp:attachment":[{"href":"https:\/\/www.faserbeton.net\/pl\/wp-json\/wp\/v2\/media?parent=8036"}],"curies":[{"name":"wp","href":"https:\/\/api.w.org\/{rel}","templated":true}]}}