{"id":8182,"date":"2019-02-06T06:43:33","date_gmt":"2019-02-06T05:43:33","guid":{"rendered":"https:\/\/www.faserbeton.net\/produkty\/nasze-podkladki-dystansowe-z-wloknobetonu\/distanziatore-singolo-a-tre-altezze\/"},"modified":"2025-03-31T08:47:17","modified_gmt":"2025-03-31T06:47:17","slug":"dystans-pojedynczy-w-trzech-rozmiarach","status":"publish","type":"page","link":"https:\/\/www.faserbeton.net\/pl\/produkty\/nasze-podkladki-dystansowe-z-wloknobetonu\/dystans-pojedynczy-w-trzech-rozmiarach\/","title":{"rendered":"Dystans pojedynczy w trzech rozmiarach"},"content":{"rendered":"\t\t<div data-elementor-type=\"wp-post\" data-elementor-id=\"8182\" class=\"elementor elementor-8182 elementor-4190\" data-elementor-settings=\"[]\">\n\t\t\t\t\t\t\t<div class=\"elementor-section-wrap\">\n\t\t\t\t\t\t\t<section class=\"elementor-section elementor-top-section elementor-element elementor-element-a5bfe26 elementor-section-height-min-height elementor-section-boxed elementor-section-height-default elementor-section-items-middle\" data-id=\"a5bfe26\" data-element_type=\"section\" data-settings=\"{&quot;background_background&quot;:&quot;classic&quot;}\">\n\t\t\t\t\t\t\t<div class=\"elementor-background-overlay\"><\/div>\n\t\t\t\t\t\t\t<div class=\"elementor-container elementor-column-gap-default\">\n\t\t\t\t\t<div class=\"elementor-column elementor-col-100 elementor-top-column elementor-element elementor-element-6faf726\" data-id=\"6faf726\" data-element_type=\"column\">\n\t\t\t<div class=\"elementor-widget-wrap\">\n\t\t\t\t\t\t\t\t\t<\/div>\n\t\t<\/div>\n\t\t\t\t\t\t\t<\/div>\n\t\t<\/section>\n\t\t\t\t<section class=\"elementor-section elementor-top-section elementor-element elementor-element-4b0b97e elementor-section-boxed elementor-section-height-default elementor-section-height-default\" data-id=\"4b0b97e\" data-element_type=\"section\" data-settings=\"{&quot;background_background&quot;:&quot;classic&quot;}\">\n\t\t\t\t\t\t<div class=\"elementor-container elementor-column-gap-default\">\n\t\t\t\t\t<div class=\"elementor-column elementor-col-100 elementor-top-column elementor-element elementor-element-e9907ba\" data-id=\"e9907ba\" data-element_type=\"column\">\n\t\t\t<div class=\"elementor-widget-wrap elementor-element-populated\">\n\t\t\t\t\t\t\t\t<div class=\"elementor-element elementor-element-570ca24 elementor-align-left elementor-widget elementor-widget-raven-breadcrumbs\" data-id=\"570ca24\" data-element_type=\"widget\" data-widget_type=\"raven-breadcrumbs.default\">\n\t\t\t\t<div class=\"elementor-widget-container\">\n\t\t\t<div class=\"raven-breadcrumbs raven-breadcrumbs-default\"><ol class=\"breadcrumb\">\t\t\t\t<li class=\"breadcrumb-item active\" aria-current=\"page\"><span>Home<\/span><\/li>\n\n\t\t\t\t<\/ol><\/div>\t\t<\/div>\n\t\t\t\t<\/div>\n\t\t\t\t\t<\/div>\n\t\t<\/div>\n\t\t\t\t\t\t\t<\/div>\n\t\t<\/section>\n\t\t\t\t<section class=\"elementor-section elementor-top-section elementor-element elementor-element-43be633 elementor-section-content-middle elementor-section-boxed elementor-section-height-default elementor-section-height-default\" data-id=\"43be633\" data-element_type=\"section\">\n\t\t\t\t\t\t<div class=\"elementor-container elementor-column-gap-default\">\n\t\t\t\t\t<div class=\"elementor-column elementor-col-50 elementor-top-column elementor-element elementor-element-7a2b945\" data-id=\"7a2b945\" data-element_type=\"column\">\n\t\t\t<div class=\"elementor-widget-wrap elementor-element-populated\">\n\t\t\t\t\t\t\t\t<section class=\"elementor-section elementor-inner-section elementor-element elementor-element-34085e1 elementor-section-content-middle elementor-section-boxed elementor-section-height-default elementor-section-height-default\" data-id=\"34085e1\" data-element_type=\"section\">\n\t\t\t\t\t\t<div class=\"elementor-container elementor-column-gap-default\">\n\t\t\t\t\t<div class=\"elementor-column elementor-col-50 elementor-inner-column elementor-element elementor-element-ed86714\" data-id=\"ed86714\" data-element_type=\"column\">\n\t\t\t<div class=\"elementor-widget-wrap elementor-element-populated\">\n\t\t\t\t\t\t\t\t<div class=\"elementor-element elementor-element-c5f68c3 elementor-widget-divider--view-line elementor-widget elementor-widget-divider\" data-id=\"c5f68c3\" data-element_type=\"widget\" data-widget_type=\"divider.default\">\n\t\t\t\t<div class=\"elementor-widget-container\">\n\t\t\t\t\t<div class=\"elementor-divider\">\n\t\t\t<span class=\"elementor-divider-separator\">\n\t\t\t\t\t\t<\/span>\n\t\t<\/div>\n\t\t\t\t<\/div>\n\t\t\t\t<\/div>\n\t\t\t\t\t<\/div>\n\t\t<\/div>\n\t\t\t\t<div class=\"elementor-column elementor-col-50 elementor-inner-column elementor-element elementor-element-45d0f6d\" data-id=\"45d0f6d\" data-element_type=\"column\">\n\t\t\t<div class=\"elementor-widget-wrap elementor-element-populated\">\n\t\t\t\t\t\t\t\t<div class=\"elementor-element elementor-element-bcfacc7 elementor-widget elementor-widget-text-editor\" data-id=\"bcfacc7\" data-element_type=\"widget\" data-widget_type=\"text-editor.default\">\n\t\t\t\t<div class=\"elementor-widget-container\">\n\t\t\t\t\t\t\t\t<p class=\"p1\">PRODUKTY<\/p>\t\t\t\t\t\t<\/div>\n\t\t\t\t<\/div>\n\t\t\t\t\t<\/div>\n\t\t<\/div>\n\t\t\t\t\t\t\t<\/div>\n\t\t<\/section>\n\t\t\t\t<div class=\"elementor-element elementor-element-b487309 elementor-align-left elementor-widget elementor-widget-raven-heading\" data-id=\"b487309\" data-element_type=\"widget\" data-widget_type=\"raven-heading.default\">\n\t\t\t\t<div class=\"elementor-widget-container\">\n\t\t\t\t\t<div class=\"raven-widget-wrapper\"><h2 class=\"raven-heading raven-heading-h2\"><span class=\"raven-heading-title\">Dystans pojedynczy w trzech rozmiarach<\/span><\/h2><\/div>\n\t\t\t\t<\/div>\n\t\t\t\t<\/div>\n\t\t\t\t<div class=\"elementor-element elementor-element-536e62b elementor-widget elementor-widget-text-editor\" data-id=\"536e62b\" data-element_type=\"widget\" data-widget_type=\"text-editor.default\">\n\t\t\t\t<div class=\"elementor-widget-container\">\n\t\t\t\t\t\t\t\t<p class=\"p1\">Element dystansowy wyt\u0142aczany pojedynczy w kszta\u0142cie litery K bez drutu<\/p>\t\t\t\t\t\t<\/div>\n\t\t\t\t<\/div>\n\t\t\t\t\t<\/div>\n\t\t<\/div>\n\t\t\t\t<div class=\"elementor-column elementor-col-50 elementor-top-column elementor-element elementor-element-1a7c314\" data-id=\"1a7c314\" data-element_type=\"column\">\n\t\t\t<div class=\"elementor-widget-wrap\">\n\t\t\t\t\t\t\t\t\t<\/div>\n\t\t<\/div>\n\t\t\t\t\t\t\t<\/div>\n\t\t<\/section>\n\t\t\t\t<section class=\"elementor-section elementor-top-section elementor-element elementor-element-1555ece elementor-section-boxed elementor-section-height-default elementor-section-height-default\" data-id=\"1555ece\" data-element_type=\"section\">\n\t\t\t\t\t\t<div class=\"elementor-container elementor-column-gap-default\">\n\t\t\t\t\t<div class=\"elementor-column elementor-col-33 elementor-top-column elementor-element elementor-element-d919480\" data-id=\"d919480\" data-element_type=\"column\">\n\t\t\t<div class=\"elementor-widget-wrap elementor-element-populated\">\n\t\t\t\t\t\t\t\t<div class=\"elementor-element elementor-element-a8bc0bb elementor-widget elementor-widget-image\" data-id=\"a8bc0bb\" data-element_type=\"widget\" data-widget_type=\"image.default\">\n\t\t\t\t<div class=\"elementor-widget-container\">\n\t\t\t\t\t\t\t\t\t\t\t\t\t\t\t<img loading=\"lazy\" decoding=\"async\" width=\"1000\" height=\"750\" src=\"https:\/\/www.faserbeton.net\/wp-content\/uploads\/2021\/05\/distanziatore_singolo_K.jpg\" class=\"attachment-full size-full\" alt=\"\" srcset=\"https:\/\/www.faserbeton.net\/wp-content\/uploads\/2021\/05\/distanziatore_singolo_K.jpg 1000w, https:\/\/www.faserbeton.net\/wp-content\/uploads\/2021\/05\/distanziatore_singolo_K-300x225.jpg 300w, https:\/\/www.faserbeton.net\/wp-content\/uploads\/2021\/05\/distanziatore_singolo_K-768x576.jpg 768w\" sizes=\"(max-width: 1000px) 100vw, 1000px\" \/>\t\t\t\t\t\t\t\t\t\t\t\t\t\t\t<\/div>\n\t\t\t\t<\/div>\n\t\t\t\t\t<\/div>\n\t\t<\/div>\n\t\t\t\t<div class=\"elementor-column elementor-col-33 elementor-top-column elementor-element elementor-element-d28280f\" data-id=\"d28280f\" data-element_type=\"column\">\n\t\t\t<div class=\"elementor-widget-wrap\">\n\t\t\t\t\t\t\t\t\t<\/div>\n\t\t<\/div>\n\t\t\t\t<div class=\"elementor-column elementor-col-33 elementor-top-column elementor-element elementor-element-3ad2bd9\" data-id=\"3ad2bd9\" data-element_type=\"column\">\n\t\t\t<div class=\"elementor-widget-wrap elementor-element-populated\">\n\t\t\t\t\t\t\t\t<div class=\"elementor-element elementor-element-12a499d elementor-widget elementor-widget-image\" data-id=\"12a499d\" data-element_type=\"widget\" data-widget_type=\"image.default\">\n\t\t\t\t<div class=\"elementor-widget-container\">\n\t\t\t\t\t\t\t\t\t\t\t\t\t\t\t<img loading=\"lazy\" decoding=\"async\" width=\"150\" height=\"150\" src=\"https:\/\/www.faserbeton.net\/wp-content\/uploads\/2021\/05\/FASERBETON_icone_prodotti_sito-11.jpg\" class=\"attachment-full size-full\" alt=\"\" \/>\t\t\t\t\t\t\t\t\t\t\t\t\t\t\t<\/div>\n\t\t\t\t<\/div>\n\t\t\t\t\t<\/div>\n\t\t<\/div>\n\t\t\t\t\t\t\t<\/div>\n\t\t<\/section>\n\t\t\t\t<section class=\"elementor-section elementor-top-section elementor-element elementor-element-5aac6e6 elementor-section-boxed elementor-section-height-default elementor-section-height-default\" data-id=\"5aac6e6\" data-element_type=\"section\">\n\t\t\t\t\t\t<div class=\"elementor-container elementor-column-gap-default\">\n\t\t\t\t\t<div class=\"elementor-column elementor-col-100 elementor-top-column elementor-element elementor-element-04be4e2\" data-id=\"04be4e2\" data-element_type=\"column\">\n\t\t\t<div class=\"elementor-widget-wrap elementor-element-populated\">\n\t\t\t\t\t\t\t\t<div class=\"elementor-element elementor-element-4c57321 elementor-widget elementor-widget-text-editor\" data-id=\"4c57321\" data-element_type=\"widget\" data-widget_type=\"text-editor.default\">\n\t\t\t\t<div class=\"elementor-widget-container\">\n\t\t\t\t\t\t\t\t<table border=\"0\" cellspacing=\"0\"><colgroup width=\"165\"><\/colgroup> <colgroup width=\"123\"><\/colgroup> <colgroup width=\"167\"><\/colgroup> <colgroup width=\"263\"><\/colgroup> <colgroup width=\"192\"><\/colgroup> <colgroup width=\"170\"><\/colgroup> <colgroup width=\"157\"><\/colgroup><tbody><tr><td align=\"center\" valign=\"middle\" bgcolor=\"#9E9FA2\" height=\"20\"><b><span style=\"color: #ffffff;\">Kod<\/span><\/b><\/td><td align=\"center\" valign=\"middle\" bgcolor=\"#9E9FA2\"><b><span style=\"color: #ffffff;\">Otulina betonowa<\/span><\/b><\/td><td align=\"center\" valign=\"middle\" bgcolor=\"#9E9FA2\"><b><span style=\"color: #ffffff;\">Sztuk na palecie<\/span><\/b><\/td><td align=\"center\" valign=\"middle\" bgcolor=\"#9E9FA2\"><b><span style=\"color: #ffffff;\">Waga sztuki (KG)<\/span><\/b><\/td><td align=\"center\" valign=\"middle\" bgcolor=\"#9E9FA2\"><b><span style=\"color: #ffffff;\"> Waga palety (KG) <\/span><\/b><\/td><td align=\"center\" valign=\"middle\" bgcolor=\"#9E9FA2\"><b><span style=\"color: #ffffff;\">Ilo\u015b\u0107 sztuk w worku<\/span><\/b><\/td><td align=\"center\" valign=\"middle\" bgcolor=\"#9E9FA2\"><b><span style=\"color: #ffffff;\">Worki na palet\u0119<\/span><\/b><\/td><\/tr><tr><td align=\"center\" height=\"20\">K20\/25\/30<\/td><td align=\"center\">20-25-30<\/td><td align=\"center\">25000<\/td><td align=\"center\">0,040<\/td><td align=\"center\">1020<\/td><td align=\"center\">500<\/td><td align=\"center\">50<\/td><\/tr><tr><td align=\"center\" bgcolor=\"#F2F2F2\" height=\"20\">K35\/40\/50<\/td><td align=\"center\" bgcolor=\"#F2F2F2\">35-40-50<\/td><td align=\"center\" bgcolor=\"#F2F2F2\">10000<\/td><td align=\"center\" bgcolor=\"#F2F2F2\">0,092<\/td><td align=\"center\" bgcolor=\"#F2F2F2\">940<\/td><td align=\"center\" bgcolor=\"#F2F2F2\">250<\/td><td align=\"center\" bgcolor=\"#F2F2F2\">40<\/td><\/tr><tr><td align=\"center\" height=\"20\">K45\/55\/60<\/td><td align=\"center\">45-55-60<\/td><td align=\"center\">5000<\/td><td align=\"center\">0,200<\/td><td align=\"center\">1020<\/td><td align=\"center\">125<\/td><td align=\"center\">40<\/td><\/tr><tr><td align=\"center\" height=\"20\">K50\/60\/70<\/td><td align=\"center\">50-60-70<\/td><td align=\"center\">4000<\/td><td align=\"center\">0,230<\/td><td align=\"center\">940<\/td><td align=\"center\">100<\/td><td align=\"center\">40<\/td><\/tr><\/tbody><\/table>\t\t\t\t\t\t<\/div>\n\t\t\t\t<\/div>\n\t\t\t\t\t<\/div>\n\t\t<\/div>\n\t\t\t\t\t\t\t<\/div>\n\t\t<\/section>\n\t\t\t\t<section class=\"elementor-section elementor-top-section elementor-element elementor-element-f8ec9aa elementor-section-boxed elementor-section-height-default elementor-section-height-default\" data-id=\"f8ec9aa\" data-element_type=\"section\">\n\t\t\t\t\t\t<div class=\"elementor-container elementor-column-gap-default\">\n\t\t\t\t\t<div class=\"elementor-column elementor-col-100 elementor-top-column elementor-element elementor-element-bbe5a3b\" data-id=\"bbe5a3b\" data-element_type=\"column\">\n\t\t\t<div class=\"elementor-widget-wrap elementor-element-populated\">\n\t\t\t\t\t\t\t\t<div class=\"elementor-element elementor-element-4229bc6 elementor-widget elementor-widget-text-editor\" data-id=\"4229bc6\" data-element_type=\"widget\" data-widget_type=\"text-editor.default\">\n\t\t\t\t<div class=\"elementor-widget-container\">\n\t\t\t\t\t\t\t\t<p class=\"p1\">Uwagi<\/p>\t\t\t\t\t\t<\/div>\n\t\t\t\t<\/div>\n\t\t\t\t<div class=\"elementor-element elementor-element-fc5b9a0 elementor-widget elementor-widget-text-editor\" data-id=\"fc5b9a0\" data-element_type=\"widget\" data-widget_type=\"text-editor.default\">\n\t\t\t\t<div class=\"elementor-widget-container\">\n\t\t\t\t\t\t\t\t<ul><li class=\"p1\">Nadaje si\u0119 do wszystkich rodzaj\u00f3w zbrojenia<\/li><li class=\"p1\">3 betonowe otuliny w zale\u017cno\u015bci od pozycji<\/li><\/ul>\t\t\t\t\t\t<\/div>\n\t\t\t\t<\/div>\n\t\t\t\t\t<\/div>\n\t\t<\/div>\n\t\t\t\t\t\t\t<\/div>\n\t\t<\/section>\n\t\t\t\t\t\t<\/div>\n\t\t\t\t\t<\/div>\n\t\t","protected":false},"excerpt":{"rendered":"<p>Home PRODUKTY Dystans pojedynczy w trzech rozmiarach Element dystansowy wyt\u0142aczany pojedynczy w kszta\u0142cie litery K bez drutu Kod Otulina betonowa Sztuk na palecie Waga sztuki (KG) Waga palety (KG) Ilo\u015b\u0107 sztuk w worku Worki na palet\u0119 K20\/25\/30 20-25-30 25000 0,040 1020 500 50 K35\/40\/50 35-40-50 10000 0,092 940 250 40 K45\/55\/60 45-55-60 5000 0,200 1020 [&hellip;]<\/p>\n","protected":false},"author":2,"featured_media":0,"parent":7686,"menu_order":0,"comment_status":"closed","ping_status":"closed","template":"elementor_header_footer","meta":{"_acf_changed":false,"footnotes":""},"acf":[],"_links":{"self":[{"href":"https:\/\/www.faserbeton.net\/pl\/wp-json\/wp\/v2\/pages\/8182"}],"collection":[{"href":"https:\/\/www.faserbeton.net\/pl\/wp-json\/wp\/v2\/pages"}],"about":[{"href":"https:\/\/www.faserbeton.net\/pl\/wp-json\/wp\/v2\/types\/page"}],"author":[{"embeddable":true,"href":"https:\/\/www.faserbeton.net\/pl\/wp-json\/wp\/v2\/users\/2"}],"replies":[{"embeddable":true,"href":"https:\/\/www.faserbeton.net\/pl\/wp-json\/wp\/v2\/comments?post=8182"}],"version-history":[{"count":24,"href":"https:\/\/www.faserbeton.net\/pl\/wp-json\/wp\/v2\/pages\/8182\/revisions"}],"predecessor-version":[{"id":10951,"href":"https:\/\/www.faserbeton.net\/pl\/wp-json\/wp\/v2\/pages\/8182\/revisions\/10951"}],"up":[{"embeddable":true,"href":"https:\/\/www.faserbeton.net\/pl\/wp-json\/wp\/v2\/pages\/7686"}],"wp:attachment":[{"href":"https:\/\/www.faserbeton.net\/pl\/wp-json\/wp\/v2\/media?parent=8182"}],"curies":[{"name":"wp","href":"https:\/\/api.w.org\/{rel}","templated":true}]}}