{"id":8497,"date":"2019-02-06T06:42:33","date_gmt":"2019-02-06T05:42:33","guid":{"rendered":"https:\/\/www.faserbeton.net\/privacy-policy\/"},"modified":"2021-10-25T09:35:42","modified_gmt":"2021-10-25T07:35:42","slug":"privacy-policy","status":"publish","type":"page","link":"https:\/\/www.faserbeton.net\/pl\/privacy-policy\/","title":{"rendered":"Privacy Policy"},"content":{"rendered":"\t\t<div data-elementor-type=\"wp-post\" data-elementor-id=\"8497\" class=\"elementor elementor-8497 elementor-7709\" data-elementor-settings=\"[]\">\n\t\t\t\t\t\t\t<div class=\"elementor-section-wrap\">\n\t\t\t\t\t\t\t<section class=\"elementor-section elementor-top-section elementor-element elementor-element-336c75d elementor-section-height-min-height elementor-section-boxed elementor-section-height-default elementor-section-items-middle\" data-id=\"336c75d\" data-element_type=\"section\" data-settings=\"{&quot;background_background&quot;:&quot;classic&quot;}\">\n\t\t\t\t\t\t\t<div class=\"elementor-background-overlay\"><\/div>\n\t\t\t\t\t\t\t<div class=\"elementor-container elementor-column-gap-default\">\n\t\t\t\t\t<div class=\"elementor-column elementor-col-100 elementor-top-column elementor-element elementor-element-a2a04ec\" data-id=\"a2a04ec\" data-element_type=\"column\">\n\t\t\t<div class=\"elementor-widget-wrap\">\n\t\t\t\t\t\t\t\t\t<\/div>\n\t\t<\/div>\n\t\t\t\t\t\t\t<\/div>\n\t\t<\/section>\n\t\t\t\t<section class=\"elementor-section elementor-top-section elementor-element elementor-element-992afa7 elementor-section-full_width elementor-section-height-default elementor-section-height-default\" data-id=\"992afa7\" data-element_type=\"section\" data-settings=\"{&quot;background_background&quot;:&quot;classic&quot;}\">\n\t\t\t\t\t\t<div class=\"elementor-container elementor-column-gap-no\">\n\t\t\t\t\t<div class=\"elementor-column elementor-col-50 elementor-top-column elementor-element elementor-element-e35abaa\" data-id=\"e35abaa\" data-element_type=\"column\" data-settings=\"{&quot;background_background&quot;:&quot;classic&quot;}\">\n\t\t\t<div class=\"elementor-widget-wrap elementor-element-populated\">\n\t\t\t\t\t\t\t\t<div class=\"elementor-element elementor-element-b4e4f4b elementor-widget elementor-widget-spacer\" data-id=\"b4e4f4b\" data-element_type=\"widget\" data-widget_type=\"spacer.default\">\n\t\t\t\t<div class=\"elementor-widget-container\">\n\t\t\t\t\t<div class=\"elementor-spacer\">\n\t\t\t<div class=\"elementor-spacer-inner\"><\/div>\n\t\t<\/div>\n\t\t\t\t<\/div>\n\t\t\t\t<\/div>\n\t\t\t\t<section class=\"elementor-section elementor-inner-section elementor-element elementor-element-2a117e9 elementor-section-boxed elementor-section-height-default elementor-section-height-default\" data-id=\"2a117e9\" data-element_type=\"section\">\n\t\t\t\t\t\t<div class=\"elementor-container elementor-column-gap-default\">\n\t\t\t\t\t<div class=\"elementor-column elementor-col-50 elementor-inner-column elementor-element elementor-element-7be480d\" data-id=\"7be480d\" data-element_type=\"column\">\n\t\t\t<div class=\"elementor-widget-wrap\">\n\t\t\t\t\t\t\t\t\t<\/div>\n\t\t<\/div>\n\t\t\t\t<div class=\"elementor-column elementor-col-50 elementor-inner-column elementor-element elementor-element-b5a71b8\" data-id=\"b5a71b8\" data-element_type=\"column\">\n\t\t\t<div class=\"elementor-widget-wrap elementor-element-populated\">\n\t\t\t\t\t\t\t\t<div class=\"elementor-element elementor-element-5754d67 elementor-mobile-align-center elementor-align-left elementor-widget elementor-widget-raven-heading\" data-id=\"5754d67\" data-element_type=\"widget\" data-widget_type=\"raven-heading.default\">\n\t\t\t\t<div class=\"elementor-widget-container\">\n\t\t\t\t\t<div class=\"raven-widget-wrapper\"><h1 class=\"raven-heading raven-heading-h1\"><span class=\"raven-heading-title\">Privacy Policy<\/span><\/h1><\/div>\n\t\t\t\t<\/div>\n\t\t\t\t<\/div>\n\t\t\t\t\t<\/div>\n\t\t<\/div>\n\t\t\t\t\t\t\t<\/div>\n\t\t<\/section>\n\t\t\t\t<div class=\"elementor-element elementor-element-0679ca9 elementor-widget elementor-widget-spacer\" data-id=\"0679ca9\" data-element_type=\"widget\" data-widget_type=\"spacer.default\">\n\t\t\t\t<div class=\"elementor-widget-container\">\n\t\t\t\t\t<div class=\"elementor-spacer\">\n\t\t\t<div class=\"elementor-spacer-inner\"><\/div>\n\t\t<\/div>\n\t\t\t\t<\/div>\n\t\t\t\t<\/div>\n\t\t\t\t\t<\/div>\n\t\t<\/div>\n\t\t\t\t<div class=\"elementor-column elementor-col-50 elementor-top-column elementor-element elementor-element-1845a29\" data-id=\"1845a29\" data-element_type=\"column\">\n\t\t\t<div class=\"elementor-widget-wrap\">\n\t\t\t\t\t\t\t\t\t<\/div>\n\t\t<\/div>\n\t\t\t\t\t\t\t<\/div>\n\t\t<\/section>\n\t\t\t\t<section class=\"elementor-section elementor-top-section elementor-element elementor-element-61f42af elementor-section-boxed elementor-section-height-default elementor-section-height-default\" data-id=\"61f42af\" data-element_type=\"section\">\n\t\t\t\t\t\t<div class=\"elementor-container elementor-column-gap-default\">\n\t\t\t\t\t\t\t\t<\/div>\n\t\t<\/section>\n\t\t\t\t<section class=\"elementor-section elementor-top-section elementor-element elementor-element-6651d95 elementor-section-boxed elementor-section-height-default elementor-section-height-default\" data-id=\"6651d95\" data-element_type=\"section\" data-settings=\"{&quot;background_background&quot;:&quot;classic&quot;}\">\n\t\t\t\t\t\t<div class=\"elementor-container elementor-column-gap-default\">\n\t\t\t\t\t<div class=\"elementor-column elementor-col-100 elementor-top-column elementor-element elementor-element-0584e46\" data-id=\"0584e46\" data-element_type=\"column\">\n\t\t\t<div class=\"elementor-widget-wrap elementor-element-populated\">\n\t\t\t\t\t\t\t\t<section class=\"elementor-section elementor-inner-section elementor-element elementor-element-155a825 elementor-section-boxed elementor-section-height-default elementor-section-height-default\" data-id=\"155a825\" data-element_type=\"section\">\n\t\t\t\t\t\t<div class=\"elementor-container elementor-column-gap-default\">\n\t\t\t\t\t<div class=\"elementor-column elementor-col-100 elementor-inner-column elementor-element elementor-element-116f8b7\" data-id=\"116f8b7\" data-element_type=\"column\">\n\t\t\t<div class=\"elementor-widget-wrap elementor-element-populated\">\n\t\t\t\t\t\t\t\t<div class=\"elementor-element elementor-element-c185d0d elementor-mobile-align-left elementor-align-left elementor-widget elementor-widget-raven-heading\" data-id=\"c185d0d\" data-element_type=\"widget\" data-widget_type=\"raven-heading.default\">\n\t\t\t\t<div class=\"elementor-widget-container\">\n\t\t\t\t\t<div class=\"raven-widget-wrapper\"><h2 class=\"raven-heading raven-heading-h2\"><span class=\"raven-heading-title\">INFORMACJA O PRZETWARZANIU DANYCH OSOBOWYCH<\/span><\/h2><\/div>\n\t\t\t\t<\/div>\n\t\t\t\t<\/div>\n\t\t\t\t\t<\/div>\n\t\t<\/div>\n\t\t\t\t\t\t\t<\/div>\n\t\t<\/section>\n\t\t\t\t<section class=\"elementor-section elementor-inner-section elementor-element elementor-element-69f2abf elementor-section-boxed elementor-section-height-default elementor-section-height-default\" data-id=\"69f2abf\" data-element_type=\"section\">\n\t\t\t\t\t\t<div class=\"elementor-container elementor-column-gap-default\">\n\t\t\t\t\t<div class=\"elementor-column elementor-col-100 elementor-inner-column elementor-element elementor-element-9ca561f\" data-id=\"9ca561f\" data-element_type=\"column\">\n\t\t\t<div class=\"elementor-widget-wrap elementor-element-populated\">\n\t\t\t\t\t\t\t\t<div class=\"elementor-element elementor-element-aa487b3 elementor-widget elementor-widget-text-editor\" data-id=\"aa487b3\" data-element_type=\"widget\" data-widget_type=\"text-editor.default\">\n\t\t\t\t<div class=\"elementor-widget-container\">\n\t\t\t\t\t\t\t\t<p class=\"p1\">Faserbeton srl., z siedzib\u0105 w Tarzo in loc. Molino di Fratta 19, jako w\u0142a\u015bciciel przetwarzania danych osobowych, udost\u0119pnia te informacje zainteresowanej stronie zgodnie z europejskimi i w\u0142oskimi przepisami dotycz\u0105cymi ochrony danych osobowych.<\/p><p class=\"p1\">Informacje te zawieraj\u0105 zasady dotycz\u0105ce przegl\u0105dania strony internetowej, aby obja\u015bni\u0107 U\u017cytkownikowi, w jaki spos\u00f3b Administrator danych b\u0119dzie konkretnie przetwarza\u0142 dane wprowadzone w tym formularzu kontaktowym: dlatego zach\u0119camy do zapoznania si\u0119 z nasz\u0105 og\u00f3ln\u0105 polityk\u0105 prywatno\u015bci.<\/p><p class=\"p1\"><span class=\"s1\"><b>Cel i podstawa prawna przetwarzania<\/b><\/span><\/p><p class=\"p1\">Je\u015bli subskrybujesz t\u0119 us\u0142ug\u0119, Faserbeton srl b\u0119dzie przetwarza\u0142 dane osobowe zebrane w celu wysy\u0142ania poczt\u0105 elektroniczn\u0105 biuletynu zawieraj\u0105cego informacje o swoich produktach lub us\u0142ugach, a tak\u017ce promocje lub zaproszenia na wydarzenia, w kt\u00f3rych b\u0119dzie uczestniczy\u0142. Podstaw\u0105 prawn\u0105 jest konieczno\u015b\u0107 realizacji tego celu.<\/p><p class=\"p1\"><span class=\"s1\"><b>Okres przechowywania danych<\/b><\/span><\/p><p class=\"p1\">Administrator danych b\u0119dzie przetwarza\u0142 dane do czasu zako\u0144czenia \u015bwiadczenia us\u0142ugi lub ka\u017cdego \u017c\u0105dania rezygnacji z subskrypcji, w ka\u017cdym przypadku przez 24 miesi\u0105ce od ostatniej komunikacji.<\/p><p class=\"p1\"><span class=\"s1\"><b>Podanie danych i konsekwencje w przypadku odmowy<\/b><\/span><\/p><p class=\"p1\">Podanie danych jest dobrowolne, ale odmowa ich przekazania uniemo\u017cliwia subskrypcj\u0119 tej us\u0142ugi.<\/p><p class=\"p1\"><span class=\"s1\"><b>Zakres przekazywania danych i kategorie odbiorc\u00f3w<\/b><\/span><\/p><p class=\"p1\">Administrator danych nie ujawni danych, kt\u00f3re zostan\u0105 przekazane wy\u0142\u0105cznie osobom wewn\u0119trznym upowa\u017cnionym do przetwarzania zgodnie z ich obowi\u0105zkami, a tak\u017ce specjalistom, firmom lub innym stronom trzecim, kt\u00f3re wykonuj\u0105 dzia\u0142ania zlecone na zewn\u0105trz i kt\u00f3re w zwi\u0105zku z tym s\u0105 wyznaczone jako podmioty przetwarzaj\u0105ce dane na podstawie okre\u015blonej umowy lub innego aktu prawnego.<\/p><p class=\"p1\"><span class=\"s1\"><b>Przekazywanie danych do pa\u0144stwa trzeciego i\/lub organizacji mi\u0119dzynarodowej<\/b><\/span><\/p><p class=\"p1\">Dane osobowe nie b\u0119d\u0105 przekazywane ani do pozaeuropejskich pa\u0144stw trzecich, ani do organizacji mi\u0119dzynarodowych.<\/p><p class=\"p1\"><span class=\"s1\"><b>Prawa zainteresowanych stron<\/b><\/span><\/p><p class=\"p1\">Zainteresowana strona ma prawo do rezygnacji z subskrypcji tej us\u0142ugi w dowolnym momencie, a tak\u017ce mo\u017ce zwr\u00f3ci\u0107 si\u0119 do Administratora danych o dost\u0119p do swoich danych osobowych i ich sprostowania, je\u015bli s\u0105 niedok\u0142adne, o ich usuni\u0119cie lub ograniczenie przetwarzania, je\u015bli spe\u0142nione s\u0105 warunki, a tak\u017ce o uzyskanie mo\u017cliwo\u015bci ich przenoszenia.<\/p><p class=\"p2\">Aby skorzysta\u0107 ze swoich praw, zainteresowana strona mo\u017ce napisa\u0107 do Administratora danych na nast\u0119puj\u0105cy adres: info@faserbeton.net.<\/p><p class=\"p2\">Zainteresowana strona ma r\u00f3wnie\u017c prawo wniesienia skargi do w\u0142a\u015bciwego organu nadzorczego, Gwaranta ochrony danych osobowych<a href=\"http:\/\/www.garanteprivacy.it\/\">(www.garanteprivacy.it).<\/a><\/p>\t\t\t\t\t\t<\/div>\n\t\t\t\t<\/div>\n\t\t\t\t\t<\/div>\n\t\t<\/div>\n\t\t\t\t\t\t\t<\/div>\n\t\t<\/section>\n\t\t\t\t\t<\/div>\n\t\t<\/div>\n\t\t\t\t\t\t\t<\/div>\n\t\t<\/section>\n\t\t\t\t<section class=\"elementor-section elementor-top-section elementor-element elementor-element-4eef0b1 non_visibile elementor-section-boxed elementor-section-height-default elementor-section-height-default\" data-id=\"4eef0b1\" data-element_type=\"section\">\n\t\t\t\t\t\t<div class=\"elementor-container elementor-column-gap-default\">\n\t\t\t\t\t<div class=\"elementor-column elementor-col-100 elementor-top-column elementor-element elementor-element-b0bf07b\" data-id=\"b0bf07b\" data-element_type=\"column\">\n\t\t\t<div class=\"elementor-widget-wrap elementor-element-populated\">\n\t\t\t\t\t\t\t\t<div class=\"elementor-element elementor-element-9dda614 elementor-widget elementor-widget-spacer\" data-id=\"9dda614\" data-element_type=\"widget\" data-widget_type=\"spacer.default\">\n\t\t\t\t<div class=\"elementor-widget-container\">\n\t\t\t\t\t<div class=\"elementor-spacer\">\n\t\t\t<div class=\"elementor-spacer-inner\"><\/div>\n\t\t<\/div>\n\t\t\t\t<\/div>\n\t\t\t\t<\/div>\n\t\t\t\t<section class=\"elementor-section elementor-inner-section elementor-element elementor-element-38a58f8 elementor-section-content-middle elementor-section-boxed elementor-section-height-default elementor-section-height-default\" data-id=\"38a58f8\" data-element_type=\"section\">\n\t\t\t\t\t\t<div class=\"elementor-container elementor-column-gap-no\">\n\t\t\t\t\t<div class=\"elementor-column elementor-col-50 elementor-inner-column elementor-element elementor-element-3556897\" data-id=\"3556897\" data-element_type=\"column\">\n\t\t\t<div class=\"elementor-widget-wrap elementor-element-populated\">\n\t\t\t\t\t\t\t\t<div class=\"elementor-element elementor-element-9165455 elementor-widget-divider--view-line elementor-widget elementor-widget-divider\" data-id=\"9165455\" data-element_type=\"widget\" data-widget_type=\"divider.default\">\n\t\t\t\t<div class=\"elementor-widget-container\">\n\t\t\t\t\t<div class=\"elementor-divider\">\n\t\t\t<span class=\"elementor-divider-separator\">\n\t\t\t\t\t\t<\/span>\n\t\t<\/div>\n\t\t\t\t<\/div>\n\t\t\t\t<\/div>\n\t\t\t\t\t<\/div>\n\t\t<\/div>\n\t\t\t\t<div class=\"elementor-column elementor-col-50 elementor-inner-column elementor-element elementor-element-67bd230\" data-id=\"67bd230\" data-element_type=\"column\">\n\t\t\t<div class=\"elementor-widget-wrap elementor-element-populated\">\n\t\t\t\t\t\t\t\t<div class=\"elementor-element elementor-element-8e358af elementor-widget elementor-widget-text-editor\" data-id=\"8e358af\" data-element_type=\"widget\" data-widget_type=\"text-editor.default\">\n\t\t\t\t<div class=\"elementor-widget-container\">\n\t\t\t\t\t\t\t\t<p>our partners<\/p>\t\t\t\t\t\t<\/div>\n\t\t\t\t<\/div>\n\t\t\t\t\t<\/div>\n\t\t<\/div>\n\t\t\t\t\t\t\t<\/div>\n\t\t<\/section>\n\t\t\t\t<section class=\"elementor-section elementor-inner-section elementor-element elementor-element-1f2569e elementor-section-boxed elementor-section-height-default elementor-section-height-default\" data-id=\"1f2569e\" data-element_type=\"section\">\n\t\t\t\t\t\t<div class=\"elementor-container elementor-column-gap-no\">\n\t\t\t\t\t<div class=\"elementor-column elementor-col-50 elementor-inner-column elementor-element elementor-element-30a7814\" data-id=\"30a7814\" data-element_type=\"column\">\n\t\t\t<div class=\"elementor-widget-wrap elementor-element-populated\">\n\t\t\t\t\t\t\t\t<div class=\"elementor-element elementor-element-caab35b elementor-align-left elementor-widget elementor-widget-raven-heading\" data-id=\"caab35b\" data-element_type=\"widget\" data-widget_type=\"raven-heading.default\">\n\t\t\t\t<div class=\"elementor-widget-container\">\n\t\t\t\t\t<div class=\"raven-widget-wrapper\"><h2 class=\"raven-heading raven-heading-h2\"><span class=\"raven-heading-title\">strategic partners<\/span><\/h2><\/div>\n\t\t\t\t<\/div>\n\t\t\t\t<\/div>\n\t\t\t\t\t<\/div>\n\t\t<\/div>\n\t\t\t\t<div class=\"elementor-column elementor-col-50 elementor-inner-column elementor-element elementor-element-17a3f5a\" data-id=\"17a3f5a\" data-element_type=\"column\">\n\t\t\t<div class=\"elementor-widget-wrap elementor-element-populated\">\n\t\t\t\t\t\t\t\t<div class=\"elementor-element elementor-element-d855d78 elementor-widget elementor-widget-text-editor\" data-id=\"d855d78\" data-element_type=\"widget\" data-widget_type=\"text-editor.default\">\n\t\t\t\t<div class=\"elementor-widget-container\">\n\t\t\t\t\t\t\t\t<p>Lorem ipsum is placeholder text commonly used in the graphic, print, and publishing<\/p>\t\t\t\t\t\t<\/div>\n\t\t\t\t<\/div>\n\t\t\t\t\t<\/div>\n\t\t<\/div>\n\t\t\t\t\t\t\t<\/div>\n\t\t<\/section>\n\t\t\t\t<div class=\"elementor-element elementor-element-ab5d39b elementor-widget elementor-widget-spacer\" data-id=\"ab5d39b\" data-element_type=\"widget\" data-widget_type=\"spacer.default\">\n\t\t\t\t<div class=\"elementor-widget-container\">\n\t\t\t\t\t<div class=\"elementor-spacer\">\n\t\t\t<div class=\"elementor-spacer-inner\"><\/div>\n\t\t<\/div>\n\t\t\t\t<\/div>\n\t\t\t\t<\/div>\n\t\t\t\t<div class=\"elementor-element elementor-element-5504753 elementor-widget elementor-widget-jet-brands\" data-id=\"5504753\" data-element_type=\"widget\" data-widget_type=\"jet-brands.default\">\n\t\t\t\t<div class=\"elementor-widget-container\">\n\t\t\t<div class=\"elementor-jet-brands jet-elements\"><div class=\"brands-wrap\">\n\t<div class=\"brands-list col-row\"><div class=\"brands-list__item col-desk-5 col-tab-5 col-mob-3\"><a class=\"brands-list__item-link\" href=\"#\"><div class=\"brands-list__item-img-wrap\"><img decoding=\"async\" src=\"https:\/\/jupiterx.artbees.net\/construction-engineering\/wp-content\/uploads\/sites\/212\/2019\/02\/brand-06.png\" alt=\"brand-06\" class=\"brands-list__item-img\" loading=\"lazy\"><\/div><\/a><\/div><div class=\"brands-list__item col-desk-5 col-tab-5 col-mob-3\"><a class=\"brands-list__item-link\" href=\"#\"><div class=\"brands-list__item-img-wrap\"><img decoding=\"async\" src=\"https:\/\/jupiterx.artbees.net\/construction-engineering\/wp-content\/uploads\/sites\/212\/2019\/02\/brand-07.png\" alt=\"brand-07\" class=\"brands-list__item-img\" loading=\"lazy\"><\/div><\/a><\/div><div class=\"brands-list__item col-desk-5 col-tab-5 col-mob-3\"><a class=\"brands-list__item-link\" href=\"#\"><div class=\"brands-list__item-img-wrap\"><img decoding=\"async\" src=\"https:\/\/jupiterx.artbees.net\/construction-engineering\/wp-content\/uploads\/sites\/212\/2019\/02\/brand-08.png\" alt=\"brand-08\" class=\"brands-list__item-img\" loading=\"lazy\"><\/div><\/a><\/div><div class=\"brands-list__item col-desk-5 col-tab-5 col-mob-3\"><a class=\"brands-list__item-link\" href=\"#\"><div class=\"brands-list__item-img-wrap\"><img decoding=\"async\" src=\"https:\/\/jupiterx.artbees.net\/construction-engineering\/wp-content\/uploads\/sites\/212\/2019\/02\/brand-09.png\" alt=\"brand-09\" class=\"brands-list__item-img\" loading=\"lazy\"><\/div><\/a><\/div><div class=\"brands-list__item col-desk-5 col-tab-5 col-mob-3\"><a class=\"brands-list__item-link\" href=\"#\"><div class=\"brands-list__item-img-wrap\"><img decoding=\"async\" src=\"https:\/\/jupiterx.artbees.net\/construction-engineering\/wp-content\/uploads\/sites\/212\/2019\/02\/brand-10.png\" alt=\"brand-10\" class=\"brands-list__item-img\" loading=\"lazy\"><\/div><\/a><\/div><\/div><\/div><\/div>\t\t<\/div>\n\t\t\t\t<\/div>\n\t\t\t\t<div class=\"elementor-element elementor-element-caf7796 elementor-widget elementor-widget-spacer\" data-id=\"caf7796\" data-element_type=\"widget\" data-widget_type=\"spacer.default\">\n\t\t\t\t<div class=\"elementor-widget-container\">\n\t\t\t\t\t<div class=\"elementor-spacer\">\n\t\t\t<div class=\"elementor-spacer-inner\"><\/div>\n\t\t<\/div>\n\t\t\t\t<\/div>\n\t\t\t\t<\/div>\n\t\t\t\t\t<\/div>\n\t\t<\/div>\n\t\t\t\t\t\t\t<\/div>\n\t\t<\/section>\n\t\t\t\t<section class=\"elementor-section elementor-top-section elementor-element elementor-element-c2bfe44 elementor-section-height-min-height non_visibile elementor-section-boxed elementor-section-height-default elementor-section-items-middle\" data-id=\"c2bfe44\" data-element_type=\"section\" data-settings=\"{&quot;background_background&quot;:&quot;classic&quot;}\">\n\t\t\t\t\t\t\t<div class=\"elementor-background-overlay\"><\/div>\n\t\t\t\t\t\t\t<div class=\"elementor-container elementor-column-gap-default\">\n\t\t\t\t\t<div class=\"elementor-column elementor-col-100 elementor-top-column elementor-element elementor-element-2c96fd6\" data-id=\"2c96fd6\" data-element_type=\"column\">\n\t\t\t<div class=\"elementor-widget-wrap elementor-element-populated\">\n\t\t\t\t\t\t\t\t<div class=\"elementor-element elementor-element-5e3b4b6 elementor-widget elementor-widget-spacer\" data-id=\"5e3b4b6\" data-element_type=\"widget\" data-widget_type=\"spacer.default\">\n\t\t\t\t<div class=\"elementor-widget-container\">\n\t\t\t\t\t<div class=\"elementor-spacer\">\n\t\t\t<div class=\"elementor-spacer-inner\"><\/div>\n\t\t<\/div>\n\t\t\t\t<\/div>\n\t\t\t\t<\/div>\n\t\t\t\t<section class=\"elementor-section elementor-inner-section elementor-element elementor-element-265950a elementor-section-content-middle elementor-section-boxed elementor-section-height-default elementor-section-height-default\" data-id=\"265950a\" data-element_type=\"section\">\n\t\t\t\t\t\t<div class=\"elementor-container elementor-column-gap-no\">\n\t\t\t\t\t<div class=\"elementor-column elementor-col-50 elementor-inner-column elementor-element elementor-element-fb48cb0\" data-id=\"fb48cb0\" data-element_type=\"column\">\n\t\t\t<div class=\"elementor-widget-wrap elementor-element-populated\">\n\t\t\t\t\t\t\t\t<div class=\"elementor-element elementor-element-58f8990 elementor-widget-divider--view-line elementor-widget elementor-widget-divider\" data-id=\"58f8990\" data-element_type=\"widget\" data-widget_type=\"divider.default\">\n\t\t\t\t<div class=\"elementor-widget-container\">\n\t\t\t\t\t<div class=\"elementor-divider\">\n\t\t\t<span class=\"elementor-divider-separator\">\n\t\t\t\t\t\t<\/span>\n\t\t<\/div>\n\t\t\t\t<\/div>\n\t\t\t\t<\/div>\n\t\t\t\t\t<\/div>\n\t\t<\/div>\n\t\t\t\t<div class=\"elementor-column elementor-col-50 elementor-inner-column elementor-element elementor-element-d76460e\" data-id=\"d76460e\" data-element_type=\"column\">\n\t\t\t<div class=\"elementor-widget-wrap elementor-element-populated\">\n\t\t\t\t\t\t\t\t<div class=\"elementor-element elementor-element-2e527b4 elementor-widget elementor-widget-text-editor\" data-id=\"2e527b4\" data-element_type=\"widget\" data-widget_type=\"text-editor.default\">\n\t\t\t\t<div class=\"elementor-widget-container\">\n\t\t\t\t\t\t\t\t<p>our blog<\/p>\t\t\t\t\t\t<\/div>\n\t\t\t\t<\/div>\n\t\t\t\t\t<\/div>\n\t\t<\/div>\n\t\t\t\t\t\t\t<\/div>\n\t\t<\/section>\n\t\t\t\t<section class=\"elementor-section elementor-inner-section elementor-element elementor-element-ba37808 elementor-section-boxed elementor-section-height-default elementor-section-height-default\" data-id=\"ba37808\" data-element_type=\"section\">\n\t\t\t\t\t\t<div class=\"elementor-container elementor-column-gap-no\">\n\t\t\t\t\t<div class=\"elementor-column elementor-col-50 elementor-inner-column elementor-element elementor-element-3af1155\" data-id=\"3af1155\" data-element_type=\"column\">\n\t\t\t<div class=\"elementor-widget-wrap elementor-element-populated\">\n\t\t\t\t\t\t\t\t<div class=\"elementor-element elementor-element-4dd0999 elementor-align-left elementor-widget elementor-widget-raven-heading\" data-id=\"4dd0999\" data-element_type=\"widget\" data-widget_type=\"raven-heading.default\">\n\t\t\t\t<div class=\"elementor-widget-container\">\n\t\t\t\t\t<div class=\"raven-widget-wrapper\"><h2 class=\"raven-heading raven-heading-h2\"><span class=\"raven-heading-title\">what's news<\/span><\/h2><\/div>\n\t\t\t\t<\/div>\n\t\t\t\t<\/div>\n\t\t\t\t\t<\/div>\n\t\t<\/div>\n\t\t\t\t<div class=\"elementor-column elementor-col-50 elementor-inner-column elementor-element elementor-element-8d859df\" data-id=\"8d859df\" data-element_type=\"column\">\n\t\t\t<div class=\"elementor-widget-wrap elementor-element-populated\">\n\t\t\t\t\t\t\t\t<div class=\"elementor-element elementor-element-b43068e elementor-widget elementor-widget-text-editor\" data-id=\"b43068e\" data-element_type=\"widget\" data-widget_type=\"text-editor.default\">\n\t\t\t\t<div class=\"elementor-widget-container\">\n\t\t\t\t\t\t\t\t<p>Lorem ipsum is placeholder text commonly used in the graphic, print, and publishing<\/p>\t\t\t\t\t\t<\/div>\n\t\t\t\t<\/div>\n\t\t\t\t\t<\/div>\n\t\t<\/div>\n\t\t\t\t\t\t\t<\/div>\n\t\t<\/section>\n\t\t\t\t<div class=\"elementor-element elementor-element-129fb85 elementor-widget elementor-widget-spacer\" data-id=\"129fb85\" data-element_type=\"widget\" data-widget_type=\"spacer.default\">\n\t\t\t\t<div class=\"elementor-widget-container\">\n\t\t\t\t\t<div class=\"elementor-spacer\">\n\t\t\t<div class=\"elementor-spacer-inner\"><\/div>\n\t\t<\/div>\n\t\t\t\t<\/div>\n\t\t\t\t<\/div>\n\t\t\t\t<div class=\"elementor-element elementor-element-c5feba4 elementor-widget elementor-widget-spacer\" data-id=\"c5feba4\" data-element_type=\"widget\" data-widget_type=\"spacer.default\">\n\t\t\t\t<div class=\"elementor-widget-container\">\n\t\t\t\t\t<div class=\"elementor-spacer\">\n\t\t\t<div class=\"elementor-spacer-inner\"><\/div>\n\t\t<\/div>\n\t\t\t\t<\/div>\n\t\t\t\t<\/div>\n\t\t\t\t\t<\/div>\n\t\t<\/div>\n\t\t\t\t\t\t\t<\/div>\n\t\t<\/section>\n\t\t\t\t\t\t<\/div>\n\t\t\t\t\t<\/div>\n\t\t","protected":false},"excerpt":{"rendered":"<p>Privacy Policy INFORMACJA O PRZETWARZANIU DANYCH OSOBOWYCH Faserbeton srl., z siedzib\u0105 w Tarzo in loc. Molino di Fratta 19, jako w\u0142a\u015bciciel przetwarzania danych osobowych, udost\u0119pnia te informacje zainteresowanej stronie zgodnie z europejskimi i w\u0142oskimi przepisami dotycz\u0105cymi ochrony danych osobowych. Informacje te zawieraj\u0105 zasady dotycz\u0105ce przegl\u0105dania strony internetowej, aby obja\u015bni\u0107 U\u017cytkownikowi, w jaki spos\u00f3b Administrator danych [&hellip;]<\/p>\n","protected":false},"author":2,"featured_media":6379,"parent":0,"menu_order":0,"comment_status":"closed","ping_status":"closed","template":"elementor_header_footer","meta":{"_acf_changed":false,"footnotes":""},"acf":[],"_links":{"self":[{"href":"https:\/\/www.faserbeton.net\/pl\/wp-json\/wp\/v2\/pages\/8497"}],"collection":[{"href":"https:\/\/www.faserbeton.net\/pl\/wp-json\/wp\/v2\/pages"}],"about":[{"href":"https:\/\/www.faserbeton.net\/pl\/wp-json\/wp\/v2\/types\/page"}],"author":[{"embeddable":true,"href":"https:\/\/www.faserbeton.net\/pl\/wp-json\/wp\/v2\/users\/2"}],"replies":[{"embeddable":true,"href":"https:\/\/www.faserbeton.net\/pl\/wp-json\/wp\/v2\/comments?post=8497"}],"version-history":[{"count":4,"href":"https:\/\/www.faserbeton.net\/pl\/wp-json\/wp\/v2\/pages\/8497\/revisions"}],"predecessor-version":[{"id":8508,"href":"https:\/\/www.faserbeton.net\/pl\/wp-json\/wp\/v2\/pages\/8497\/revisions\/8508"}],"wp:featuredmedia":[{"embeddable":true,"href":"https:\/\/www.faserbeton.net\/pl\/wp-json\/wp\/v2\/media\/6379"}],"wp:attachment":[{"href":"https:\/\/www.faserbeton.net\/pl\/wp-json\/wp\/v2\/media?parent=8497"}],"curies":[{"name":"wp","href":"https:\/\/api.w.org\/{rel}","templated":true}]}}